{"id":9190,"date":"2024-03-13T18:45:28","date_gmt":"2024-03-13T17:45:28","guid":{"rendered":"https:\/\/tremunpiercing.com\/?post_type=product&#038;p=9190"},"modified":"2026-04-14T13:33:39","modified_gmt":"2026-04-14T12:33:39","slug":"flower","status":"publish","type":"product","link":"https:\/\/tremunpiercing.com\/sk\/product\/flower\/","title":{"rendered":"Kvetina"},"content":{"rendered":"<p>Dodajte kvetinov\u00fa kr\u00e1su ak\u00e9muko\u013evek piercingu s kvetinov\u00fdm z\u00e1vitom od Shanga Jewellery. Tento \u00fa\u017easn\u00fd 14G k\u00fasok, vyroben\u00fd z luxusn\u00e9ho 18-kar\u00e1tov\u00e9ho \u017elt\u00e9ho zlata so \u017eiariv\u00fdmi zirk\u00f3nmi, zd\u00f4raz\u0148uje profesion\u00e1lnu kvalitu a nad\u010dasov\u00fa kr\u00e1su. Ka\u017ed\u00fd uhol zlo\u017eit\u00e9ho kvetinov\u00e9ho vzoru sa n\u00e1dherne leskne.<\/p>\n<p>Tento sofistikovan\u00fd vrchn\u00fd diel je vyroben\u00fd na piercing do ucha, chrupavky alebo labretu bez ak\u00fdchko\u013evek probl\u00e9mov s prisp\u00f4soben\u00edm aj estetikou. Kon\u0161trukcia s vn\u00fatorn\u00fdm z\u00e1vitom umo\u017e\u0148uje hladk\u00e9 uchytenie topu bez podr\u00e1\u017edenia, v\u010faka \u010domu m\u00e1 profesion\u00e1l aj klient istotu. Ka\u017ed\u00fd drahokam je bezpe\u010dne upevnen\u00fd pre trval\u00fd lesk a odolnos\u0165. Ak va\u0161e piercingov\u00e9 \u0161t\u00fadio kladie d\u00f4raz na kvalitu a estetiku, vrchn\u00e1k Flower je \u00fa\u017easnou vo\u013ebou, ktor\u00e1 ozdob\u00ed ka\u017ed\u00fd stojan na \u0161perky eleganciou a sofistikovanos\u0165ou.<\/p>","protected":false},"excerpt":{"rendered":"<ul>\n<li>Vrchn\u00e1 \u010das\u0165 so z\u00e1vitom<\/li>\n<li>Materi\u00e1l: \u017dlt\u00e9 zlato 18k<\/li>\n<li>Drahokam: Kubick\u00fd zirk\u00f3n<\/li>\n<li>Meradlo: 14G - 1,6 mm<\/li>\n<li>Kompatibiln\u00e9 s labyrintov\u00fdmi st\u013apikmi s vn\u00fatorn\u00fdm z\u00e1vitom 14G<\/li>\n<li>Zna\u010dka: Shanga Jewellery<\/li>\n<\/ul>","protected":false},"featured_media":9217,"comment_status":"closed","ping_status":"closed","template":"","meta":{"_acf_changed":false},"product_brand":[],"product_cat":[337,398],"product_tag":[187,188,189,205,206,212,190,183,213,184,207],"class_list":{"0":"post-9190","1":"product","2":"type-product","3":"status-publish","4":"has-post-thumbnail","6":"product_cat-gold-jewelry","7":"product_cat-shanga","8":"product_tag-conch","9":"product_tag-ear","10":"product_tag-helix","11":"product_tag-lobe","12":"product_tag-lobulo","13":"product_tag-medusa","14":"product_tag-oreja","15":"product_tag-perforacion","16":"product_tag-philtrum","17":"product_tag-piercing","18":"product_tag-tragus","20":"first","21":"instock","22":"taxable","23":"shipping-taxable","24":"purchasable","25":"product-type-simple"},"acf":[],"gallery_images":[29639,29640],"_links":{"self":[{"href":"https:\/\/tremunpiercing.com\/sk\/wp-json\/wp\/v2\/product\/9190","targetHints":{"allow":["GET"]}}],"collection":[{"href":"https:\/\/tremunpiercing.com\/sk\/wp-json\/wp\/v2\/product"}],"about":[{"href":"https:\/\/tremunpiercing.com\/sk\/wp-json\/wp\/v2\/types\/product"}],"replies":[{"embeddable":true,"href":"https:\/\/tremunpiercing.com\/sk\/wp-json\/wp\/v2\/comments?post=9190"}],"version-history":[{"count":1,"href":"https:\/\/tremunpiercing.com\/sk\/wp-json\/wp\/v2\/product\/9190\/revisions"}],"predecessor-version":[{"id":29644,"href":"https:\/\/tremunpiercing.com\/sk\/wp-json\/wp\/v2\/product\/9190\/revisions\/29644"}],"wp:featuredmedia":[{"embeddable":true,"href":"https:\/\/tremunpiercing.com\/sk\/wp-json\/wp\/v2\/media\/9217"}],"wp:attachment":[{"href":"https:\/\/tremunpiercing.com\/sk\/wp-json\/wp\/v2\/media?parent=9190"}],"wp:term":[{"taxonomy":"product_brand","embeddable":true,"href":"https:\/\/tremunpiercing.com\/sk\/wp-json\/wp\/v2\/product_brand?post=9190"},{"taxonomy":"product_cat","embeddable":true,"href":"https:\/\/tremunpiercing.com\/sk\/wp-json\/wp\/v2\/product_cat?post=9190"},{"taxonomy":"product_tag","embeddable":true,"href":"https:\/\/tremunpiercing.com\/sk\/wp-json\/wp\/v2\/product_tag?post=9190"}],"curies":[{"name":"wp","href":"https:\/\/api.w.org\/{rel}","templated":true}]}}