{"id":9194,"date":"2024-03-13T18:56:14","date_gmt":"2024-03-13T17:56:14","guid":{"rendered":"https:\/\/tremunpiercing.com\/?post_type=product&#038;p=9194"},"modified":"2026-04-20T10:14:14","modified_gmt":"2026-04-20T09:14:14","slug":"threadless-prong-set","status":"publish","type":"product","link":"https:\/\/tremunpiercing.com\/sk\/product\/threadless-prong-set\/","title":{"rendered":"Sada z\u00e1vitov bez z\u00e1vitov"},"content":{"rendered":"<p>S\u00faprava bez z\u00e1vitov od spolo\u010dnosti Shanga Jewellery predstavuje nad\u010dasov\u00fa kr\u00e1su v 18-kar\u00e1tovom \u017eltom alebo 18-kar\u00e1tovom bielom zlate. Nastavenie hrotov vyu\u017e\u00edva bezpe\u010dn\u00fd syst\u00e9m push-pin, ktor\u00fd sa hod\u00ed bu\u010f na 16G, alebo 14G bezz\u00e1vitov\u00e9 st\u013apiky labretov, v\u010faka \u010domu je ide\u00e1lny pre profesion\u00e1lnych piercerov aj predajcov \u0161perkov. Bezz\u00e1vitov\u00e1 s\u00faprava s hrotom sa pon\u00faka s r\u00f4znymi ve\u013ekos\u0165ami drahokamov od 2 mm do 3 mm.<\/p>\n<p>\u010cistotu a lesk t\u00fdchto drahokamov zais\u0165uj\u00fa vysokokvalitn\u00e9 zirk\u00f3ny, v\u010faka \u010domu sa perfektne hodia na ak\u00fdko\u013evek piercing. Nastavenie hrotov umo\u017e\u0148uje \u010do najv\u00e4\u010d\u0161\u00ed odraz svetla, tak\u017ee ka\u017ed\u00fd drahokam \u017eiari a \u017eiari jasom a kr\u00e1sou pre nosite\u013ea.<\/p>\n<p>S\u00faprava bez z\u00e1vitov je skon\u0161truovan\u00e1 pre dokonal\u00fa presnos\u0165 a pohodlie a je ide\u00e1lna pre nov\u00e9 a zahojen\u00e9 piercingy. S\u00faprava Threadless Prong Set je ob\u013e\u00faben\u00e1 pre svoju odolnos\u0165, jednoduch\u00e9 nastavenie a vynikaj\u00facu povrchov\u00fa \u00fapravu a je dostato\u010dne univerz\u00e1lna na piercing do nosa, ucha alebo pery.<\/p>","protected":false},"excerpt":{"rendered":"<ul>\n<li>Bez z\u00e1vitu - Push pin top<\/li>\n<li>Materi\u00e1l: \u017dlt\u00e9 zlato 18k - Biele zlato 18k<\/li>\n<li>Drahokam: Kubick\u00fd zirk\u00f3n<\/li>\n<li>Kompatibiln\u00fd s bezz\u00e1vitov\u00fdmi st\u013apikmi 16G a 14G<\/li>\n<li>Ve\u013ekos\u0165: 2 mm - 2,5 mm - 3 mm<\/li>\n<li>Zna\u010dka: Shanga Jewellery<\/li>\n<\/ul>","protected":false},"featured_media":12802,"comment_status":"closed","ping_status":"closed","template":"","meta":{"_acf_changed":false},"product_brand":[],"product_cat":[337,398],"product_tag":[187,188,189,205,206,212,190,183,213,184,207],"class_list":{"0":"post-9194","1":"product","2":"type-product","3":"status-publish","4":"has-post-thumbnail","6":"product_cat-gold-jewelry","7":"product_cat-shanga","8":"product_tag-conch","9":"product_tag-ear","10":"product_tag-helix","11":"product_tag-lobe","12":"product_tag-lobulo","13":"product_tag-medusa","14":"product_tag-oreja","15":"product_tag-perforacion","16":"product_tag-philtrum","17":"product_tag-piercing","18":"product_tag-tragus","20":"first","21":"instock","22":"taxable","23":"shipping-taxable","24":"purchasable","25":"product-type-variable"},"acf":[],"gallery_images":[12801,12942,12943],"_links":{"self":[{"href":"https:\/\/tremunpiercing.com\/sk\/wp-json\/wp\/v2\/product\/9194","targetHints":{"allow":["GET"]}}],"collection":[{"href":"https:\/\/tremunpiercing.com\/sk\/wp-json\/wp\/v2\/product"}],"about":[{"href":"https:\/\/tremunpiercing.com\/sk\/wp-json\/wp\/v2\/types\/product"}],"replies":[{"embeddable":true,"href":"https:\/\/tremunpiercing.com\/sk\/wp-json\/wp\/v2\/comments?post=9194"}],"version-history":[{"count":0,"href":"https:\/\/tremunpiercing.com\/sk\/wp-json\/wp\/v2\/product\/9194\/revisions"}],"wp:featuredmedia":[{"embeddable":true,"href":"https:\/\/tremunpiercing.com\/sk\/wp-json\/wp\/v2\/media\/12802"}],"wp:attachment":[{"href":"https:\/\/tremunpiercing.com\/sk\/wp-json\/wp\/v2\/media?parent=9194"}],"wp:term":[{"taxonomy":"product_brand","embeddable":true,"href":"https:\/\/tremunpiercing.com\/sk\/wp-json\/wp\/v2\/product_brand?post=9194"},{"taxonomy":"product_cat","embeddable":true,"href":"https:\/\/tremunpiercing.com\/sk\/wp-json\/wp\/v2\/product_cat?post=9194"},{"taxonomy":"product_tag","embeddable":true,"href":"https:\/\/tremunpiercing.com\/sk\/wp-json\/wp\/v2\/product_tag?post=9194"}],"curies":[{"name":"wp","href":"https:\/\/api.w.org\/{rel}","templated":true}]}}