{"id":9870,"date":"2024-07-15T16:49:11","date_gmt":"2024-07-15T15:49:11","guid":{"rendered":"https:\/\/tremunpiercing.com\/?post_type=product&#038;p=9870"},"modified":"2026-04-10T14:23:33","modified_gmt":"2026-04-10T13:23:33","slug":"marion","status":"publish","type":"product","link":"https:\/\/tremunpiercing.com\/sk\/product\/marion\/","title":{"rendered":"Marion"},"content":{"rendered":"<p>Piercingov\u00e9 \u0161perky Marion s\u00fa dokonalou kombin\u00e1ciou odolnosti a sofistikovanosti. Tento vrchn\u00fd diel s vn\u00fatorn\u00fdm z\u00e1vitom 16G, vyroben\u00fd z tit\u00e1nu F-136 implant\u00e1tovej kvality, umo\u017e\u0148uje bezpe\u010dn\u00e9, hypoalerg\u00e9nne nosenie na profesion\u00e1lne pou\u017eitie. Je navrhnut\u00fd s 5,7 mm zirk\u00f3nov\u00fdm drahokamom s br\u00fasen\u00fdm povrchom, ktor\u00fd maximalizuje iskru a vyzdvihuje to najlep\u0161ie z ka\u017ed\u00e9ho piercingu, a jeho ve\u013ekos\u0165 umo\u017e\u0148uje v\u0161estrann\u00e9 umiestnenie, pri\u010dom ob\u013e\u00faben\u00fdmi mo\u017enos\u0165ami s\u00fa piercingy do chrupavky, \u0161pir\u00e1ly a laloku.<\/p>\n<p>Vn\u00fatorn\u00e9 z\u00e1vity umo\u017e\u0148uj\u00fa hladk\u00e9 profesion\u00e1lne zavedenie s minim\u00e1lnym nepohodl\u00edm a podr\u00e1\u017eden\u00edm klienta. Marion poskytuje \u0161t\u00fdl aj funk\u010dnos\u0165 pre piercingov\u00e9 \u0161t\u00fadi\u00e1 a dod\u00e1vate\u013eov \u0161perkov, v\u010faka \u010domu je \u017eiadanou \u0161pi\u010dkovou polo\u017ekou v invent\u00e1ri. Pr\u00e9miov\u00e9 materi\u00e1ly spolu s nad\u010dasov\u00fdm dizajnom pon\u00fakaj\u00fa spokojn\u00e9 pou\u017e\u00edvanie pre piercerov aj klientov. Skvel\u00fd \u0161perk pre profesion\u00e1lov, ktor\u00ed chc\u00fa svojim klientom pon\u00faknu\u0165 \u0161t\u00fdlov\u00e9 a spo\u013eahliv\u00e9 telesn\u00e9 \u0161perky.<\/p>","protected":false},"excerpt":{"rendered":"<ul>\n<li>Vn\u00fatorn\u00e9 z\u00e1vity<\/li>\n<li>Materi\u00e1l: F-136<\/li>\n<li>Meradlo: 16G<\/li>\n<li>Drahokam: Kubick\u00fd zirk\u00f3n<\/li>\n<li>Ve\u013ekos\u0165: 5,7 mm<\/li>\n<\/ul>","protected":false},"featured_media":12404,"comment_status":"closed","ping_status":"closed","template":"","meta":{"_acf_changed":false},"product_brand":[],"product_cat":[340,343],"product_tag":[187,179,180,188,209,189,210,211,212,190,183,184,207],"class_list":{"0":"post-9870","1":"product","2":"type-product","3":"status-publish","4":"has-post-thumbnail","6":"product_cat-titanium-jewelry","7":"product_cat-tops-titanium-jewelry","8":"product_tag-conch","9":"product_tag-cristal","10":"product_tag-cz","11":"product_tag-ear","12":"product_tag-faux-rook","13":"product_tag-helix","14":"product_tag-labret","15":"product_tag-lip","16":"product_tag-medusa","17":"product_tag-oreja","18":"product_tag-perforacion","19":"product_tag-piercing","20":"product_tag-tragus","22":"first","23":"instock","24":"taxable","25":"shipping-taxable","26":"purchasable","27":"product-type-simple"},"acf":[],"gallery_images":[28223,28224],"_links":{"self":[{"href":"https:\/\/tremunpiercing.com\/sk\/wp-json\/wp\/v2\/product\/9870","targetHints":{"allow":["GET"]}}],"collection":[{"href":"https:\/\/tremunpiercing.com\/sk\/wp-json\/wp\/v2\/product"}],"about":[{"href":"https:\/\/tremunpiercing.com\/sk\/wp-json\/wp\/v2\/types\/product"}],"replies":[{"embeddable":true,"href":"https:\/\/tremunpiercing.com\/sk\/wp-json\/wp\/v2\/comments?post=9870"}],"version-history":[{"count":1,"href":"https:\/\/tremunpiercing.com\/sk\/wp-json\/wp\/v2\/product\/9870\/revisions"}],"predecessor-version":[{"id":28225,"href":"https:\/\/tremunpiercing.com\/sk\/wp-json\/wp\/v2\/product\/9870\/revisions\/28225"}],"wp:featuredmedia":[{"embeddable":true,"href":"https:\/\/tremunpiercing.com\/sk\/wp-json\/wp\/v2\/media\/12404"}],"wp:attachment":[{"href":"https:\/\/tremunpiercing.com\/sk\/wp-json\/wp\/v2\/media?parent=9870"}],"wp:term":[{"taxonomy":"product_brand","embeddable":true,"href":"https:\/\/tremunpiercing.com\/sk\/wp-json\/wp\/v2\/product_brand?post=9870"},{"taxonomy":"product_cat","embeddable":true,"href":"https:\/\/tremunpiercing.com\/sk\/wp-json\/wp\/v2\/product_cat?post=9870"},{"taxonomy":"product_tag","embeddable":true,"href":"https:\/\/tremunpiercing.com\/sk\/wp-json\/wp\/v2\/product_tag?post=9870"}],"curies":[{"name":"wp","href":"https:\/\/api.w.org\/{rel}","templated":true}]}}