{"id":10157,"date":"2024-08-22T15:05:05","date_gmt":"2024-08-22T14:05:05","guid":{"rendered":"https:\/\/tremunpiercing.com\/?post_type=product&#038;p=10157"},"modified":"2025-12-04T16:10:04","modified_gmt":"2025-12-04T15:10:04","slug":"venezia","status":"publish","type":"product","link":"https:\/\/tremunpiercing.com\/sl\/product\/venezia\/","title":{"rendered":"Venezia"},"content":{"rendered":"<p>Zgornji del brez navoja Venezia iz podjetja Shanga Jewellery je \u010dudovit dodatek k vsem piercingom in bo v va\u0161o \u0161katlico z nakitom zagotovo vnesel eleganco italijanskega navdiha. Pikapolonica Venezia je izdelana iz 18-karatnega rumenega zlata in ima osupljive kamne kubi\u010dne cirkonije. Venezia je na voljo v dveh velikostih: veliki (5,4 mm x 4 mm) in mali (3,9 mm x 2,9 mm), kar omogo\u010da, da se prilagodite svojemu okusu ali \u017eeleni postavitvi nakita. Varna klavzula z navojem zagotavlja varno in udobno prileganje tako za pirserja kot za stranko, hkrati pa omogo\u010da preprosto menjavo nakita. Vrh brez navoja Venezia je zdru\u017eljiv z breznivojskimi labelami 16G in 14G ter bo ustrezal razli\u010dnim piercingom, vklju\u010dno z ustnicami, u\u0161esi in nosnicami.<\/p>\n<p>Zaradi klasi\u010dne kombinacije zlata in kamnov je ta izdelek odli\u010den za studie, ki \u017eelijo imeti na zalogi vrhunski hipoalergeni nakit, ki bi ustrezal profesionalnim standardom. Zaradi razko\u0161ne obdelave in dobro izdelanega dizajna je Venezia \u010dudovit izdelek za prodajalce piercingov in strokovnjake, ki i\u0161\u010dejo fine zlate vr\u0161i\u010dke, ki bi jih stranke cenile.<\/p>","protected":false},"excerpt":{"rendered":"<ul>\n<li>Brez navoja - zgornji del z zati\u010dem<\/li>\n<li>Material: rumenega zlata 18k, nerjavni zati\u010d<\/li>\n<li>dragulj: Kubi\u010dni cirkonij<\/li>\n<li>Zdru\u017eljiv s 16G in 14G brez navoja<\/li>\n<li>Velikost: Velika 5,4 mm x 4 mm - Majhna 3,9 mm x 2,9 mm<\/li>\n<li>Blagovna znamka: Shanga Jewellery<\/li>\n<\/ul>","protected":false},"featured_media":10160,"comment_status":"closed","ping_status":"closed","template":"","meta":{"_acf_changed":false},"product_brand":[],"product_cat":[337,398],"product_tag":[187,188,189,205,206,212,190,183,213,184,207],"class_list":{"0":"post-10157","1":"product","2":"type-product","3":"status-publish","4":"has-post-thumbnail","6":"product_cat-gold-jewelry","7":"product_cat-shanga","8":"product_tag-conch","9":"product_tag-ear","10":"product_tag-helix","11":"product_tag-lobe","12":"product_tag-lobulo","13":"product_tag-medusa","14":"product_tag-oreja","15":"product_tag-perforacion","16":"product_tag-philtrum","17":"product_tag-piercing","18":"product_tag-tragus","20":"first","21":"instock","22":"taxable","23":"shipping-taxable","24":"product-type-variable"},"acf":[],"gallery_images":[],"_links":{"self":[{"href":"https:\/\/tremunpiercing.com\/sl\/wp-json\/wp\/v2\/product\/10157","targetHints":{"allow":["GET"]}}],"collection":[{"href":"https:\/\/tremunpiercing.com\/sl\/wp-json\/wp\/v2\/product"}],"about":[{"href":"https:\/\/tremunpiercing.com\/sl\/wp-json\/wp\/v2\/types\/product"}],"replies":[{"embeddable":true,"href":"https:\/\/tremunpiercing.com\/sl\/wp-json\/wp\/v2\/comments?post=10157"}],"version-history":[{"count":0,"href":"https:\/\/tremunpiercing.com\/sl\/wp-json\/wp\/v2\/product\/10157\/revisions"}],"wp:featuredmedia":[{"embeddable":true,"href":"https:\/\/tremunpiercing.com\/sl\/wp-json\/wp\/v2\/media\/10160"}],"wp:attachment":[{"href":"https:\/\/tremunpiercing.com\/sl\/wp-json\/wp\/v2\/media?parent=10157"}],"wp:term":[{"taxonomy":"product_brand","embeddable":true,"href":"https:\/\/tremunpiercing.com\/sl\/wp-json\/wp\/v2\/product_brand?post=10157"},{"taxonomy":"product_cat","embeddable":true,"href":"https:\/\/tremunpiercing.com\/sl\/wp-json\/wp\/v2\/product_cat?post=10157"},{"taxonomy":"product_tag","embeddable":true,"href":"https:\/\/tremunpiercing.com\/sl\/wp-json\/wp\/v2\/product_tag?post=10157"}],"curies":[{"name":"wp","href":"https:\/\/api.w.org\/{rel}","templated":true}]}}