{"id":10177,"date":"2024-08-22T20:26:05","date_gmt":"2024-08-22T19:26:05","guid":{"rendered":"https:\/\/tremunpiercing.com\/?post_type=product&#038;p=10177"},"modified":"2026-04-14T10:59:52","modified_gmt":"2026-04-14T09:59:52","slug":"baguette-with-bullets","status":"publish","type":"product","link":"https:\/\/tremunpiercing.com\/sl\/product\/baguette-with-bullets\/","title":{"rendered":"Bageta s kroglami"},"content":{"rendered":"<p>Baguette With Bullets podjetja Shanga Jewellery predstavlja eleganten in drzen dizajn vrhunskega nakita za telo. Vrh brez navoja je izdelan iz 18-karatnega rumenega zlata in je velik 2,9 mm x 6,9 mm, v sredini pa ima kristal kubi\u010dne cirkonije v obliki bagete. Vsaka stran nakita ima krogli\u010dne detajle za malce ostrine, hkrati pa je \u0161e vedno razko\u0161en nakit za telo. Zgornji del se prilega 16G ali 14G pritisnim sponkam za labret in ostaja profesionalne kakovosti. Namenjen je za nakit za helix, tragus, lobe ali nosnice in izpolnjuje \u017eeljo strank po nakitu, ki izstopa s stilom in prefinjenostjo.<\/p>\n<p>Kupci, ki \u017eelijo kupiti na debelo, bodo navdu\u0161eni nad kakovostjo izdelave tega nakita za telo in njegovim sodobnim slogom, ki dopolnjuje zbirke vseh oblikovalcev. Bageta s kroglami je natan\u010dna, vzdr\u017eljiva in ima napreden modni dizajn, zaradi \u010desar je primerna tako za studije kot za trgovce na drobno.<\/p>","protected":false},"excerpt":{"rendered":"<ul>\n<li>Vrh brez navoja - 25ga nerjavni zati\u010d<\/li>\n<li>Material: Rde\u010de zlato 18k<\/li>\n<li>Velikost: 2,9 mm x 6,9 mm<\/li>\n<li>dragulj: Kubi\u010dni cirkonij<\/li>\n<li>Zdru\u017eljiv z breznavojemnimi laboratoriji 16G in 14G<\/li>\n<li>Blagovna znamka: Shanga Jewellery<\/li>\n<\/ul>","protected":false},"featured_media":10178,"comment_status":"closed","ping_status":"closed","template":"","meta":{"_acf_changed":false},"product_brand":[],"product_cat":[337,398],"product_tag":[187,188,189,205,206,212,190,183,213,184,207],"class_list":{"0":"post-10177","1":"product","2":"type-product","3":"status-publish","4":"has-post-thumbnail","6":"product_cat-gold-jewelry","7":"product_cat-shanga","8":"product_tag-conch","9":"product_tag-ear","10":"product_tag-helix","11":"product_tag-lobe","12":"product_tag-lobulo","13":"product_tag-medusa","14":"product_tag-oreja","15":"product_tag-perforacion","16":"product_tag-philtrum","17":"product_tag-piercing","18":"product_tag-tragus","20":"first","21":"instock","22":"taxable","23":"shipping-taxable","24":"purchasable","25":"product-type-simple"},"acf":[],"gallery_images":[29617,29616],"_links":{"self":[{"href":"https:\/\/tremunpiercing.com\/sl\/wp-json\/wp\/v2\/product\/10177","targetHints":{"allow":["GET"]}}],"collection":[{"href":"https:\/\/tremunpiercing.com\/sl\/wp-json\/wp\/v2\/product"}],"about":[{"href":"https:\/\/tremunpiercing.com\/sl\/wp-json\/wp\/v2\/types\/product"}],"replies":[{"embeddable":true,"href":"https:\/\/tremunpiercing.com\/sl\/wp-json\/wp\/v2\/comments?post=10177"}],"version-history":[{"count":1,"href":"https:\/\/tremunpiercing.com\/sl\/wp-json\/wp\/v2\/product\/10177\/revisions"}],"predecessor-version":[{"id":28961,"href":"https:\/\/tremunpiercing.com\/sl\/wp-json\/wp\/v2\/product\/10177\/revisions\/28961"}],"wp:featuredmedia":[{"embeddable":true,"href":"https:\/\/tremunpiercing.com\/sl\/wp-json\/wp\/v2\/media\/10178"}],"wp:attachment":[{"href":"https:\/\/tremunpiercing.com\/sl\/wp-json\/wp\/v2\/media?parent=10177"}],"wp:term":[{"taxonomy":"product_brand","embeddable":true,"href":"https:\/\/tremunpiercing.com\/sl\/wp-json\/wp\/v2\/product_brand?post=10177"},{"taxonomy":"product_cat","embeddable":true,"href":"https:\/\/tremunpiercing.com\/sl\/wp-json\/wp\/v2\/product_cat?post=10177"},{"taxonomy":"product_tag","embeddable":true,"href":"https:\/\/tremunpiercing.com\/sl\/wp-json\/wp\/v2\/product_tag?post=10177"}],"curies":[{"name":"wp","href":"https:\/\/api.w.org\/{rel}","templated":true}]}}