{"id":12143,"date":"2024-11-11T02:55:54","date_gmt":"2024-11-11T01:55:54","guid":{"rendered":"https:\/\/tremunpiercing.com\/?post_type=product&#038;p=12143"},"modified":"2026-04-14T13:44:27","modified_gmt":"2026-04-14T12:44:27","slug":"karen-white-topaz","status":"publish","type":"product","link":"https:\/\/tremunpiercing.com\/sl\/product\/karen-white-topaz\/","title":{"rendered":"Karen Beli topaz"},"content":{"rendered":"<p>Nakit za prebadanje Karen White Topaz je zasnovan za tiste, ki cenijo sijaj in \u010distost svojih dragih kamnov. Ta kos je izdelan iz titana F-136 za vsadke, kar zagotavlja biokompatibilnost in trajnost na dolgi rok, zato si lahko ustvarite kos nakita, ki je varen za no\u0161enje. Izdelek ima zgornji del z notranjim navojnim gibanjem, zaradi \u010desar je nakit enostaven za namestitev in udobnej\u0161i za va\u0161e stranke med vbodom. Ta izdelek 16G ima dragulj 4 mm x 7 mm, ki pogumno prikazuje ble\u0161\u010de\u010do lepoto belega topaza, jasnega in lepega, tak\u0161nega, kot mora biti.<\/p>\n<p>Material iz titana je hipoalergeni, zato bi se tisti, ki so ob\u010dutljivi na kovino, morali po\u010dutiti udobno s Carrie White Topaz. Gre za vsestranski izdelek, ki ga lahko nosite v razli\u010dnih piercingih. Uporabite ga lahko v hrustancu ali lobanji ali kjer koli drugje, kjer imate strate\u0161ko name\u0161\u010dene luknjice. Karen White Topaz ima podcenjeno eleganco in profesionalno varnost. In \u010de ste lastnik piercing studia, je nakit za prebadanje Karen Topaz beli topaz odli\u010den dodatek za nakup na debelo, ki bo va\u0161im strankam v\u0161e\u010d, varen za telo in sijajen.<\/p>","protected":false},"excerpt":{"rendered":"<ul>\n<li>Z notranjim navojem<\/li>\n<li>Material: Titanium F-136<\/li>\n<li>Merilnik: 16G<\/li>\n<li>Velikost: 4 mm x 7 mm<\/li>\n<li>dragulj: Beli topaz<\/li>\n<\/ul>","protected":false},"featured_media":16437,"comment_status":"closed","ping_status":"closed","template":"","meta":{"_acf_changed":false},"product_brand":[],"product_cat":[340,343],"product_tag":[187,188,189,210,211,199,190,183,184],"class_list":{"0":"post-12143","1":"product","2":"type-product","3":"status-publish","4":"has-post-thumbnail","6":"product_cat-titanium-jewelry","7":"product_cat-tops-titanium-jewelry","8":"product_tag-conch","9":"product_tag-ear","10":"product_tag-helix","11":"product_tag-labret","12":"product_tag-lip","13":"product_tag-nostril","14":"product_tag-oreja","15":"product_tag-perforacion","16":"product_tag-piercing","18":"first","19":"instock","20":"taxable","21":"shipping-taxable","22":"purchasable","23":"product-type-simple"},"acf":[],"gallery_images":[28132,28133],"_links":{"self":[{"href":"https:\/\/tremunpiercing.com\/sl\/wp-json\/wp\/v2\/product\/12143","targetHints":{"allow":["GET"]}}],"collection":[{"href":"https:\/\/tremunpiercing.com\/sl\/wp-json\/wp\/v2\/product"}],"about":[{"href":"https:\/\/tremunpiercing.com\/sl\/wp-json\/wp\/v2\/types\/product"}],"replies":[{"embeddable":true,"href":"https:\/\/tremunpiercing.com\/sl\/wp-json\/wp\/v2\/comments?post=12143"}],"version-history":[{"count":1,"href":"https:\/\/tremunpiercing.com\/sl\/wp-json\/wp\/v2\/product\/12143\/revisions"}],"predecessor-version":[{"id":28134,"href":"https:\/\/tremunpiercing.com\/sl\/wp-json\/wp\/v2\/product\/12143\/revisions\/28134"}],"wp:featuredmedia":[{"embeddable":true,"href":"https:\/\/tremunpiercing.com\/sl\/wp-json\/wp\/v2\/media\/16437"}],"wp:attachment":[{"href":"https:\/\/tremunpiercing.com\/sl\/wp-json\/wp\/v2\/media?parent=12143"}],"wp:term":[{"taxonomy":"product_brand","embeddable":true,"href":"https:\/\/tremunpiercing.com\/sl\/wp-json\/wp\/v2\/product_brand?post=12143"},{"taxonomy":"product_cat","embeddable":true,"href":"https:\/\/tremunpiercing.com\/sl\/wp-json\/wp\/v2\/product_cat?post=12143"},{"taxonomy":"product_tag","embeddable":true,"href":"https:\/\/tremunpiercing.com\/sl\/wp-json\/wp\/v2\/product_tag?post=12143"}],"curies":[{"name":"wp","href":"https:\/\/api.w.org\/{rel}","templated":true}]}}