{"id":12162,"date":"2024-11-11T03:19:34","date_gmt":"2024-11-11T02:19:34","guid":{"rendered":"https:\/\/tremunpiercing.com\/?post_type=product&#038;p=12162"},"modified":"2026-03-26T12:58:04","modified_gmt":"2026-03-26T11:58:04","slug":"karen-green-aventurine","status":"publish","type":"product","link":"https:\/\/tremunpiercing.com\/sl\/product\/karen-green-aventurine\/","title":{"rendered":"Karen Zeleni avanturin"},"content":{"rendered":"<p>Nakit za prebadanje telesa Karen Green Aventurine je zasnovan za strokovnjake, ki cenijo slog in varen nakit za telo ter ga ponujajo svojim strankam. Izdelan je iz titana F-136, ki je primeren za vsadke, zato je zagotovljena njegova dolga \u017eivljenjska doba in biokompatibilnost (varen za dalj\u0161e obdobje). Za ta kos je zna\u010dilen del z notranjim navojem, ki omogo\u010da enostavno in varno namestitev ter malo dra\u017eenja med izvajanjem postopkov - enostavnost uporabe ni nikoli precenjena. V velikosti 16G, z izjemnim pove\u010danjem iz dragocenega kamna velikosti 4 mm x 7 mm, izkazuje bujne, pomirjujo\u010de zelene odtenke kamna aventurina.<\/p>\n<p>Kamen je znan po tem, da je na voljo kot udoben in uspe\u0161en kamen, zeleni slog aventurina pa omogo\u010da duhovit, naraven (vendar zavesten) videz za stranke, ki \u017eelijo eksperimentirati z dragimi kamni in energi\u010dnimi barvami, ki so \u017eivahne. Polirana podlaga iz titana je prijeten dotik, ki kontrastira in uokvirja \u017eivahen dragulj, glede na hipoalergene lastnosti smaragda pa se seveda lahko uporablja za ob\u010dutljiv nakit za telo. Odli\u010den za hrustanec, lobanje in druge piercinge, je kos Aaronovega zelenega avanturina nepogre\u0161ljiv v profesionalnih veleprodajnih zbirkah za piercing telesa. Svojim strankam zagotovite prefinjen slog z dragimi kamni v kombinaciji s profesionalnimi varnostnimi standardi v nakitu.<\/p>","protected":false},"excerpt":{"rendered":"<ul>\n<li>Z notranjim navojem<\/li>\n<li>Material: Titanium F-136<\/li>\n<li>Merilnik: 16G<\/li>\n<li>Velikost: 4 mm x 7 mm<\/li>\n<li>dragulj: Zeleni avanturin<\/li>\n<\/ul>","protected":false},"featured_media":16429,"comment_status":"closed","ping_status":"closed","template":"","meta":{"_acf_changed":false},"product_brand":[],"product_cat":[340,343],"product_tag":[187,188,189,210,211,199,190,183,184],"class_list":{"0":"post-12162","1":"product","2":"type-product","3":"status-publish","4":"has-post-thumbnail","6":"product_cat-titanium-jewelry","7":"product_cat-tops-titanium-jewelry","8":"product_tag-conch","9":"product_tag-ear","10":"product_tag-helix","11":"product_tag-labret","12":"product_tag-lip","13":"product_tag-nostril","14":"product_tag-oreja","15":"product_tag-perforacion","16":"product_tag-piercing","18":"first","19":"instock","20":"taxable","21":"shipping-taxable","22":"purchasable","23":"product-type-simple"},"acf":[],"gallery_images":[28120,28121],"_links":{"self":[{"href":"https:\/\/tremunpiercing.com\/sl\/wp-json\/wp\/v2\/product\/12162","targetHints":{"allow":["GET"]}}],"collection":[{"href":"https:\/\/tremunpiercing.com\/sl\/wp-json\/wp\/v2\/product"}],"about":[{"href":"https:\/\/tremunpiercing.com\/sl\/wp-json\/wp\/v2\/types\/product"}],"replies":[{"embeddable":true,"href":"https:\/\/tremunpiercing.com\/sl\/wp-json\/wp\/v2\/comments?post=12162"}],"version-history":[{"count":1,"href":"https:\/\/tremunpiercing.com\/sl\/wp-json\/wp\/v2\/product\/12162\/revisions"}],"predecessor-version":[{"id":28122,"href":"https:\/\/tremunpiercing.com\/sl\/wp-json\/wp\/v2\/product\/12162\/revisions\/28122"}],"wp:featuredmedia":[{"embeddable":true,"href":"https:\/\/tremunpiercing.com\/sl\/wp-json\/wp\/v2\/media\/16429"}],"wp:attachment":[{"href":"https:\/\/tremunpiercing.com\/sl\/wp-json\/wp\/v2\/media?parent=12162"}],"wp:term":[{"taxonomy":"product_brand","embeddable":true,"href":"https:\/\/tremunpiercing.com\/sl\/wp-json\/wp\/v2\/product_brand?post=12162"},{"taxonomy":"product_cat","embeddable":true,"href":"https:\/\/tremunpiercing.com\/sl\/wp-json\/wp\/v2\/product_cat?post=12162"},{"taxonomy":"product_tag","embeddable":true,"href":"https:\/\/tremunpiercing.com\/sl\/wp-json\/wp\/v2\/product_tag?post=12162"}],"curies":[{"name":"wp","href":"https:\/\/api.w.org\/{rel}","templated":true}]}}