{"id":12668,"date":"2024-12-19T01:38:03","date_gmt":"2024-12-19T00:38:03","guid":{"rendered":"https:\/\/tremunpiercing.com\/?post_type=product&#038;p=12668"},"modified":"2026-04-18T10:25:47","modified_gmt":"2026-04-18T09:25:47","slug":"micro-labret-push-pin-post-only-base-3mm","status":"publish","type":"product","link":"https:\/\/tremunpiercing.com\/sl\/product\/micro-labret-push-pin-post-only-base-3mm\/","title":{"rendered":"Mikrolabretni potisni zati\u010d (samo za po\u0161to) (osnova 3 mm)"},"content":{"rendered":"<p>Stebri\u010dek Micro Labret Push Pin je nepogre\u0161ljiv dodatek za vse profesionalne studie za prebadanje. Ta stojalo, ki je namenjeno posebej za vr\u0161i\u010dke push pin, je izdelano iz vrhunskega titana za vsadke (F-136), ki zagotavlja varnost, vzdr\u017eljivost in biokompatibilnost za vsako vrsto ko\u017ee. Na voljo je v tanki \u0161irini 20G in dol\u017eini 5 mm, 6 mm ali 7 mm, zato ga lahko poljubno kombinirate glede na namestitev piercinga, ki jo \u017eeli va\u0161a stranka. Pu\u0161pana za prebadanje mikrolabret je univerzalna za skoraj vsako stranko, dodatna prednost pa je, da zagotavlja izjemno udobje med procesom celjenja. S 3-milimetrsko plosko osnovo je vbodalo Micro Labret Push Pin udobno name\u0161\u010deno ob ko\u017ei, hkrati pa zagotavlja stabilen oprijem z majhnim dra\u017eenjem.<\/p>\n<p>Push pin za mikro labret je samo za nakit, kar pirsingu omogo\u010da, da ga lahko kombinira s katalogom razpolo\u017eljivih dodatkov za push pin, kar je tisto, kar vsak pirsist i\u0161\u010de v svoji zbirki nakita. Labret je izdelan iz lahkega, a trpe\u017enega titana, kar je \u0161e en razlog, da strokovnjaki za prebadanje po vsem svetu zaupajo njihovim mikro labretom zaradi hipoalergenskih lastnosti in trpe\u017enosti. So \u0161e ena odli\u010dna veleprodajna mo\u017enost za va\u0161 studio, trgovino s tetova\u017eami ali trgovca na drobno, ki \u017eeli raz\u0161iriti svojo zalogo kakovostnih piercingov s profesionalnimi rezultati.<\/p>","protected":false},"excerpt":{"rendered":"<ul>\n<li>Potisni zati\u010d<\/li>\n<li>Zdru\u017eljiv samo z dodatki s potisnim zati\u010dem<\/li>\n<li>Material: Titanium F-136<\/li>\n<li>Merilo: 20G<\/li>\n<li>Dol\u017eina: 5 mm, 6 mm, 7 mm<\/li>\n<li>Premer osnove: 3 mm<\/li>\n<\/ul>","protected":false},"featured_media":15054,"comment_status":"closed","ping_status":"closed","template":"","meta":{"_acf_changed":false},"product_brand":[],"product_cat":[340,344],"product_tag":[187,188,189,210,211,205,206,212,190,183,213,184,293,207],"class_list":{"0":"post-12668","1":"product","2":"type-product","3":"status-publish","4":"has-post-thumbnail","6":"product_cat-titanium-jewelry","7":"product_cat-labret-titanium-jeawelry","8":"product_tag-conch","9":"product_tag-ear","10":"product_tag-helix","11":"product_tag-labret","12":"product_tag-lip","13":"product_tag-lobe","14":"product_tag-lobulo","15":"product_tag-medusa","16":"product_tag-oreja","17":"product_tag-perforacion","18":"product_tag-philtrum","19":"product_tag-piercing","20":"product_tag-push-pin","21":"product_tag-tragus","23":"first","24":"instock","25":"taxable","26":"shipping-taxable","27":"purchasable","28":"product-type-variable"},"acf":[],"gallery_images":[15055,15053,15052],"_links":{"self":[{"href":"https:\/\/tremunpiercing.com\/sl\/wp-json\/wp\/v2\/product\/12668","targetHints":{"allow":["GET"]}}],"collection":[{"href":"https:\/\/tremunpiercing.com\/sl\/wp-json\/wp\/v2\/product"}],"about":[{"href":"https:\/\/tremunpiercing.com\/sl\/wp-json\/wp\/v2\/types\/product"}],"replies":[{"embeddable":true,"href":"https:\/\/tremunpiercing.com\/sl\/wp-json\/wp\/v2\/comments?post=12668"}],"version-history":[{"count":0,"href":"https:\/\/tremunpiercing.com\/sl\/wp-json\/wp\/v2\/product\/12668\/revisions"}],"wp:featuredmedia":[{"embeddable":true,"href":"https:\/\/tremunpiercing.com\/sl\/wp-json\/wp\/v2\/media\/15054"}],"wp:attachment":[{"href":"https:\/\/tremunpiercing.com\/sl\/wp-json\/wp\/v2\/media?parent=12668"}],"wp:term":[{"taxonomy":"product_brand","embeddable":true,"href":"https:\/\/tremunpiercing.com\/sl\/wp-json\/wp\/v2\/product_brand?post=12668"},{"taxonomy":"product_cat","embeddable":true,"href":"https:\/\/tremunpiercing.com\/sl\/wp-json\/wp\/v2\/product_cat?post=12668"},{"taxonomy":"product_tag","embeddable":true,"href":"https:\/\/tremunpiercing.com\/sl\/wp-json\/wp\/v2\/product_tag?post=12668"}],"curies":[{"name":"wp","href":"https:\/\/api.w.org\/{rel}","templated":true}]}}