{"id":13043,"date":"2025-01-09T20:29:45","date_gmt":"2025-01-09T19:29:45","guid":{"rendered":"https:\/\/tremunpiercing.com\/?post_type=product&#038;p=13043"},"modified":"2026-04-13T10:56:56","modified_gmt":"2026-04-13T09:56:56","slug":"elise-with-beads-white-gold","status":"publish","type":"product","link":"https:\/\/tremunpiercing.com\/sl\/product\/elise-with-beads-white-gold\/","title":{"rendered":"Elise z biseri belo zlato"},"content":{"rendered":"<p>Elise With Beads White Gold je moden in prilagodljiv element, ki ga je Shanga Jewellery oblikovala za profesionalno uporabo. Ta kos, izdelan iz trpe\u017enega materiala 18K, je brez navoja in meri 5,4 mm x 3,8 mm ter se prilega tako 16G kot 14G brez navoja za labret. Ta zasnova ima poudarke iz kubi\u010dnih cirkonov in subtilne podrobnosti iz kroglic, kar zagotavlja eleganco in individualnost.<\/p>\n<p>Elise z biseri je primeren za piercinge hrustanca, vija\u010dnice, tragus in lobusa ter va\u0161emu piercingu doda pridih prefinjenosti. Sistem enostavnih zati\u010dev pomaga pri enostavni in varni uporabi, zato je to prednostna izbira za studie in prodajalce na drobno. Ker je izdelan iz 18-karatnega zlata, je biokompatibilen in trpe\u017een ter zasnovan za dolgotrajno no\u0161enje. Uporablja se tako v studiu za prebadanje kot tudi kot kolekcija v maloprodaji, zato je to razko\u0161en kos s profesionalno zanesljivostjo.<\/p>","protected":false},"excerpt":{"rendered":"<ul>\n<li>Zgornji del brez navoja, \u010dep iz nerjave\u010dega jekla 25ga<\/li>\n<li>Material: 18k belega zlata<\/li>\n<li>Velikost: 5,4 mm x 3,8 mm<\/li>\n<li>dragulj: Kubi\u010dni cirkonij<\/li>\n<li>Zdru\u017eljiv s 16G in 14G brez navoja<\/li>\n<li>Blagovna znamka: Shanga Jewellery<\/li>\n<\/ul>","protected":false},"featured_media":13044,"comment_status":"closed","ping_status":"closed","template":"","meta":{"_acf_changed":false},"product_brand":[],"product_cat":[337,398],"product_tag":[187,188,189,205,206,212,190,183,213,184,207],"class_list":{"0":"post-13043","1":"product","2":"type-product","3":"status-publish","4":"has-post-thumbnail","6":"product_cat-gold-jewelry","7":"product_cat-shanga","8":"product_tag-conch","9":"product_tag-ear","10":"product_tag-helix","11":"product_tag-lobe","12":"product_tag-lobulo","13":"product_tag-medusa","14":"product_tag-oreja","15":"product_tag-perforacion","16":"product_tag-philtrum","17":"product_tag-piercing","18":"product_tag-tragus","20":"first","21":"instock","22":"taxable","23":"shipping-taxable","24":"purchasable","25":"product-type-simple"},"acf":[],"gallery_images":[29525,29524],"_links":{"self":[{"href":"https:\/\/tremunpiercing.com\/sl\/wp-json\/wp\/v2\/product\/13043","targetHints":{"allow":["GET"]}}],"collection":[{"href":"https:\/\/tremunpiercing.com\/sl\/wp-json\/wp\/v2\/product"}],"about":[{"href":"https:\/\/tremunpiercing.com\/sl\/wp-json\/wp\/v2\/types\/product"}],"replies":[{"embeddable":true,"href":"https:\/\/tremunpiercing.com\/sl\/wp-json\/wp\/v2\/comments?post=13043"}],"version-history":[{"count":1,"href":"https:\/\/tremunpiercing.com\/sl\/wp-json\/wp\/v2\/product\/13043\/revisions"}],"predecessor-version":[{"id":28944,"href":"https:\/\/tremunpiercing.com\/sl\/wp-json\/wp\/v2\/product\/13043\/revisions\/28944"}],"wp:featuredmedia":[{"embeddable":true,"href":"https:\/\/tremunpiercing.com\/sl\/wp-json\/wp\/v2\/media\/13044"}],"wp:attachment":[{"href":"https:\/\/tremunpiercing.com\/sl\/wp-json\/wp\/v2\/media?parent=13043"}],"wp:term":[{"taxonomy":"product_brand","embeddable":true,"href":"https:\/\/tremunpiercing.com\/sl\/wp-json\/wp\/v2\/product_brand?post=13043"},{"taxonomy":"product_cat","embeddable":true,"href":"https:\/\/tremunpiercing.com\/sl\/wp-json\/wp\/v2\/product_cat?post=13043"},{"taxonomy":"product_tag","embeddable":true,"href":"https:\/\/tremunpiercing.com\/sl\/wp-json\/wp\/v2\/product_tag?post=13043"}],"curies":[{"name":"wp","href":"https:\/\/api.w.org\/{rel}","templated":true}]}}