{"id":13523,"date":"2025-02-06T17:32:22","date_gmt":"2025-02-06T16:32:22","guid":{"rendered":"https:\/\/tremunpiercing.com\/?post_type=product&#038;p=13523"},"modified":"2026-04-10T22:54:07","modified_gmt":"2026-04-10T21:54:07","slug":"venus-topaz-blue-cz","status":"publish","type":"product","link":"https:\/\/tremunpiercing.com\/sl\/product\/venus-topaz-blue-cz\/","title":{"rendered":"Venerin topaz Modra CZ"},"content":{"rendered":"<p>Fuzija modrega CZ Venus Topaz prina\u0161a \u017eivahno barvo in varno obliko v enem \u010dudovitem kosu. Ta nakit z notranjim navojem 16G je izdelan iz titana F-136, ki je primeren za vsadke, in zagotavlja hipoalergeno udobje, trdnost in varnost na profesionalni ravni. S \u010dudovitimi 4 mm kubi\u010dnimi cirkoni v \u017eivahni topaz modri barvi je ta kos kot nala\u0161\u010d za piercing u\u0161es in hrustanca.<\/p>\n<p>Zaradi klasi\u010dnega videza, funkcionalnosti in razmerja med ceno in kakovostjo to obliko priporo\u010damo studiem za piercing, trgovinam s tetova\u017eami in distributerjem nakita za telo na debelo. Prav tako zagotavlja, da lahko va\u0161e stranke nosijo varen, moden in medicinski telesni nakit. Dodajte ga v svoj katalog in zadovoljite nara\u0161\u010dajo\u010de povpra\u0161evanje na trgu po barvitem nakitu za prebadanje telesa profesionalne kakovosti.<\/p>\n<p>&nbsp;<\/p>","protected":false},"excerpt":{"rendered":"<ul>\n<li>Z notranjim navojem<\/li>\n<li>Material: Titanium F-136<\/li>\n<li>Merilnik: 16G<\/li>\n<li>dragulj: Kubi\u010dni cirkonij<\/li>\n<li>Velikost dragulja: 4 mm<\/li>\n<\/ul>","protected":false},"featured_media":16460,"comment_status":"closed","ping_status":"closed","template":"","meta":{"_acf_changed":false},"product_brand":[],"product_cat":[340,343],"product_tag":[187,220,188,189,210,205,206,212,222,190,183,213,184,207],"class_list":{"0":"post-13523","1":"product","2":"type-product","3":"status-publish","4":"has-post-thumbnail","6":"product_cat-titanium-jewelry","7":"product_cat-tops-titanium-jewelry","8":"product_tag-conch","9":"product_tag-dermal","10":"product_tag-ear","11":"product_tag-helix","12":"product_tag-labret","13":"product_tag-lobe","14":"product_tag-lobulo","15":"product_tag-medusa","16":"product_tag-microdermal","17":"product_tag-oreja","18":"product_tag-perforacion","19":"product_tag-philtrum","20":"product_tag-piercing","21":"product_tag-tragus","23":"first","24":"instock","25":"taxable","26":"shipping-taxable","27":"purchasable","28":"product-type-simple"},"acf":[],"gallery_images":[27904,27905],"_links":{"self":[{"href":"https:\/\/tremunpiercing.com\/sl\/wp-json\/wp\/v2\/product\/13523","targetHints":{"allow":["GET"]}}],"collection":[{"href":"https:\/\/tremunpiercing.com\/sl\/wp-json\/wp\/v2\/product"}],"about":[{"href":"https:\/\/tremunpiercing.com\/sl\/wp-json\/wp\/v2\/types\/product"}],"replies":[{"embeddable":true,"href":"https:\/\/tremunpiercing.com\/sl\/wp-json\/wp\/v2\/comments?post=13523"}],"version-history":[{"count":1,"href":"https:\/\/tremunpiercing.com\/sl\/wp-json\/wp\/v2\/product\/13523\/revisions"}],"predecessor-version":[{"id":27908,"href":"https:\/\/tremunpiercing.com\/sl\/wp-json\/wp\/v2\/product\/13523\/revisions\/27908"}],"wp:featuredmedia":[{"embeddable":true,"href":"https:\/\/tremunpiercing.com\/sl\/wp-json\/wp\/v2\/media\/16460"}],"wp:attachment":[{"href":"https:\/\/tremunpiercing.com\/sl\/wp-json\/wp\/v2\/media?parent=13523"}],"wp:term":[{"taxonomy":"product_brand","embeddable":true,"href":"https:\/\/tremunpiercing.com\/sl\/wp-json\/wp\/v2\/product_brand?post=13523"},{"taxonomy":"product_cat","embeddable":true,"href":"https:\/\/tremunpiercing.com\/sl\/wp-json\/wp\/v2\/product_cat?post=13523"},{"taxonomy":"product_tag","embeddable":true,"href":"https:\/\/tremunpiercing.com\/sl\/wp-json\/wp\/v2\/product_tag?post=13523"}],"curies":[{"name":"wp","href":"https:\/\/api.w.org\/{rel}","templated":true}]}}