{"id":13524,"date":"2025-02-06T17:37:52","date_gmt":"2025-02-06T16:37:52","guid":{"rendered":"https:\/\/tremunpiercing.com\/?post_type=product&#038;p=13524"},"modified":"2026-03-24T11:20:15","modified_gmt":"2026-03-24T10:20:15","slug":"venus-champagne-cz","status":"publish","type":"product","link":"https:\/\/tremunpiercing.com\/sl\/product\/venus-champagne-cz\/","title":{"rendered":"Venus Champagne CZ"},"content":{"rendered":"<p>Venus Champagne CZ je luksuzna mo\u017enost za pirserje, ki \u017eelijo svojim strankam ponuditi luksuzen zaklju\u010dek. Ta kos z notranjim navojem je izdelan iz titana F-136, ki je primeren za vsadke, in odlikuje ga trpe\u017enost, hipoalergijska varnost ter tradicionalni sijaj kubi\u010dnega cirkonija v barvi \u0161ampanjca. Na voljo je s 4-, 3- in 2-milimetrskim draguljem ter je kot nala\u0161\u010d za vse piercinge pri 14G, vklju\u010dno z u\u0161esi, ustnicami in hrustancem. Nakit za telo Venus Champagne CZ vam omogo\u010da, da si zagotovite varne mo\u017enosti nakita za telo, ne da bi pri tem \u017ertvovali sijaj. Ta razko\u0161en dodatek k va\u0161i zbirki lahko dobite na spletu ali kupite na debelo za svoje zaloge in za dodajanje pridiha sijaja v va\u0161 profesionalni katalog.<\/p>\n<p>&nbsp;<\/p>","protected":false},"excerpt":{"rendered":"<ul>\n<li>Z notranjim navojem<\/li>\n<li>Material: Titanium F-136<\/li>\n<li>Merilnik: 16G<\/li>\n<li>dragulj: Kubi\u010dni cirkonij<\/li>\n<li>Velikost dragulja: 4 mm<\/li>\n<\/ul>","protected":false},"featured_media":13876,"comment_status":"closed","ping_status":"closed","template":"","meta":{"_acf_changed":false},"product_brand":[],"product_cat":[340,343],"product_tag":[187,220,188,189,210,205,206,212,222,190,183,213,184,207],"class_list":{"0":"post-13524","1":"product","2":"type-product","3":"status-publish","4":"has-post-thumbnail","6":"product_cat-titanium-jewelry","7":"product_cat-tops-titanium-jewelry","8":"product_tag-conch","9":"product_tag-dermal","10":"product_tag-ear","11":"product_tag-helix","12":"product_tag-labret","13":"product_tag-lobe","14":"product_tag-lobulo","15":"product_tag-medusa","16":"product_tag-microdermal","17":"product_tag-oreja","18":"product_tag-perforacion","19":"product_tag-philtrum","20":"product_tag-piercing","21":"product_tag-tragus","23":"first","24":"instock","25":"taxable","26":"shipping-taxable","27":"purchasable","28":"product-type-simple"},"acf":[],"gallery_images":[27902,27903],"_links":{"self":[{"href":"https:\/\/tremunpiercing.com\/sl\/wp-json\/wp\/v2\/product\/13524","targetHints":{"allow":["GET"]}}],"collection":[{"href":"https:\/\/tremunpiercing.com\/sl\/wp-json\/wp\/v2\/product"}],"about":[{"href":"https:\/\/tremunpiercing.com\/sl\/wp-json\/wp\/v2\/types\/product"}],"replies":[{"embeddable":true,"href":"https:\/\/tremunpiercing.com\/sl\/wp-json\/wp\/v2\/comments?post=13524"}],"version-history":[{"count":1,"href":"https:\/\/tremunpiercing.com\/sl\/wp-json\/wp\/v2\/product\/13524\/revisions"}],"predecessor-version":[{"id":27909,"href":"https:\/\/tremunpiercing.com\/sl\/wp-json\/wp\/v2\/product\/13524\/revisions\/27909"}],"wp:featuredmedia":[{"embeddable":true,"href":"https:\/\/tremunpiercing.com\/sl\/wp-json\/wp\/v2\/media\/13876"}],"wp:attachment":[{"href":"https:\/\/tremunpiercing.com\/sl\/wp-json\/wp\/v2\/media?parent=13524"}],"wp:term":[{"taxonomy":"product_brand","embeddable":true,"href":"https:\/\/tremunpiercing.com\/sl\/wp-json\/wp\/v2\/product_brand?post=13524"},{"taxonomy":"product_cat","embeddable":true,"href":"https:\/\/tremunpiercing.com\/sl\/wp-json\/wp\/v2\/product_cat?post=13524"},{"taxonomy":"product_tag","embeddable":true,"href":"https:\/\/tremunpiercing.com\/sl\/wp-json\/wp\/v2\/product_tag?post=13524"}],"curies":[{"name":"wp","href":"https:\/\/api.w.org\/{rel}","templated":true}]}}