{"id":13532,"date":"2025-02-06T18:19:35","date_gmt":"2025-02-06T17:19:35","guid":{"rendered":"https:\/\/tremunpiercing.com\/?post_type=product&#038;p=13532"},"modified":"2026-03-31T14:11:19","modified_gmt":"2026-03-31T13:11:19","slug":"cluster-champagne-cz","status":"publish","type":"product","link":"https:\/\/tremunpiercing.com\/sl\/product\/cluster-champagne-cz\/","title":{"rendered":"Cluster Champagne CZ"},"content":{"rendered":"<p>Cluster Champagne CZ je ustvarjen za pirserje, ki \u017eelijo razko\u0161je zdru\u017eiti z varnostjo. To je brez\u010dasen nakit, izdelan iz titana F-136 za implantacijo, ki zagotavlja, da je ta nakit za telo z notranjim navojem vzdr\u017eljiv in hipoalergeni za va\u0161e stranke z ob\u010dutljivo ko\u017eo. Skupek draguljev CZ je na voljo v velikostih 4 mm, 3 mm in 2 mm, barva teh draguljev (\u0161ampanjska) pa lahko polep\u0161a vsak piercing u\u0161esa, ustnice ali hrustanca.<\/p>\n<p>To je 14G, kar omogo\u010da var\u0161\u010dino in veleprodajo za profesionalne pirserje, trgovine s tetova\u017eami ali trgovine z nakitom za telo, ki prodajajo nakit za telo v razsutem stanju. Kot dobavitelj nakita za prebadanje telesa v Kanadi vam ponujamo nakit za prebadanje, ki usklajuje razko\u0161en videz z varnostjo po medicinskih standardih.<\/p>\n<p>&nbsp;<\/p>","protected":false},"excerpt":{"rendered":"<ul>\n<li>Z notranjim navojem<\/li>\n<li>Material: Titanium F-136<\/li>\n<li>Velikosti draguljev: 4 mm, 3 mm in 2 mm.<\/li>\n<li>Merilnik: 14G<\/li>\n<li>dragulj: Kubi\u010dni cirkonij<\/li>\n<\/ul>","protected":false},"featured_media":13811,"comment_status":"closed","ping_status":"closed","template":"","meta":{"_acf_changed":false},"product_brand":[],"product_cat":[340,343],"product_tag":[225,187,179,180,188,189,190,200,183,184,185],"class_list":{"0":"post-13532","1":"product","2":"type-product","3":"status-publish","4":"has-post-thumbnail","6":"product_cat-titanium-jewelry","7":"product_cat-tops-titanium-jewelry","8":"product_tag-cluster","9":"product_tag-conch","10":"product_tag-cristal","11":"product_tag-cz","12":"product_tag-ear","13":"product_tag-helix","14":"product_tag-oreja","15":"product_tag-ornamental","16":"product_tag-perforacion","17":"product_tag-piercing","18":"product_tag-shiny","20":"first","21":"instock","22":"taxable","23":"shipping-taxable","24":"purchasable","25":"product-type-simple"},"acf":[],"gallery_images":[27878,27879],"_links":{"self":[{"href":"https:\/\/tremunpiercing.com\/sl\/wp-json\/wp\/v2\/product\/13532","targetHints":{"allow":["GET"]}}],"collection":[{"href":"https:\/\/tremunpiercing.com\/sl\/wp-json\/wp\/v2\/product"}],"about":[{"href":"https:\/\/tremunpiercing.com\/sl\/wp-json\/wp\/v2\/types\/product"}],"replies":[{"embeddable":true,"href":"https:\/\/tremunpiercing.com\/sl\/wp-json\/wp\/v2\/comments?post=13532"}],"version-history":[{"count":1,"href":"https:\/\/tremunpiercing.com\/sl\/wp-json\/wp\/v2\/product\/13532\/revisions"}],"predecessor-version":[{"id":27880,"href":"https:\/\/tremunpiercing.com\/sl\/wp-json\/wp\/v2\/product\/13532\/revisions\/27880"}],"wp:featuredmedia":[{"embeddable":true,"href":"https:\/\/tremunpiercing.com\/sl\/wp-json\/wp\/v2\/media\/13811"}],"wp:attachment":[{"href":"https:\/\/tremunpiercing.com\/sl\/wp-json\/wp\/v2\/media?parent=13532"}],"wp:term":[{"taxonomy":"product_brand","embeddable":true,"href":"https:\/\/tremunpiercing.com\/sl\/wp-json\/wp\/v2\/product_brand?post=13532"},{"taxonomy":"product_cat","embeddable":true,"href":"https:\/\/tremunpiercing.com\/sl\/wp-json\/wp\/v2\/product_cat?post=13532"},{"taxonomy":"product_tag","embeddable":true,"href":"https:\/\/tremunpiercing.com\/sl\/wp-json\/wp\/v2\/product_tag?post=13532"}],"curies":[{"name":"wp","href":"https:\/\/api.w.org\/{rel}","templated":true}]}}