{"id":13606,"date":"2025-02-07T17:19:51","date_gmt":"2025-02-07T16:19:51","guid":{"rendered":"https:\/\/tremunpiercing.com\/?post_type=product&#038;p=13606"},"modified":"2026-04-20T17:28:09","modified_gmt":"2026-04-20T16:28:09","slug":"marquise-5-green-onyx","status":"publish","type":"product","link":"https:\/\/tremunpiercing.com\/sl\/product\/marquise-5-green-onyx\/","title":{"rendered":"Markiza 5 Zeleni oniks"},"content":{"rendered":"<p>Marquise 5 Green Onyx Top je za ljudi s piercingi, ki \u017eelijo biti opa\u017eeni. Ta vrh je izdelan iz titana (F-136) za vsadke; je izjemno varen, odporen in primeren za ob\u010dutljivo ko\u017eo. Marquise 5 Green Onyx Top je 16G, 7 mm x 5 mm, z notranjim navojem H, s petimi ro\u010dno bru\u0161enimi kamni iz zelenega oniksa, ki so postavljeni v teko\u010d skupek. Ta slog, ki je opremljen z drznim skupkom petih kamnov, izstopa in je poln elegance.<\/p>\n<p>Ta stil je priporo\u010dljiv za piercinge v u\u0161esih, kot so vija\u010dnica, koncha ali lobus, saj je enostaven za no\u0161enje in dodaja naravno prefinjenost. Navoj je tako gladek, kot je le mogo\u010de, ter zagotavlja vrhunsko varnost in udobje. To so v bistvu \u010dudoviti detajli iz dragih kamnov na titanu, ki ga je mogo\u010de implantirati. Marquise 5 Green Onyx Top si zaslu\u017ei mesto v vsaki zbirki piercingov, ki resno razmi\u0161lja o slogu in izbolj\u0161ani kakovosti \u017eivljenja.<\/p>","protected":false},"excerpt":{"rendered":"<ul>\n<li>Z notranjim navojem<\/li>\n<li>Material: Titanium F-136<\/li>\n<li>Velikost: 8,8 mm<\/li>\n<li>Merilnik: 16G<\/li>\n<li>dragulj: Zeleni oniks<\/li>\n<\/ul>","protected":false},"featured_media":13869,"comment_status":"closed","ping_status":"closed","template":"","meta":{"_acf_changed":false},"product_brand":[],"product_cat":[340,343],"product_tag":[225,187,179,180,188,189,239,190,183,184,185],"class_list":{"0":"post-13606","1":"product","2":"type-product","3":"status-publish","4":"has-post-thumbnail","6":"product_cat-titanium-jewelry","7":"product_cat-tops-titanium-jewelry","8":"product_tag-cluster","9":"product_tag-conch","10":"product_tag-cristal","11":"product_tag-cz","12":"product_tag-ear","13":"product_tag-helix","14":"product_tag-marquise","15":"product_tag-oreja","16":"product_tag-perforacion","17":"product_tag-piercing","18":"product_tag-shiny","20":"first","21":"instock","22":"taxable","23":"shipping-taxable","24":"purchasable","25":"product-type-simple"},"acf":[],"gallery_images":[27837,27836],"_links":{"self":[{"href":"https:\/\/tremunpiercing.com\/sl\/wp-json\/wp\/v2\/product\/13606","targetHints":{"allow":["GET"]}}],"collection":[{"href":"https:\/\/tremunpiercing.com\/sl\/wp-json\/wp\/v2\/product"}],"about":[{"href":"https:\/\/tremunpiercing.com\/sl\/wp-json\/wp\/v2\/types\/product"}],"replies":[{"embeddable":true,"href":"https:\/\/tremunpiercing.com\/sl\/wp-json\/wp\/v2\/comments?post=13606"}],"version-history":[{"count":1,"href":"https:\/\/tremunpiercing.com\/sl\/wp-json\/wp\/v2\/product\/13606\/revisions"}],"predecessor-version":[{"id":27840,"href":"https:\/\/tremunpiercing.com\/sl\/wp-json\/wp\/v2\/product\/13606\/revisions\/27840"}],"wp:featuredmedia":[{"embeddable":true,"href":"https:\/\/tremunpiercing.com\/sl\/wp-json\/wp\/v2\/media\/13869"}],"wp:attachment":[{"href":"https:\/\/tremunpiercing.com\/sl\/wp-json\/wp\/v2\/media?parent=13606"}],"wp:term":[{"taxonomy":"product_brand","embeddable":true,"href":"https:\/\/tremunpiercing.com\/sl\/wp-json\/wp\/v2\/product_brand?post=13606"},{"taxonomy":"product_cat","embeddable":true,"href":"https:\/\/tremunpiercing.com\/sl\/wp-json\/wp\/v2\/product_cat?post=13606"},{"taxonomy":"product_tag","embeddable":true,"href":"https:\/\/tremunpiercing.com\/sl\/wp-json\/wp\/v2\/product_tag?post=13606"}],"curies":[{"name":"wp","href":"https:\/\/api.w.org\/{rel}","templated":true}]}}