{"id":13608,"date":"2025-02-07T17:24:09","date_gmt":"2025-02-07T16:24:09","guid":{"rendered":"https:\/\/tremunpiercing.com\/?post_type=product&#038;p=13608"},"modified":"2026-04-09T12:49:18","modified_gmt":"2026-04-09T11:49:18","slug":"marquise-3-green-onyx","status":"publish","type":"product","link":"https:\/\/tremunpiercing.com\/sl\/product\/marquise-3-green-onyx\/","title":{"rendered":"Markiza 3 zeleni oniks"},"content":{"rendered":"<p>Marquise 3 Green Onyx Top pooseblja eleganco in kakovostno izdelavo. Ta vrh je izdelan iz titana za vsadke (F-136), je hipoalergeni\u010den in odporen na pege, kar pomeni, da je varen za no\u0161enje in vzdr\u017eljiv. Ta zgornji del z notranjim navojem je zasnovan za prileganje 16G in ima tri kamne zelenega oniksa z markiznim brusom v \u010dudovitem skupku, ki so bili strokovno vdelani, da se poka\u017ee globoka naravna barva. Vsak kamen meri pribli\u017eno 10 mm in v uho ali na obraz vna\u0161a subtilno estetiko, ki jo navdihuje narava.<\/p>\n<p>Sistem varnega navijanja omogo\u010da enostavno namestitev brez dra\u017eenja, zato je odli\u010dna izbira za profesionalne pirserje! Marquise 3 Green Onyx Top je vsestranski kos organske lepote z vsem kakovostnim razko\u0161jem vrhunskega nakita za telo!<\/p>","protected":false},"excerpt":{"rendered":"<ul>\n<li>Z notranjim navojem<\/li>\n<li>Material: Titanium F-136<\/li>\n<li>dragulj: Zeleni oniks<\/li>\n<li>Merilnik: 16G<\/li>\n<li>Velikost: 7 mm x 5 mm<\/li>\n<\/ul>","protected":false},"featured_media":15173,"comment_status":"closed","ping_status":"closed","template":"","meta":{"_acf_changed":false},"product_brand":[],"product_cat":[343],"product_tag":[187,188,189,205,206,212,190,183,213,184,207],"class_list":{"0":"post-13608","1":"product","2":"type-product","3":"status-publish","4":"has-post-thumbnail","6":"product_cat-tops-titanium-jewelry","7":"product_tag-conch","8":"product_tag-ear","9":"product_tag-helix","10":"product_tag-lobe","11":"product_tag-lobulo","12":"product_tag-medusa","13":"product_tag-oreja","14":"product_tag-perforacion","15":"product_tag-philtrum","16":"product_tag-piercing","17":"product_tag-tragus","19":"first","20":"instock","21":"taxable","22":"shipping-taxable","23":"purchasable","24":"product-type-simple"},"acf":[],"gallery_images":[27831,27830],"_links":{"self":[{"href":"https:\/\/tremunpiercing.com\/sl\/wp-json\/wp\/v2\/product\/13608","targetHints":{"allow":["GET"]}}],"collection":[{"href":"https:\/\/tremunpiercing.com\/sl\/wp-json\/wp\/v2\/product"}],"about":[{"href":"https:\/\/tremunpiercing.com\/sl\/wp-json\/wp\/v2\/types\/product"}],"replies":[{"embeddable":true,"href":"https:\/\/tremunpiercing.com\/sl\/wp-json\/wp\/v2\/comments?post=13608"}],"version-history":[{"count":1,"href":"https:\/\/tremunpiercing.com\/sl\/wp-json\/wp\/v2\/product\/13608\/revisions"}],"predecessor-version":[{"id":27834,"href":"https:\/\/tremunpiercing.com\/sl\/wp-json\/wp\/v2\/product\/13608\/revisions\/27834"}],"wp:featuredmedia":[{"embeddable":true,"href":"https:\/\/tremunpiercing.com\/sl\/wp-json\/wp\/v2\/media\/15173"}],"wp:attachment":[{"href":"https:\/\/tremunpiercing.com\/sl\/wp-json\/wp\/v2\/media?parent=13608"}],"wp:term":[{"taxonomy":"product_brand","embeddable":true,"href":"https:\/\/tremunpiercing.com\/sl\/wp-json\/wp\/v2\/product_brand?post=13608"},{"taxonomy":"product_cat","embeddable":true,"href":"https:\/\/tremunpiercing.com\/sl\/wp-json\/wp\/v2\/product_cat?post=13608"},{"taxonomy":"product_tag","embeddable":true,"href":"https:\/\/tremunpiercing.com\/sl\/wp-json\/wp\/v2\/product_tag?post=13608"}],"curies":[{"name":"wp","href":"https:\/\/api.w.org\/{rel}","templated":true}]}}