{"id":13890,"date":"2025-02-21T21:18:50","date_gmt":"2025-02-21T20:18:50","guid":{"rendered":"https:\/\/tremunpiercing.com\/?post_type=product&#038;p=13890"},"modified":"2026-03-29T20:29:19","modified_gmt":"2026-03-29T19:29:19","slug":"venus-sapphire-blue-cz","status":"publish","type":"product","link":"https:\/\/tremunpiercing.com\/sl\/product\/venus-sapphire-blue-cz\/","title":{"rendered":"Venera Sapphire Blue CZ"},"content":{"rendered":"<p>Venus Sapphire Blue CZ je odli\u010den izdelek za prebadanje za profesionalce, ki je izdelan iz titana F-136, primernega za vsadke, za va\u0161o varnost in u\u017eitek. Venus je ble\u0161\u010de\u010d safirno modri kubi\u010dni cirkonski kamen, ki je dolg 4 mm in ima notranji navoj 16G. Vsak \u010dep je hipoalergeni in primeren za ob\u010dutljivo ko\u017eo. Kot dobavitelj in distributer telesnega nakita zelo resno obravnavamo telesni nakit medicinske kakovosti. Distribucija nakita za telo ni regulirana, vendar nam je pomembno, da je vsak kos, ki ga prodamo piercingom in tetova\u017eam, varen za no\u0161enje in zdravljenje, kot mora biti. Na\u0161a veleprodaja telesnega nakita ponuja studiem in trgovinam na stotine mo\u017enosti medicinske kakovosti, kar vam omogo\u010da, da kupite le telesni nakit, ki je izdelan eti\u010dno in ima pri\u010dakovano kakovost. Venus je dobra popestritev profesionalnih trgovin z nakitom za telo, saj je primeren za prebadanje u\u0161es in ustnic ter \u0161tevilne druge. Venus je profesionalno izdelan za udobno no\u0161enje in eleganten videz. Venus Sapphire Blue CZ je idealna izbira, \u010de \u017eelite ponuditi nakit za telo v razsutem stanju.<\/p>","protected":false},"excerpt":{"rendered":"<ul>\n<li>Z notranjim navojem<\/li>\n<li>Material: Titanium F-136<\/li>\n<li>Merilnik: 16G<\/li>\n<li>dragulj: Kubi\u010dni cirkonij<\/li>\n<li>Velikost dragulja: 4 mm<\/li>\n<\/ul>","protected":false},"featured_media":13891,"comment_status":"closed","ping_status":"closed","template":"","meta":{"_acf_changed":false},"product_brand":[],"product_cat":[340,343],"product_tag":[187,220,188,189,210,205,206,212,222,190,183,213,184,207],"class_list":{"0":"post-13890","1":"product","2":"type-product","3":"status-publish","4":"has-post-thumbnail","6":"product_cat-titanium-jewelry","7":"product_cat-tops-titanium-jewelry","8":"product_tag-conch","9":"product_tag-dermal","10":"product_tag-ear","11":"product_tag-helix","12":"product_tag-labret","13":"product_tag-lobe","14":"product_tag-lobulo","15":"product_tag-medusa","16":"product_tag-microdermal","17":"product_tag-oreja","18":"product_tag-perforacion","19":"product_tag-philtrum","20":"product_tag-piercing","21":"product_tag-tragus","23":"first","24":"instock","25":"taxable","26":"shipping-taxable","27":"purchasable","28":"product-type-simple"},"acf":[],"gallery_images":[27815,27816],"_links":{"self":[{"href":"https:\/\/tremunpiercing.com\/sl\/wp-json\/wp\/v2\/product\/13890","targetHints":{"allow":["GET"]}}],"collection":[{"href":"https:\/\/tremunpiercing.com\/sl\/wp-json\/wp\/v2\/product"}],"about":[{"href":"https:\/\/tremunpiercing.com\/sl\/wp-json\/wp\/v2\/types\/product"}],"replies":[{"embeddable":true,"href":"https:\/\/tremunpiercing.com\/sl\/wp-json\/wp\/v2\/comments?post=13890"}],"version-history":[{"count":1,"href":"https:\/\/tremunpiercing.com\/sl\/wp-json\/wp\/v2\/product\/13890\/revisions"}],"predecessor-version":[{"id":27817,"href":"https:\/\/tremunpiercing.com\/sl\/wp-json\/wp\/v2\/product\/13890\/revisions\/27817"}],"wp:featuredmedia":[{"embeddable":true,"href":"https:\/\/tremunpiercing.com\/sl\/wp-json\/wp\/v2\/media\/13891"}],"wp:attachment":[{"href":"https:\/\/tremunpiercing.com\/sl\/wp-json\/wp\/v2\/media?parent=13890"}],"wp:term":[{"taxonomy":"product_brand","embeddable":true,"href":"https:\/\/tremunpiercing.com\/sl\/wp-json\/wp\/v2\/product_brand?post=13890"},{"taxonomy":"product_cat","embeddable":true,"href":"https:\/\/tremunpiercing.com\/sl\/wp-json\/wp\/v2\/product_cat?post=13890"},{"taxonomy":"product_tag","embeddable":true,"href":"https:\/\/tremunpiercing.com\/sl\/wp-json\/wp\/v2\/product_tag?post=13890"}],"curies":[{"name":"wp","href":"https:\/\/api.w.org\/{rel}","templated":true}]}}