{"id":15625,"date":"2025-04-14T17:44:37","date_gmt":"2025-04-14T16:44:37","guid":{"rendered":"https:\/\/tremunpiercing.com\/?post_type=product&#038;p=15625"},"modified":"2026-03-29T20:29:20","modified_gmt":"2026-03-29T19:29:20","slug":"athena-black-cz","status":"publish","type":"product","link":"https:\/\/tremunpiercing.com\/sl\/product\/athena-black-cz\/","title":{"rendered":"Athena Black CZ"},"content":{"rendered":"<p>Athena Black CZ zdru\u017euje elegantnost in profesionalno varnost, kar je bistvenega pomena za delavnice za prebadanje in tetoviranje. Nakit iz titana z notranjim navojem, implantat titanium F-136, se \u017ee leta uporablja za napreden nakit iz titana, ki temelji na u\u010dinkovitosti, in bo zagotavljal vzdr\u017eljivost, hipoalergeno no\u0161enje in najve\u010dje udobje za stranke z ob\u010dutljivo ko\u017eo.<\/p>\n<p>Drzen dragulj iz \u010drnega kubi\u010dnega cirkonija zagotavlja moderno modno noto, ki jo je mogo\u010de videti v kolekcijah piercingov, ki se pogosto prodajajo v maloprodaji. Ta kos piercingu zagotavlja premer 16G in dol\u017eino 16, 12 mm ter je vizualno varen in enostaven za uporabo za vsak profesionalni piercing. Kupite profesionalni nakit za prebadanje na spletu pri zanesljivem trgovcu na debelo ali distributerju in ga dodajte v svojo profesionalno zbirko.<\/p>","protected":false},"excerpt":{"rendered":"<ul>\n<li>Z notranjim navojem<\/li>\n<li>Material: Titanium F-136<\/li>\n<li>Merilnik: 16G<\/li>\n<li>dragulj: Kubi\u010dni cirkonij<\/li>\n<li>Dol\u017eina: 16,12 mm<\/li>\n<\/ul>","protected":false},"featured_media":15626,"comment_status":"closed","ping_status":"closed","template":"","meta":{"_acf_changed":false},"product_brand":[],"product_cat":[340,343],"product_tag":[187,188,209,189,205,206,190,183,184,207],"class_list":{"0":"post-15625","1":"product","2":"type-product","3":"status-publish","4":"has-post-thumbnail","6":"product_cat-titanium-jewelry","7":"product_cat-tops-titanium-jewelry","8":"product_tag-conch","9":"product_tag-ear","10":"product_tag-faux-rook","11":"product_tag-helix","12":"product_tag-lobe","13":"product_tag-lobulo","14":"product_tag-oreja","15":"product_tag-perforacion","16":"product_tag-piercing","17":"product_tag-tragus","19":"first","20":"instock","21":"taxable","22":"shipping-taxable","23":"purchasable","24":"product-type-simple"},"acf":[],"gallery_images":[27642,27643],"_links":{"self":[{"href":"https:\/\/tremunpiercing.com\/sl\/wp-json\/wp\/v2\/product\/15625","targetHints":{"allow":["GET"]}}],"collection":[{"href":"https:\/\/tremunpiercing.com\/sl\/wp-json\/wp\/v2\/product"}],"about":[{"href":"https:\/\/tremunpiercing.com\/sl\/wp-json\/wp\/v2\/types\/product"}],"replies":[{"embeddable":true,"href":"https:\/\/tremunpiercing.com\/sl\/wp-json\/wp\/v2\/comments?post=15625"}],"version-history":[{"count":1,"href":"https:\/\/tremunpiercing.com\/sl\/wp-json\/wp\/v2\/product\/15625\/revisions"}],"predecessor-version":[{"id":27646,"href":"https:\/\/tremunpiercing.com\/sl\/wp-json\/wp\/v2\/product\/15625\/revisions\/27646"}],"wp:featuredmedia":[{"embeddable":true,"href":"https:\/\/tremunpiercing.com\/sl\/wp-json\/wp\/v2\/media\/15626"}],"wp:attachment":[{"href":"https:\/\/tremunpiercing.com\/sl\/wp-json\/wp\/v2\/media?parent=15625"}],"wp:term":[{"taxonomy":"product_brand","embeddable":true,"href":"https:\/\/tremunpiercing.com\/sl\/wp-json\/wp\/v2\/product_brand?post=15625"},{"taxonomy":"product_cat","embeddable":true,"href":"https:\/\/tremunpiercing.com\/sl\/wp-json\/wp\/v2\/product_cat?post=15625"},{"taxonomy":"product_tag","embeddable":true,"href":"https:\/\/tremunpiercing.com\/sl\/wp-json\/wp\/v2\/product_tag?post=15625"}],"curies":[{"name":"wp","href":"https:\/\/api.w.org\/{rel}","templated":true}]}}