{"id":15643,"date":"2025-04-14T18:02:20","date_gmt":"2025-04-14T17:02:20","guid":{"rendered":"https:\/\/tremunpiercing.com\/?post_type=product&#038;p=15643"},"modified":"2026-04-13T09:11:58","modified_gmt":"2026-04-13T08:11:58","slug":"lilbit-push-pin-topaz-blue","status":"publish","type":"product","link":"https:\/\/tremunpiercing.com\/sl\/product\/lilbit-push-pin-topaz-blue\/","title":{"rendered":"Lilbit Push Pin Topaz Blue"},"content":{"rendered":"<p>\u010cepek Lilbit Topaz Blue Push Pin bo popestril va\u0161o zbirko nakita za prebadanje s pop barvo. Ta zati\u010d je izdelan iz titana F-136 za vsadke in je zasnovan za udobje, varnost in jasen dolgotrajen sijaj. Osupljiv kubi\u010dni cirkonski kamen topaz modre barve doda sve\u017eo barvo in viden poudarek, ki bo v\u0161e\u010d va\u0161im strankam.<\/p>\n<p>Ta izdelek je na voljo v premerih od 1,5 mm do 3 mm in je zdru\u017eljiv samo s potisnimi zati\u010di. <a href=\"https:\/\/tremunpiercing.com\/product-category\/titanium-jewelry\/labret-titanium-jeawelry\/\">labreti<\/a>. Tako ga lahko va\u0161e stranke nosijo varno in profesionalno. Lilbit Push Pin Topaz Blue je kot nala\u0161\u010d za dobavitelje nakita za prebadanje, studie za tetoviranje in distributerje nakita za telo na debelo. Preprodajalci bodo navdu\u0161eni nad mo\u017enostjo, da svojim strankam ponudijo visokokakovostne, hipoalergene mo\u017enosti nakita.<\/p>","protected":false},"excerpt":{"rendered":"<ul>\n<li>Dodatna oprema za zatisne zati\u010de<\/li>\n<li>Primerno za kampiranje samo z labelami s potisnim zati\u010dem<\/li>\n<li>Material: Titanium F-136<\/li>\n<li>Merilo: 25G<\/li>\n<li>Premeri: 1,5 mm - 2 mm - 2,5 mm - 3 mm<\/li>\n<li>dragulj: Kubi\u010dni cirkonij<\/li>\n<\/ul>","protected":false},"featured_media":15648,"comment_status":"closed","ping_status":"closed","template":"","meta":{"_acf_changed":false},"product_brand":[],"product_cat":[340,343],"product_tag":[218,295,296,187,188,189,205,206,212,190,183,213,184,297,294,207],"class_list":{"0":"post-15643","1":"product","2":"type-product","3":"status-publish","4":"has-post-thumbnail","6":"product_cat-titanium-jewelry","7":"product_cat-tops-titanium-jewelry","8":"product_tag-ball","9":"product_tag-bola","10":"product_tag-bolita","11":"product_tag-conch","12":"product_tag-ear","13":"product_tag-helix","14":"product_tag-lobe","15":"product_tag-lobulo","16":"product_tag-medusa","17":"product_tag-oreja","18":"product_tag-perforacion","19":"product_tag-philtrum","20":"product_tag-piercing","21":"product_tag-repuesto","22":"product_tag-spare","23":"product_tag-tragus","25":"first","26":"instock","27":"taxable","28":"shipping-taxable","29":"purchasable","30":"product-type-variable"},"acf":[],"gallery_images":[27767,27768],"_links":{"self":[{"href":"https:\/\/tremunpiercing.com\/sl\/wp-json\/wp\/v2\/product\/15643","targetHints":{"allow":["GET"]}}],"collection":[{"href":"https:\/\/tremunpiercing.com\/sl\/wp-json\/wp\/v2\/product"}],"about":[{"href":"https:\/\/tremunpiercing.com\/sl\/wp-json\/wp\/v2\/types\/product"}],"replies":[{"embeddable":true,"href":"https:\/\/tremunpiercing.com\/sl\/wp-json\/wp\/v2\/comments?post=15643"}],"version-history":[{"count":1,"href":"https:\/\/tremunpiercing.com\/sl\/wp-json\/wp\/v2\/product\/15643\/revisions"}],"predecessor-version":[{"id":27773,"href":"https:\/\/tremunpiercing.com\/sl\/wp-json\/wp\/v2\/product\/15643\/revisions\/27773"}],"wp:featuredmedia":[{"embeddable":true,"href":"https:\/\/tremunpiercing.com\/sl\/wp-json\/wp\/v2\/media\/15648"}],"wp:attachment":[{"href":"https:\/\/tremunpiercing.com\/sl\/wp-json\/wp\/v2\/media?parent=15643"}],"wp:term":[{"taxonomy":"product_brand","embeddable":true,"href":"https:\/\/tremunpiercing.com\/sl\/wp-json\/wp\/v2\/product_brand?post=15643"},{"taxonomy":"product_cat","embeddable":true,"href":"https:\/\/tremunpiercing.com\/sl\/wp-json\/wp\/v2\/product_cat?post=15643"},{"taxonomy":"product_tag","embeddable":true,"href":"https:\/\/tremunpiercing.com\/sl\/wp-json\/wp\/v2\/product_tag?post=15643"}],"curies":[{"name":"wp","href":"https:\/\/api.w.org\/{rel}","templated":true}]}}