{"id":15655,"date":"2025-04-14T18:13:13","date_gmt":"2025-04-14T17:13:13","guid":{"rendered":"https:\/\/tremunpiercing.com\/?post_type=product&#038;p=15655"},"modified":"2026-04-16T15:34:03","modified_gmt":"2026-04-16T14:34:03","slug":"lilbit-push-pin-lavander","status":"publish","type":"product","link":"https:\/\/tremunpiercing.com\/sl\/product\/lilbit-push-pin-lavander\/","title":{"rendered":"Lilbit Push Pin Lavender"},"content":{"rendered":"<p>Lilbit Push Pin Lavender je kakovosten pripomo\u010dek, ki je narejen posebej za profesionalne pirserje in studie. Ta hipoalergeni push pin je izdelan iz titana F-136 za vsadke, kar zagotavlja najve\u010djo varnost in udobje (in je verjetno najbolj\u0161a izbira, \u010de imate stranko z ob\u010dutljivo ko\u017eo.) \u010cudovita barva sivke se ble\u0161\u010di s \u010dudovitim poudarkom kubi\u010dnega cirkonija sivke. Zaradi tega je ta dodatek enostaven za vsakodnevno no\u0161enje in predstavlja prijetno nadgradnjo vsakega u\u0161esnega piercinga.<\/p>\n<p>Na voljo je ve\u010d razli\u010dnih premerov (1,5-3 mm), zato ga je mogo\u010de prilagoditi za vse razli\u010dne vrste piercingov, vklju\u010dno s trdnim in varnim vpenjanjem z zati\u010dem. <a href=\"https:\/\/tremunpiercing.com\/product-category\/titanium-jewelry\/labret-titanium-jeawelry\/\">labreti<\/a>. Dodajte ta sivkin dragulj v svojo zbirko in svojim strankam ponudite varen, medicinski nakit enega najbolj\u0161ih dobaviteljev na debelo.<\/p>","protected":false},"excerpt":{"rendered":"<ul>\n<li>Dodatna oprema za zatisne zati\u010de<\/li>\n<li>Primerno za kampiranje samo z labelami s potisnim zati\u010dem<\/li>\n<li>Material: Titanium F-136<\/li>\n<li>Merilo: 25G<\/li>\n<li>Premeri: 1,5 mm - 2 mm - 2,5 mm - 3 mm<\/li>\n<li>dragulj: Kubi\u010dni cirkonij<\/li>\n<\/ul>","protected":false},"featured_media":15660,"comment_status":"closed","ping_status":"closed","template":"","meta":{"_acf_changed":false},"product_brand":[],"product_cat":[340,343],"product_tag":[218,295,296,187,188,189,205,206,212,190,183,213,184,297,294,207],"class_list":{"0":"post-15655","1":"product","2":"type-product","3":"status-publish","4":"has-post-thumbnail","6":"product_cat-titanium-jewelry","7":"product_cat-tops-titanium-jewelry","8":"product_tag-ball","9":"product_tag-bola","10":"product_tag-bolita","11":"product_tag-conch","12":"product_tag-ear","13":"product_tag-helix","14":"product_tag-lobe","15":"product_tag-lobulo","16":"product_tag-medusa","17":"product_tag-oreja","18":"product_tag-perforacion","19":"product_tag-philtrum","20":"product_tag-piercing","21":"product_tag-repuesto","22":"product_tag-spare","23":"product_tag-tragus","25":"first","26":"instock","27":"taxable","28":"shipping-taxable","29":"purchasable","30":"product-type-variable"},"acf":[],"gallery_images":[27759,27758],"_links":{"self":[{"href":"https:\/\/tremunpiercing.com\/sl\/wp-json\/wp\/v2\/product\/15655","targetHints":{"allow":["GET"]}}],"collection":[{"href":"https:\/\/tremunpiercing.com\/sl\/wp-json\/wp\/v2\/product"}],"about":[{"href":"https:\/\/tremunpiercing.com\/sl\/wp-json\/wp\/v2\/types\/product"}],"replies":[{"embeddable":true,"href":"https:\/\/tremunpiercing.com\/sl\/wp-json\/wp\/v2\/comments?post=15655"}],"version-history":[{"count":1,"href":"https:\/\/tremunpiercing.com\/sl\/wp-json\/wp\/v2\/product\/15655\/revisions"}],"predecessor-version":[{"id":27764,"href":"https:\/\/tremunpiercing.com\/sl\/wp-json\/wp\/v2\/product\/15655\/revisions\/27764"}],"wp:featuredmedia":[{"embeddable":true,"href":"https:\/\/tremunpiercing.com\/sl\/wp-json\/wp\/v2\/media\/15660"}],"wp:attachment":[{"href":"https:\/\/tremunpiercing.com\/sl\/wp-json\/wp\/v2\/media?parent=15655"}],"wp:term":[{"taxonomy":"product_brand","embeddable":true,"href":"https:\/\/tremunpiercing.com\/sl\/wp-json\/wp\/v2\/product_brand?post=15655"},{"taxonomy":"product_cat","embeddable":true,"href":"https:\/\/tremunpiercing.com\/sl\/wp-json\/wp\/v2\/product_cat?post=15655"},{"taxonomy":"product_tag","embeddable":true,"href":"https:\/\/tremunpiercing.com\/sl\/wp-json\/wp\/v2\/product_tag?post=15655"}],"curies":[{"name":"wp","href":"https:\/\/api.w.org\/{rel}","templated":true}]}}