{"id":15667,"date":"2025-04-14T18:17:57","date_gmt":"2025-04-14T17:17:57","guid":{"rendered":"https:\/\/tremunpiercing.com\/?post_type=product&#038;p=15667"},"modified":"2026-04-13T09:11:58","modified_gmt":"2026-04-13T08:11:58","slug":"lilbit-push-pin-emerald","status":"publish","type":"product","link":"https:\/\/tremunpiercing.com\/sl\/product\/lilbit-push-pin-emerald\/","title":{"rendered":"Lilbit Push Pin Smaragd"},"content":{"rendered":"<h2>Smaragdno zelen titanov zati\u010d s CZ draguljem<\/h2>\n<p>Lilbit Push Pin Smaragd prina\u0161a razko\u0161je predelave draguljev v najkakovostnej\u0161i nakit za prebadanje brez navoja. Izdelan je iz titana za vsadke F-136, zato je hipoalergeni, varen in trpe\u017een, zaradi \u010desar je vreden zaupanja pirserjev in strokovnjakov za prebadanje. Zasnovan in izdelan je posebej za preu\u010devane labirinte s potisnimi zati\u010di 25G, na voljo pa so velikosti 1,5 mm, 2 mm, 2,5 mm in 3 mm, zato je izjemno prilagodljiv za ve\u010d vrst piercingov.<\/p>\n<p>Smaragdno zeleni kubi\u010dni cirkoni mu dajejo izstopajo\u010d, presenetljiv luksuzni videz za stranke, ki si \u017eelijo prebosti visokokakovosten nakit za telo z dragimi kamni. Poskrbite, da bo v va\u0161i trgovini na voljo ta osupljivi zati\u010d, saj smaragdni zati\u010d izpolnjuje vse zahteve profesionalne varnosti, hkrati pa va\u0161im strankam zagotavlja osupljivo estetiko.<\/p>","protected":false},"excerpt":{"rendered":"<ul>\n<li>Dodatna oprema za zatisne zati\u010de<\/li>\n<li>Primerno za kampiranje samo z labelami s potisnim zati\u010dem<\/li>\n<li>Material: Titanium F-136<\/li>\n<li>Merilo: 25G<\/li>\n<li>Premeri: 1,5 mm - 2 mm - 2,5 mm - 3 mm<\/li>\n<li>dragulj: Kubi\u010dni cirkonij<\/li>\n<\/ul>","protected":false},"featured_media":15672,"comment_status":"closed","ping_status":"closed","template":"","meta":{"_acf_changed":false},"product_brand":[],"product_cat":[340,343],"product_tag":[218,295,296,187,188,189,205,206,212,190,183,213,184,297,294,207],"class_list":{"0":"post-15667","1":"product","2":"type-product","3":"status-publish","4":"has-post-thumbnail","6":"product_cat-titanium-jewelry","7":"product_cat-tops-titanium-jewelry","8":"product_tag-ball","9":"product_tag-bola","10":"product_tag-bolita","11":"product_tag-conch","12":"product_tag-ear","13":"product_tag-helix","14":"product_tag-lobe","15":"product_tag-lobulo","16":"product_tag-medusa","17":"product_tag-oreja","18":"product_tag-perforacion","19":"product_tag-philtrum","20":"product_tag-piercing","21":"product_tag-repuesto","22":"product_tag-spare","23":"product_tag-tragus","25":"first","26":"instock","27":"taxable","28":"shipping-taxable","29":"purchasable","30":"product-type-variable"},"acf":[],"gallery_images":[27761,27760],"_links":{"self":[{"href":"https:\/\/tremunpiercing.com\/sl\/wp-json\/wp\/v2\/product\/15667","targetHints":{"allow":["GET"]}}],"collection":[{"href":"https:\/\/tremunpiercing.com\/sl\/wp-json\/wp\/v2\/product"}],"about":[{"href":"https:\/\/tremunpiercing.com\/sl\/wp-json\/wp\/v2\/types\/product"}],"replies":[{"embeddable":true,"href":"https:\/\/tremunpiercing.com\/sl\/wp-json\/wp\/v2\/comments?post=15667"}],"version-history":[{"count":1,"href":"https:\/\/tremunpiercing.com\/sl\/wp-json\/wp\/v2\/product\/15667\/revisions"}],"predecessor-version":[{"id":27765,"href":"https:\/\/tremunpiercing.com\/sl\/wp-json\/wp\/v2\/product\/15667\/revisions\/27765"}],"wp:featuredmedia":[{"embeddable":true,"href":"https:\/\/tremunpiercing.com\/sl\/wp-json\/wp\/v2\/media\/15672"}],"wp:attachment":[{"href":"https:\/\/tremunpiercing.com\/sl\/wp-json\/wp\/v2\/media?parent=15667"}],"wp:term":[{"taxonomy":"product_brand","embeddable":true,"href":"https:\/\/tremunpiercing.com\/sl\/wp-json\/wp\/v2\/product_brand?post=15667"},{"taxonomy":"product_cat","embeddable":true,"href":"https:\/\/tremunpiercing.com\/sl\/wp-json\/wp\/v2\/product_cat?post=15667"},{"taxonomy":"product_tag","embeddable":true,"href":"https:\/\/tremunpiercing.com\/sl\/wp-json\/wp\/v2\/product_tag?post=15667"}],"curies":[{"name":"wp","href":"https:\/\/api.w.org\/{rel}","templated":true}]}}