{"id":15673,"date":"2025-04-14T18:19:31","date_gmt":"2025-04-14T17:19:31","guid":{"rendered":"https:\/\/tremunpiercing.com\/?post_type=product&#038;p=15673"},"modified":"2026-04-18T10:25:48","modified_gmt":"2026-04-18T09:25:48","slug":"lilbit-push-pin-sapphire-blue","status":"publish","type":"product","link":"https:\/\/tremunpiercing.com\/sl\/product\/lilbit-push-pin-sapphire-blue\/","title":{"rendered":"Lilbit Push Pin Sapphire Blue"},"content":{"rendered":"<p>Lilbit Push Pin Sapphire Blue je majhen, a barvit piercing brez navoja, primeren za profesionalno uporabo. Ta kos za prebadanje brez navoja je izdelan iz titana F-136 za implantacije in ima vse tri lastnosti odli\u010dnega nakita za telo: je lahek, vesoljsko vzdr\u017eljiv in hipoalergeni 100%.<\/p>\n<p>Lilbit Push Pin Sapphire Blue lahko nosite le z labelami za pritiskanje z zati\u010di premera 25 in so na voljo s premerom 1,5 mm, 2 mm, 2,5 mm ali 3 mm, kar omogo\u010da razli\u010dne namestitve. Izdelek poudarja osupljiv, svetel in ble\u0161\u010de\u010d kubi\u010dni cirkonijev kamen safirno modre barve, ki omogo\u010da barvit, drzen sijaj za vse hrustan\u010dne, lobusne ali <a href=\"https:\/\/tremunpiercing.com\/product-category\/titanium-jewelry\/nose-titanium-jewelry\/\">piercingi v nosu<\/a>.<\/p>\n<p>K sre\u010di na\u0161e stranke iz studiev za piercing in tetova\u017ee po vsej Evropi zaupajo na\u0161i varni dobavi nakita za telo in izdelavi nakita za piercing. Ponosni smo, da smo dobavitelj medicinskega nakita za prebadanje na debelo v ZDA, Zdru\u017eenem kraljestvu in \u0160paniji. \u010ce boste naro\u010dili safirno modro sponko Lilbit Push Pin in jo dodali v svojo zbirko veleprodajnega nakita za telo, boste svojim strankam zagotovili razmeroma varno modno mo\u017enost, ki pooseblja kakovost in strokovnost.<\/p>","protected":false},"excerpt":{"rendered":"<ul>\n<li>Dodatna oprema za zatisne zati\u010de<\/li>\n<li>Primerno za kampiranje samo z labelami s potisnim zati\u010dem<\/li>\n<li>Material: Titanium F-136<\/li>\n<li>Merilo: 25G<\/li>\n<li>Premeri: 1,5 mm - 2 mm - 2,5 mm - 3 mm<\/li>\n<li>dragulj: Kubi\u010dni cirkonij<\/li>\n<\/ul>","protected":false},"featured_media":15678,"comment_status":"closed","ping_status":"closed","template":"","meta":{"_acf_changed":false},"product_brand":[],"product_cat":[340,343],"product_tag":[218,295,296,187,188,189,205,206,212,190,183,213,184,297,294,207],"class_list":{"0":"post-15673","1":"product","2":"type-product","3":"status-publish","4":"has-post-thumbnail","6":"product_cat-titanium-jewelry","7":"product_cat-tops-titanium-jewelry","8":"product_tag-ball","9":"product_tag-bola","10":"product_tag-bolita","11":"product_tag-conch","12":"product_tag-ear","13":"product_tag-helix","14":"product_tag-lobe","15":"product_tag-lobulo","16":"product_tag-medusa","17":"product_tag-oreja","18":"product_tag-perforacion","19":"product_tag-philtrum","20":"product_tag-piercing","21":"product_tag-repuesto","22":"product_tag-spare","23":"product_tag-tragus","25":"first","26":"instock","27":"taxable","28":"shipping-taxable","29":"purchasable","30":"product-type-variable"},"acf":[],"gallery_images":[27736,27737],"_links":{"self":[{"href":"https:\/\/tremunpiercing.com\/sl\/wp-json\/wp\/v2\/product\/15673","targetHints":{"allow":["GET"]}}],"collection":[{"href":"https:\/\/tremunpiercing.com\/sl\/wp-json\/wp\/v2\/product"}],"about":[{"href":"https:\/\/tremunpiercing.com\/sl\/wp-json\/wp\/v2\/types\/product"}],"replies":[{"embeddable":true,"href":"https:\/\/tremunpiercing.com\/sl\/wp-json\/wp\/v2\/comments?post=15673"}],"version-history":[{"count":1,"href":"https:\/\/tremunpiercing.com\/sl\/wp-json\/wp\/v2\/product\/15673\/revisions"}],"predecessor-version":[{"id":27738,"href":"https:\/\/tremunpiercing.com\/sl\/wp-json\/wp\/v2\/product\/15673\/revisions\/27738"}],"wp:featuredmedia":[{"embeddable":true,"href":"https:\/\/tremunpiercing.com\/sl\/wp-json\/wp\/v2\/media\/15678"}],"wp:attachment":[{"href":"https:\/\/tremunpiercing.com\/sl\/wp-json\/wp\/v2\/media?parent=15673"}],"wp:term":[{"taxonomy":"product_brand","embeddable":true,"href":"https:\/\/tremunpiercing.com\/sl\/wp-json\/wp\/v2\/product_brand?post=15673"},{"taxonomy":"product_cat","embeddable":true,"href":"https:\/\/tremunpiercing.com\/sl\/wp-json\/wp\/v2\/product_cat?post=15673"},{"taxonomy":"product_tag","embeddable":true,"href":"https:\/\/tremunpiercing.com\/sl\/wp-json\/wp\/v2\/product_tag?post=15673"}],"curies":[{"name":"wp","href":"https:\/\/api.w.org\/{rel}","templated":true}]}}