{"id":15762,"date":"2025-04-15T17:53:16","date_gmt":"2025-04-15T16:53:16","guid":{"rendered":"https:\/\/tremunpiercing.com\/?post_type=product&#038;p=15762"},"modified":"2026-04-21T12:33:24","modified_gmt":"2026-04-21T11:33:24","slug":"dermal-top-sw-crystal-ab","status":"publish","type":"product","link":"https:\/\/tremunpiercing.com\/sl\/product\/dermal-top-sw-crystal-ab\/","title":{"rendered":"Dermal Top - SW Crystal AB"},"content":{"rendered":"<p>Dermal Top-SW Crystal AB (Aurora Borealis) zagotavlja fantasti\u010den ve\u010dbarvni u\u010dinek, ki je hitro postal eden najbolj iskanih modelov za pirserje po vsem svetu. Izdelan je iz titana za vsadke F-136, je lahek, hipoalergen in varen za vsako ob\u010dutljivo ko\u017eo. Notranji navoj zagotavlja, da bo profesionalna uporaba gladka in da bo tveganje pri vsakem vstavljanju \u010dim manj\u0161e. SW Crystal AB je na voljo v naslednjih premerih: 2,5 mm, 3 mm, 4 mm in 5 mm z merami 16G-14G, ki ustrezajo skoraj vsem ko\u017enim namestitvam pri pacientih. Odboj svetlobe skozi kristal bo iz\u017eareval mavri\u010dni u\u010dinek, zaradi \u010desar se bo vsak kos iskril in bo vsaki stranki zagotovil edinstven slog.<\/p>","protected":false},"excerpt":{"rendered":"<ul>\n<li>Z notranjim navojem<\/li>\n<li>Material: Titanium F-136<\/li>\n<li>Premer: 2,5 mm - 3 mm - 4 mm - 5 mm<\/li>\n<li>Merilnik: 16G - 14G<\/li>\n<\/ul>","protected":false},"featured_media":15769,"comment_status":"closed","ping_status":"closed","template":"","meta":{"_acf_changed":false},"product_brand":[],"product_cat":[442,340,343],"product_tag":[187,215,216,188,189,210,211,212,190,183,213,184,207],"class_list":{"0":"post-15762","1":"product","2":"type-product","3":"status-publish","4":"has-post-thumbnail","6":"product_cat-sw","7":"product_cat-titanium-jewelry","8":"product_cat-tops-titanium-jewelry","9":"product_tag-conch","10":"product_tag-dermal-top","11":"product_tag-disc","12":"product_tag-ear","13":"product_tag-helix","14":"product_tag-labret","15":"product_tag-lip","16":"product_tag-medusa","17":"product_tag-oreja","18":"product_tag-perforacion","19":"product_tag-philtrum","20":"product_tag-piercing","21":"product_tag-tragus","23":"first","24":"instock","25":"taxable","26":"shipping-taxable","27":"purchasable","28":"product-type-variable"},"acf":[],"gallery_images":[27722,27721],"_links":{"self":[{"href":"https:\/\/tremunpiercing.com\/sl\/wp-json\/wp\/v2\/product\/15762","targetHints":{"allow":["GET"]}}],"collection":[{"href":"https:\/\/tremunpiercing.com\/sl\/wp-json\/wp\/v2\/product"}],"about":[{"href":"https:\/\/tremunpiercing.com\/sl\/wp-json\/wp\/v2\/types\/product"}],"replies":[{"embeddable":true,"href":"https:\/\/tremunpiercing.com\/sl\/wp-json\/wp\/v2\/comments?post=15762"}],"version-history":[{"count":1,"href":"https:\/\/tremunpiercing.com\/sl\/wp-json\/wp\/v2\/product\/15762\/revisions"}],"predecessor-version":[{"id":27723,"href":"https:\/\/tremunpiercing.com\/sl\/wp-json\/wp\/v2\/product\/15762\/revisions\/27723"}],"wp:featuredmedia":[{"embeddable":true,"href":"https:\/\/tremunpiercing.com\/sl\/wp-json\/wp\/v2\/media\/15769"}],"wp:attachment":[{"href":"https:\/\/tremunpiercing.com\/sl\/wp-json\/wp\/v2\/media?parent=15762"}],"wp:term":[{"taxonomy":"product_brand","embeddable":true,"href":"https:\/\/tremunpiercing.com\/sl\/wp-json\/wp\/v2\/product_brand?post=15762"},{"taxonomy":"product_cat","embeddable":true,"href":"https:\/\/tremunpiercing.com\/sl\/wp-json\/wp\/v2\/product_cat?post=15762"},{"taxonomy":"product_tag","embeddable":true,"href":"https:\/\/tremunpiercing.com\/sl\/wp-json\/wp\/v2\/product_tag?post=15762"}],"curies":[{"name":"wp","href":"https:\/\/api.w.org\/{rel}","templated":true}]}}