{"id":15805,"date":"2025-04-15T18:20:25","date_gmt":"2025-04-15T17:20:25","guid":{"rendered":"https:\/\/tremunpiercing.com\/?post_type=product&#038;p=15805"},"modified":"2026-04-21T12:33:24","modified_gmt":"2026-04-21T11:33:24","slug":"dermal-top-sw-crystal-rose","status":"publish","type":"product","link":"https:\/\/tremunpiercing.com\/sl\/product\/dermal-top-sw-crystal-rose\/","title":{"rendered":"Dermal Top - SW Crystal Rose"},"content":{"rendered":"<p>Dermal Top-SW Crystal Rose je varna in modna izbira za stranke, ki imajo raje ne\u017ene, a \u010dudovite odtenke. Dermal Top je izdelan iz titana F-136 za vsadke, je hipoalergeni\u010den in trpe\u017een ter je osredoto\u010den na varnost in udobje va\u0161e stranke. Notranji navoj omogo\u010da nemoteno nana\u0161anje in je narejen za profesionalno uporabo. Dermal Top je na voljo v premerih 2,5 mm, 3 mm, 4 mm in 5 mm za merilnike 16 g - 14 g, kar odpira mo\u017enosti za ve\u010d dermalnih namestitev. Ne\u017een kristal Rose SW krasi sredino nakita in dodaja \u017eenstven dotik ne\u017enega leska za va\u0161o stranko, ki i\u0161\u010de bolj umirjeno obliko nakita.<\/p>","protected":false},"excerpt":{"rendered":"<ul>\n<li>Z notranjim navojem<\/li>\n<li>Material: Titanium F-136<\/li>\n<li>Premer: 2,5 mm - 3 mm - 4 mm - 5 mm<\/li>\n<li>Merilnik: 16G - 14G<\/li>\n<\/ul>","protected":false},"featured_media":15822,"comment_status":"closed","ping_status":"closed","template":"","meta":{"_acf_changed":false},"product_brand":[],"product_cat":[442,340,343],"product_tag":[187,215,216,188,189,210,211,212,190,183,213,184,207],"class_list":{"0":"post-15805","1":"product","2":"type-product","3":"status-publish","4":"has-post-thumbnail","6":"product_cat-sw","7":"product_cat-titanium-jewelry","8":"product_cat-tops-titanium-jewelry","9":"product_tag-conch","10":"product_tag-dermal-top","11":"product_tag-disc","12":"product_tag-ear","13":"product_tag-helix","14":"product_tag-labret","15":"product_tag-lip","16":"product_tag-medusa","17":"product_tag-oreja","18":"product_tag-perforacion","19":"product_tag-philtrum","20":"product_tag-piercing","21":"product_tag-tragus","23":"first","24":"instock","25":"taxable","26":"shipping-taxable","27":"purchasable","28":"product-type-variable"},"acf":[],"gallery_images":[27714,27715],"_links":{"self":[{"href":"https:\/\/tremunpiercing.com\/sl\/wp-json\/wp\/v2\/product\/15805","targetHints":{"allow":["GET"]}}],"collection":[{"href":"https:\/\/tremunpiercing.com\/sl\/wp-json\/wp\/v2\/product"}],"about":[{"href":"https:\/\/tremunpiercing.com\/sl\/wp-json\/wp\/v2\/types\/product"}],"replies":[{"embeddable":true,"href":"https:\/\/tremunpiercing.com\/sl\/wp-json\/wp\/v2\/comments?post=15805"}],"version-history":[{"count":1,"href":"https:\/\/tremunpiercing.com\/sl\/wp-json\/wp\/v2\/product\/15805\/revisions"}],"predecessor-version":[{"id":27716,"href":"https:\/\/tremunpiercing.com\/sl\/wp-json\/wp\/v2\/product\/15805\/revisions\/27716"}],"wp:featuredmedia":[{"embeddable":true,"href":"https:\/\/tremunpiercing.com\/sl\/wp-json\/wp\/v2\/media\/15822"}],"wp:attachment":[{"href":"https:\/\/tremunpiercing.com\/sl\/wp-json\/wp\/v2\/media?parent=15805"}],"wp:term":[{"taxonomy":"product_brand","embeddable":true,"href":"https:\/\/tremunpiercing.com\/sl\/wp-json\/wp\/v2\/product_brand?post=15805"},{"taxonomy":"product_cat","embeddable":true,"href":"https:\/\/tremunpiercing.com\/sl\/wp-json\/wp\/v2\/product_cat?post=15805"},{"taxonomy":"product_tag","embeddable":true,"href":"https:\/\/tremunpiercing.com\/sl\/wp-json\/wp\/v2\/product_tag?post=15805"}],"curies":[{"name":"wp","href":"https:\/\/api.w.org\/{rel}","templated":true}]}}