{"id":15843,"date":"2025-04-15T19:20:47","date_gmt":"2025-04-15T18:20:47","guid":{"rendered":"https:\/\/tremunpiercing.com\/?post_type=product&#038;p=15843"},"modified":"2026-04-17T17:06:28","modified_gmt":"2026-04-17T16:06:28","slug":"dermal-top-sw-crystal-emerald","status":"publish","type":"product","link":"https:\/\/tremunpiercing.com\/sl\/product\/dermal-top-sw-crystal-emerald\/","title":{"rendered":"Dermal Top - SW Crystal Emerald"},"content":{"rendered":"<p>Zdru\u017eite eleganco in varnost z Dermal Top-SW Crystal Emerald. Ta dermalni vrh je izdelan za mojstre piercinga, ki zahtevajo kakovost, in je izdelan iz titana F-136 za vsadke ter je hipoalergeni\u010den in izjemno lahek za varno in udobno dolgotrajno no\u0161enje. Delavci imajo pri izbiri izdelka za nakit za golo telo v mislih varnost, nakit z notranjim navojem pa je la\u017eji za vstavljanje in hkrati varnej\u0161i, zato je idealen za profesionalno uporabo.<\/p>\n<p>Dermal Top-SW Crystal Emerald je na voljo v razli\u010dnih premerih od 2,5 mm do 5 mm in premerih 16G-14G, zato je idealen za ve\u010dkratno namestitev. Smaragdni kristal SW daje bogat zeleni sijaj, zato je to lep kos za zbirke strank. \u0160e danes oskrbite svoj studio s smaragdnim dermalom <a href=\"https:\/\/tremunpiercing.com\/product-category\/titanium-jewelry\/tops-titanium-jewelry\/\">vrhovi<\/a> iz zaloge varnega nakita za telo.<\/p>","protected":false},"excerpt":{"rendered":"<ul>\n<li>Z notranjim navojem<\/li>\n<li>Material: Titanium F-136<\/li>\n<li>Premer: 2,5 mm - 3 mm - 4 mm - 5 mm<\/li>\n<li>Merilnik: 16G - 14G<\/li>\n<\/ul>","protected":false},"featured_media":15851,"comment_status":"closed","ping_status":"closed","template":"","meta":{"_acf_changed":false},"product_brand":[],"product_cat":[442,340,343],"product_tag":[187,215,216,188,189,210,211,212,190,183,213,184,207],"class_list":{"0":"post-15843","1":"product","2":"type-product","3":"status-publish","4":"has-post-thumbnail","6":"product_cat-sw","7":"product_cat-titanium-jewelry","8":"product_cat-tops-titanium-jewelry","9":"product_tag-conch","10":"product_tag-dermal-top","11":"product_tag-disc","12":"product_tag-ear","13":"product_tag-helix","14":"product_tag-labret","15":"product_tag-lip","16":"product_tag-medusa","17":"product_tag-oreja","18":"product_tag-perforacion","19":"product_tag-philtrum","20":"product_tag-piercing","21":"product_tag-tragus","23":"first","24":"instock","25":"taxable","26":"shipping-taxable","27":"purchasable","28":"product-type-variable"},"acf":[],"gallery_images":[27708,27707],"_links":{"self":[{"href":"https:\/\/tremunpiercing.com\/sl\/wp-json\/wp\/v2\/product\/15843","targetHints":{"allow":["GET"]}}],"collection":[{"href":"https:\/\/tremunpiercing.com\/sl\/wp-json\/wp\/v2\/product"}],"about":[{"href":"https:\/\/tremunpiercing.com\/sl\/wp-json\/wp\/v2\/types\/product"}],"replies":[{"embeddable":true,"href":"https:\/\/tremunpiercing.com\/sl\/wp-json\/wp\/v2\/comments?post=15843"}],"version-history":[{"count":1,"href":"https:\/\/tremunpiercing.com\/sl\/wp-json\/wp\/v2\/product\/15843\/revisions"}],"predecessor-version":[{"id":27710,"href":"https:\/\/tremunpiercing.com\/sl\/wp-json\/wp\/v2\/product\/15843\/revisions\/27710"}],"wp:featuredmedia":[{"embeddable":true,"href":"https:\/\/tremunpiercing.com\/sl\/wp-json\/wp\/v2\/media\/15851"}],"wp:attachment":[{"href":"https:\/\/tremunpiercing.com\/sl\/wp-json\/wp\/v2\/media?parent=15843"}],"wp:term":[{"taxonomy":"product_brand","embeddable":true,"href":"https:\/\/tremunpiercing.com\/sl\/wp-json\/wp\/v2\/product_brand?post=15843"},{"taxonomy":"product_cat","embeddable":true,"href":"https:\/\/tremunpiercing.com\/sl\/wp-json\/wp\/v2\/product_cat?post=15843"},{"taxonomy":"product_tag","embeddable":true,"href":"https:\/\/tremunpiercing.com\/sl\/wp-json\/wp\/v2\/product_tag?post=15843"}],"curies":[{"name":"wp","href":"https:\/\/api.w.org\/{rel}","templated":true}]}}