{"id":15853,"date":"2025-04-15T21:21:21","date_gmt":"2025-04-15T20:21:21","guid":{"rendered":"https:\/\/tremunpiercing.com\/?post_type=product&#038;p=15853"},"modified":"2026-04-17T17:06:28","modified_gmt":"2026-04-17T16:06:28","slug":"dermal-top-sw-crystal-sapphire","status":"publish","type":"product","link":"https:\/\/tremunpiercing.com\/sl\/product\/dermal-top-sw-crystal-sapphire\/","title":{"rendered":"Dermal Top - SW Crystal Sapphire"},"content":{"rendered":"<p data-pm-slice=\"1 1 []\">Dermal Top - SW Crystal Sapphire je profesionalni dermalni pripomo\u010dek, ki ga strokovnjaki za piercing uporabljajo po vsem svetu. Izdelan je iz titana za vsadke F-136, ki zagotavlja varnost in vzdr\u017eljivost, in je titanov \u010dep z notranjim (\u017eenskim) navojem, ki zagotavlja gladko nana\u0161anje na povr\u0161ino in varno prileganje. Dermal Top je mogo\u010de uporabiti tudi za ve\u010d dermalnih mest; na voljo je v premerih 2,5 mm, 3 mm, 4 mm in 5 mm ter premerih 16G in 14G (torej obstajajo mo\u017enosti za vsa va\u0161a razli\u010dna mesta). Bogata modra barva kristalov\/kamnov Sapphire SW res izstopa in zagotavlja vrhunski pristop ter je ljubljenec strank, ki \u017eelijo na podro\u010dju telesnega nakita preprosto izstopati.<\/p>","protected":false},"excerpt":{"rendered":"<ul>\n<li>Z notranjim navojem<\/li>\n<li>Material: Titanium F-136<\/li>\n<li>Premer: 2,5 mm - 3 mm - 4 mm - 5 mm<\/li>\n<li>Merilnik: 16G - 14G<\/li>\n<\/ul>","protected":false},"featured_media":15860,"comment_status":"closed","ping_status":"closed","template":"","meta":{"_acf_changed":false},"product_brand":[],"product_cat":[442,340,343],"product_tag":[187,215,216,188,189,210,211,212,190,183,213,184,207],"class_list":{"0":"post-15853","1":"product","2":"type-product","3":"status-publish","4":"has-post-thumbnail","6":"product_cat-sw","7":"product_cat-titanium-jewelry","8":"product_cat-tops-titanium-jewelry","9":"product_tag-conch","10":"product_tag-dermal-top","11":"product_tag-disc","12":"product_tag-ear","13":"product_tag-helix","14":"product_tag-labret","15":"product_tag-lip","16":"product_tag-medusa","17":"product_tag-oreja","18":"product_tag-perforacion","19":"product_tag-philtrum","20":"product_tag-piercing","21":"product_tag-tragus","23":"first","24":"instock","25":"taxable","26":"shipping-taxable","27":"purchasable","28":"product-type-variable"},"acf":[],"gallery_images":[27712,27711],"_links":{"self":[{"href":"https:\/\/tremunpiercing.com\/sl\/wp-json\/wp\/v2\/product\/15853","targetHints":{"allow":["GET"]}}],"collection":[{"href":"https:\/\/tremunpiercing.com\/sl\/wp-json\/wp\/v2\/product"}],"about":[{"href":"https:\/\/tremunpiercing.com\/sl\/wp-json\/wp\/v2\/types\/product"}],"replies":[{"embeddable":true,"href":"https:\/\/tremunpiercing.com\/sl\/wp-json\/wp\/v2\/comments?post=15853"}],"version-history":[{"count":1,"href":"https:\/\/tremunpiercing.com\/sl\/wp-json\/wp\/v2\/product\/15853\/revisions"}],"predecessor-version":[{"id":27713,"href":"https:\/\/tremunpiercing.com\/sl\/wp-json\/wp\/v2\/product\/15853\/revisions\/27713"}],"wp:featuredmedia":[{"embeddable":true,"href":"https:\/\/tremunpiercing.com\/sl\/wp-json\/wp\/v2\/media\/15860"}],"wp:attachment":[{"href":"https:\/\/tremunpiercing.com\/sl\/wp-json\/wp\/v2\/media?parent=15853"}],"wp:term":[{"taxonomy":"product_brand","embeddable":true,"href":"https:\/\/tremunpiercing.com\/sl\/wp-json\/wp\/v2\/product_brand?post=15853"},{"taxonomy":"product_cat","embeddable":true,"href":"https:\/\/tremunpiercing.com\/sl\/wp-json\/wp\/v2\/product_cat?post=15853"},{"taxonomy":"product_tag","embeddable":true,"href":"https:\/\/tremunpiercing.com\/sl\/wp-json\/wp\/v2\/product_tag?post=15853"}],"curies":[{"name":"wp","href":"https:\/\/api.w.org\/{rel}","templated":true}]}}