{"id":15871,"date":"2025-04-15T22:24:55","date_gmt":"2025-04-15T21:24:55","guid":{"rendered":"https:\/\/tremunpiercing.com\/?post_type=product&#038;p=15871"},"modified":"2026-04-20T18:01:42","modified_gmt":"2026-04-20T17:01:42","slug":"dermal-top-sw-crystal-jet","status":"publish","type":"product","link":"https:\/\/tremunpiercing.com\/sl\/product\/dermal-top-sw-crystal-jet\/","title":{"rendered":"Dermalni vrh - SW Crystal Jet"},"content":{"rendered":"<p data-pm-slice=\"1 1 []\">Dermalni vrh - SW Crystal Jet je eleganten, profesionalno kakovosten dermalni vrh za pirserje in studije. Narejen je iz materiala iz titana F-136 za vsadke. <a href=\"https:\/\/tremunpiercing.com\/product-category\/titanium-jewelry\/tops-titanium-jewelry\/\">top<\/a> uporablja notranjo navojno zasnovo za najvarnej\u0161e, hipoalergene in najtrajnostnej\u0161e mo\u017enosti, ki so na voljo. Na voljo so v velikostih 2,5 mm, 3 mm, 4 mm in 5 mm ter z merami od 16G do 14G, kar vam omogo\u010da prilagodljivost pri name\u0161\u010danju piercinga in izbiro izdelka po meri. Temno \u010drn dragulj SW Crystal Jet dodaja ostri, eleganten videz, ki bo zagotovo zadovoljil va\u0161e stranke, ki si \u017eelijo sodobnega, udarnega nakita. \u010ce ste piercer ali vodite studio ali trgovino s tetova\u017eami, za izpopolnitev svoje zbirke nakita za prebadanje na debelo potrebujete ta dermalni top, ki bo dopolnil va\u0161o zbirko.<\/p>","protected":false},"excerpt":{"rendered":"<ul>\n<li>Z notranjim navojem<\/li>\n<li>Material: Titanium F-136<\/li>\n<li>Premer: 2,5 mm - 3 mm - 4 mm - 5 mm<\/li>\n<li>Merilnik: 16G - 14G<\/li>\n<\/ul>","protected":false},"featured_media":15879,"comment_status":"closed","ping_status":"closed","template":"","meta":{"_acf_changed":false},"product_brand":[],"product_cat":[442,340,343],"product_tag":[187,215,216,188,189,210,211,212,190,183,213,184,207],"class_list":{"0":"post-15871","1":"product","2":"type-product","3":"status-publish","4":"has-post-thumbnail","6":"product_cat-sw","7":"product_cat-titanium-jewelry","8":"product_cat-tops-titanium-jewelry","9":"product_tag-conch","10":"product_tag-dermal-top","11":"product_tag-disc","12":"product_tag-ear","13":"product_tag-helix","14":"product_tag-labret","15":"product_tag-lip","16":"product_tag-medusa","17":"product_tag-oreja","18":"product_tag-perforacion","19":"product_tag-philtrum","20":"product_tag-piercing","21":"product_tag-tragus","23":"first","24":"instock","25":"taxable","26":"shipping-taxable","27":"purchasable","28":"product-type-variable"},"acf":[],"gallery_images":[27702,27703],"_links":{"self":[{"href":"https:\/\/tremunpiercing.com\/sl\/wp-json\/wp\/v2\/product\/15871","targetHints":{"allow":["GET"]}}],"collection":[{"href":"https:\/\/tremunpiercing.com\/sl\/wp-json\/wp\/v2\/product"}],"about":[{"href":"https:\/\/tremunpiercing.com\/sl\/wp-json\/wp\/v2\/types\/product"}],"replies":[{"embeddable":true,"href":"https:\/\/tremunpiercing.com\/sl\/wp-json\/wp\/v2\/comments?post=15871"}],"version-history":[{"count":1,"href":"https:\/\/tremunpiercing.com\/sl\/wp-json\/wp\/v2\/product\/15871\/revisions"}],"predecessor-version":[{"id":27704,"href":"https:\/\/tremunpiercing.com\/sl\/wp-json\/wp\/v2\/product\/15871\/revisions\/27704"}],"wp:featuredmedia":[{"embeddable":true,"href":"https:\/\/tremunpiercing.com\/sl\/wp-json\/wp\/v2\/media\/15879"}],"wp:attachment":[{"href":"https:\/\/tremunpiercing.com\/sl\/wp-json\/wp\/v2\/media?parent=15871"}],"wp:term":[{"taxonomy":"product_brand","embeddable":true,"href":"https:\/\/tremunpiercing.com\/sl\/wp-json\/wp\/v2\/product_brand?post=15871"},{"taxonomy":"product_cat","embeddable":true,"href":"https:\/\/tremunpiercing.com\/sl\/wp-json\/wp\/v2\/product_cat?post=15871"},{"taxonomy":"product_tag","embeddable":true,"href":"https:\/\/tremunpiercing.com\/sl\/wp-json\/wp\/v2\/product_tag?post=15871"}],"curies":[{"name":"wp","href":"https:\/\/api.w.org\/{rel}","templated":true}]}}