{"id":15886,"date":"2025-04-16T16:00:42","date_gmt":"2025-04-16T15:00:42","guid":{"rendered":"https:\/\/tremunpiercing.com\/?post_type=product&#038;p=15886"},"modified":"2026-03-19T15:55:55","modified_gmt":"2026-03-19T14:55:55","slug":"athena-emerald-cz","status":"publish","type":"product","link":"https:\/\/tremunpiercing.com\/sl\/product\/athena-emerald-cz\/","title":{"rendered":"Athena Smaragd CZ"},"content":{"rendered":"<p data-pm-slice=\"1 1 []\">Athena Emerald CZ je \u010dudovit nakit za prebadanje iz titana z notranjim navojem, narejen za strokovnjake, ki dajejo prednost varnosti in trajnosti.Ta izdelek je izdelan iz titana za vsadke F-136 (hipoalergeni) in je primeren za dolgo uporabo. Ta kos je na voljo kot 16G, dolg 16 mm ali 12 mm, in je opremljen z osupljivo smaragdno zeleno <strong>kubi\u010dni cirkonij<\/strong> za dodaten pridih iskrivosti. Notranji navoj pomeni hitrej\u0161e, la\u017eje in varnej\u0161e vstavljanje za va\u0161o stranko, zato je odli\u010den za <strong>piercing za hrustanec<\/strong>, ustnice in u\u0161esa.<\/p>","protected":false},"excerpt":{"rendered":"<ul>\n<li>Z notranjim navojem<\/li>\n<li>Material: Titanium F-136<\/li>\n<li>Merilnik: 16G<\/li>\n<li>dragulj: Kubi\u010dni cirkonij<\/li>\n<li>Dol\u017eina: 16,12 mm<\/li>\n<\/ul>","protected":false},"featured_media":15887,"comment_status":"closed","ping_status":"closed","template":"","meta":{"_acf_changed":false},"product_brand":[],"product_cat":[340,343],"product_tag":[187,188,209,189,205,206,190,183,184,207],"class_list":{"0":"post-15886","1":"product","2":"type-product","3":"status-publish","4":"has-post-thumbnail","6":"product_cat-titanium-jewelry","7":"product_cat-tops-titanium-jewelry","8":"product_tag-conch","9":"product_tag-ear","10":"product_tag-faux-rook","11":"product_tag-helix","12":"product_tag-lobe","13":"product_tag-lobulo","14":"product_tag-oreja","15":"product_tag-perforacion","16":"product_tag-piercing","17":"product_tag-tragus","19":"first","20":"instock","21":"taxable","22":"shipping-taxable","23":"purchasable","24":"product-type-simple"},"acf":[],"gallery_images":[27662,27663],"_links":{"self":[{"href":"https:\/\/tremunpiercing.com\/sl\/wp-json\/wp\/v2\/product\/15886","targetHints":{"allow":["GET"]}}],"collection":[{"href":"https:\/\/tremunpiercing.com\/sl\/wp-json\/wp\/v2\/product"}],"about":[{"href":"https:\/\/tremunpiercing.com\/sl\/wp-json\/wp\/v2\/types\/product"}],"replies":[{"embeddable":true,"href":"https:\/\/tremunpiercing.com\/sl\/wp-json\/wp\/v2\/comments?post=15886"}],"version-history":[{"count":1,"href":"https:\/\/tremunpiercing.com\/sl\/wp-json\/wp\/v2\/product\/15886\/revisions"}],"predecessor-version":[{"id":27664,"href":"https:\/\/tremunpiercing.com\/sl\/wp-json\/wp\/v2\/product\/15886\/revisions\/27664"}],"wp:featuredmedia":[{"embeddable":true,"href":"https:\/\/tremunpiercing.com\/sl\/wp-json\/wp\/v2\/media\/15887"}],"wp:attachment":[{"href":"https:\/\/tremunpiercing.com\/sl\/wp-json\/wp\/v2\/media?parent=15886"}],"wp:term":[{"taxonomy":"product_brand","embeddable":true,"href":"https:\/\/tremunpiercing.com\/sl\/wp-json\/wp\/v2\/product_brand?post=15886"},{"taxonomy":"product_cat","embeddable":true,"href":"https:\/\/tremunpiercing.com\/sl\/wp-json\/wp\/v2\/product_cat?post=15886"},{"taxonomy":"product_tag","embeddable":true,"href":"https:\/\/tremunpiercing.com\/sl\/wp-json\/wp\/v2\/product_tag?post=15886"}],"curies":[{"name":"wp","href":"https:\/\/api.w.org\/{rel}","templated":true}]}}