{"id":20544,"date":"2025-08-29T20:22:06","date_gmt":"2025-08-29T19:22:06","guid":{"rendered":"https:\/\/tremunpiercing.com\/?post_type=product&#038;p=20544"},"modified":"2026-04-09T15:53:22","modified_gmt":"2026-04-09T14:53:22","slug":"becky-lab-emerald","status":"publish","type":"product","link":"https:\/\/tremunpiercing.com\/sl\/product\/becky-lab-emerald\/","title":{"rendered":"Becky Lab Smaragd"},"content":{"rendered":"<p>Brez\u010dasen in osupljiv smaragd Becky Lab doda pridih razko\u0161ja vsakemu profesionalnemu nakitu za prebadanje. Ta nakit za prebadanje z zati\u010di, ki je izdelan iz 14-karatnega rumenega zlata in ima osupljiv laboratorijsko ustvarjen kamen smaragdne barve, ki se sveti v temno zelenem odtenku, velja za zlati standard (25G) za prebadanje nosnic, tragusov in heliksa ter zdru\u017euje prefinjenost in funkcionalnost. Izjemno varen sistem push pin je za pirserje enostaven za namestitev in zagotavlja udobno no\u0161enje dolga leta. Resni\u010dno nepogre\u0161ljiv pripomo\u010dek za studie in trgovce, ki \u017eelijo svoj vrhunski zlati nakit dvigniti na vi\u0161jo raven.<\/p>\n<p>&nbsp;<\/p>","protected":false},"excerpt":{"rendered":"<ul>\n<li>Dodatna oprema za zatisne zati\u010de<\/li>\n<li>Merilo: 25G<\/li>\n<li>Material: Rumeno zlato 14k<\/li>\n<li>dragulj: Smaragd<\/li>\n<\/ul>","protected":false},"featured_media":20565,"comment_status":"closed","ping_status":"closed","template":"","meta":{"_acf_changed":false},"product_brand":[],"product_cat":[400,337,463],"product_tag":[187,188,189,205,206,190,183,184,207],"class_list":{"0":"post-20544","1":"product","2":"type-product","3":"status-publish","4":"has-post-thumbnail","6":"product_cat-tremun","7":"product_cat-gold-jewelry","8":"product_cat-tops-gold-tremun","9":"product_tag-conch","10":"product_tag-ear","11":"product_tag-helix","12":"product_tag-lobe","13":"product_tag-lobulo","14":"product_tag-oreja","15":"product_tag-perforacion","16":"product_tag-piercing","17":"product_tag-tragus","19":"first","20":"instock","21":"taxable","22":"shipping-taxable","23":"purchasable","24":"product-type-simple"},"acf":[],"gallery_images":[29320,29319],"_links":{"self":[{"href":"https:\/\/tremunpiercing.com\/sl\/wp-json\/wp\/v2\/product\/20544","targetHints":{"allow":["GET"]}}],"collection":[{"href":"https:\/\/tremunpiercing.com\/sl\/wp-json\/wp\/v2\/product"}],"about":[{"href":"https:\/\/tremunpiercing.com\/sl\/wp-json\/wp\/v2\/types\/product"}],"replies":[{"embeddable":true,"href":"https:\/\/tremunpiercing.com\/sl\/wp-json\/wp\/v2\/comments?post=20544"}],"version-history":[{"count":1,"href":"https:\/\/tremunpiercing.com\/sl\/wp-json\/wp\/v2\/product\/20544\/revisions"}],"predecessor-version":[{"id":29321,"href":"https:\/\/tremunpiercing.com\/sl\/wp-json\/wp\/v2\/product\/20544\/revisions\/29321"}],"wp:featuredmedia":[{"embeddable":true,"href":"https:\/\/tremunpiercing.com\/sl\/wp-json\/wp\/v2\/media\/20565"}],"wp:attachment":[{"href":"https:\/\/tremunpiercing.com\/sl\/wp-json\/wp\/v2\/media?parent=20544"}],"wp:term":[{"taxonomy":"product_brand","embeddable":true,"href":"https:\/\/tremunpiercing.com\/sl\/wp-json\/wp\/v2\/product_brand?post=20544"},{"taxonomy":"product_cat","embeddable":true,"href":"https:\/\/tremunpiercing.com\/sl\/wp-json\/wp\/v2\/product_cat?post=20544"},{"taxonomy":"product_tag","embeddable":true,"href":"https:\/\/tremunpiercing.com\/sl\/wp-json\/wp\/v2\/product_tag?post=20544"}],"curies":[{"name":"wp","href":"https:\/\/api.w.org\/{rel}","templated":true}]}}