{"id":20578,"date":"2025-08-29T22:40:24","date_gmt":"2025-08-29T21:40:24","guid":{"rendered":"https:\/\/tremunpiercing.com\/?post_type=product&#038;p=20578"},"modified":"2026-04-09T14:57:54","modified_gmt":"2026-04-09T13:57:54","slug":"katia-moissanite-sapphire-blue","status":"publish","type":"product","link":"https:\/\/tremunpiercing.com\/sl\/product\/katia-moissanite-sapphire-blue\/","title":{"rendered":"Katia Moissanite Sapphire Blue"},"content":{"rendered":"<p>Katia Moissanite Sapphire Blue ponuja globok oceanski sijaj v prefinjenem surovem zaklju\u010dku iz 14-karatnega rumenega zlata. Ta kos z notranjim navojem 14G ima \u017eivahen safirno modri moissanitni dragulj, ki lomi svetlobo z o\u010darljivim sijajem. Oblika kosa je zasnovana za vija\u010dnico, konho ali plo\u0161\u010dat pirsing, kar omogo\u010da enostavno pritrditev in vstavitev, hkrati pa je enako osupljiv in udoben med no\u0161enjem.<\/p>\n<p>S premerom 7 mm predstavlja popolno ravnovesje med eleganco in uporabnostjo za profesionalne pirserje. Kos je trpe\u017een za stranke, ki si \u017eelijo bogatega tona s prefinjenostjo, in bo zagotovo izstopal. Katia Moissanite Sapphire Blue je idealen za vrhunske piercing studie in prodajalce nakita, saj ponuja edinstveno me\u0161anico obrtni\u0161ke lepote in sodobnega razko\u0161ja, ki se dobro zlije in izstopa v vsaki kurirani zbirki.<\/p>","protected":false},"excerpt":{"rendered":"<ul>\n<li>Z notranjim navojem<\/li>\n<li>Merilnik: 14G<\/li>\n<li>Premer: 7 mm<\/li>\n<li>Material: Rumeno zlato 14k<\/li>\n<li>dragulj: Moissanite Sapphire Blue<\/li>\n<\/ul>","protected":false},"featured_media":20579,"comment_status":"closed","ping_status":"closed","template":"","meta":{"_acf_changed":false},"product_brand":[],"product_cat":[400,337,463],"product_tag":[187,188,189,205,206,190,183,184,207],"class_list":{"0":"post-20578","1":"product","2":"type-product","3":"status-publish","4":"has-post-thumbnail","6":"product_cat-tremun","7":"product_cat-gold-jewelry","8":"product_cat-tops-gold-tremun","9":"product_tag-conch","10":"product_tag-ear","11":"product_tag-helix","12":"product_tag-lobe","13":"product_tag-lobulo","14":"product_tag-oreja","15":"product_tag-perforacion","16":"product_tag-piercing","17":"product_tag-tragus","19":"first","20":"instock","21":"taxable","22":"shipping-taxable","23":"purchasable","24":"product-type-simple"},"acf":[],"gallery_images":[29298,29297],"_links":{"self":[{"href":"https:\/\/tremunpiercing.com\/sl\/wp-json\/wp\/v2\/product\/20578","targetHints":{"allow":["GET"]}}],"collection":[{"href":"https:\/\/tremunpiercing.com\/sl\/wp-json\/wp\/v2\/product"}],"about":[{"href":"https:\/\/tremunpiercing.com\/sl\/wp-json\/wp\/v2\/types\/product"}],"replies":[{"embeddable":true,"href":"https:\/\/tremunpiercing.com\/sl\/wp-json\/wp\/v2\/comments?post=20578"}],"version-history":[{"count":1,"href":"https:\/\/tremunpiercing.com\/sl\/wp-json\/wp\/v2\/product\/20578\/revisions"}],"predecessor-version":[{"id":29300,"href":"https:\/\/tremunpiercing.com\/sl\/wp-json\/wp\/v2\/product\/20578\/revisions\/29300"}],"wp:featuredmedia":[{"embeddable":true,"href":"https:\/\/tremunpiercing.com\/sl\/wp-json\/wp\/v2\/media\/20579"}],"wp:attachment":[{"href":"https:\/\/tremunpiercing.com\/sl\/wp-json\/wp\/v2\/media?parent=20578"}],"wp:term":[{"taxonomy":"product_brand","embeddable":true,"href":"https:\/\/tremunpiercing.com\/sl\/wp-json\/wp\/v2\/product_brand?post=20578"},{"taxonomy":"product_cat","embeddable":true,"href":"https:\/\/tremunpiercing.com\/sl\/wp-json\/wp\/v2\/product_cat?post=20578"},{"taxonomy":"product_tag","embeddable":true,"href":"https:\/\/tremunpiercing.com\/sl\/wp-json\/wp\/v2\/product_tag?post=20578"}],"curies":[{"name":"wp","href":"https:\/\/api.w.org\/{rel}","templated":true}]}}