{"id":20798,"date":"2025-09-01T16:28:10","date_gmt":"2025-09-01T15:28:10","guid":{"rendered":"https:\/\/tremunpiercing.com\/?post_type=product&#038;p=20798"},"modified":"2026-04-09T13:28:06","modified_gmt":"2026-04-09T12:28:06","slug":"brianna-sky-blue-topaz","status":"publish","type":"product","link":"https:\/\/tremunpiercing.com\/sl\/product\/brianna-sky-blue-topaz\/","title":{"rendered":"Brianna Sky Blue Topaz"},"content":{"rendered":"<p>Brianna Sky Blue Topaz je miren izraz prefinjenosti. Izdelan je iz 14-karatnega rumenega zlata in ima sijo\u010di nebesno modri topaz, ki prina\u0161a miren, a o\u010darljiv sijaj. Notranji navoj nakita 14G s premerom 7 mm zagotavlja nemoteno namestitev in trajno udobje, kar je idealno za prebadanje konhe, lobusa ali spirale. Ta kos, ki ga zaradi njegove \u010diste, sodobne estetike obo\u017eujejo strokovnjaki za prebadanje, dopolnjuje vsako razstavo vrhunskega nakita.<\/p>\n<p>Zaradi ne\u017enega odtenka in razko\u0161ne obdelave je odli\u010dna izbira za stranke, ki i\u0161\u010dejo umirjeno eleganco. Idealen je za studie in trgovce, ki cenijo slog in kakovostno izdelavo.<\/p>","protected":false},"excerpt":{"rendered":"<ul>\n<li>Z notranjim navojem<\/li>\n<li>Merilnik: 14G<\/li>\n<li>Premer: 7 mm<\/li>\n<li>Material: Rumeno zlato 14k<\/li>\n<li>dragulj: Modri topaz<\/li>\n<\/ul>","protected":false},"featured_media":20799,"comment_status":"closed","ping_status":"closed","template":"","meta":{"_acf_changed":false},"product_brand":[],"product_cat":[400,337,463],"product_tag":[187,188,189,205,206,190,183,184,207],"class_list":{"0":"post-20798","1":"product","2":"type-product","3":"status-publish","4":"has-post-thumbnail","6":"product_cat-tremun","7":"product_cat-gold-jewelry","8":"product_cat-tops-gold-tremun","9":"product_tag-conch","10":"product_tag-ear","11":"product_tag-helix","12":"product_tag-lobe","13":"product_tag-lobulo","14":"product_tag-oreja","15":"product_tag-perforacion","16":"product_tag-piercing","17":"product_tag-tragus","19":"first","20":"instock","21":"taxable","22":"shipping-taxable","23":"purchasable","24":"product-type-simple"},"acf":[],"gallery_images":[29267,29266],"_links":{"self":[{"href":"https:\/\/tremunpiercing.com\/sl\/wp-json\/wp\/v2\/product\/20798","targetHints":{"allow":["GET"]}}],"collection":[{"href":"https:\/\/tremunpiercing.com\/sl\/wp-json\/wp\/v2\/product"}],"about":[{"href":"https:\/\/tremunpiercing.com\/sl\/wp-json\/wp\/v2\/types\/product"}],"replies":[{"embeddable":true,"href":"https:\/\/tremunpiercing.com\/sl\/wp-json\/wp\/v2\/comments?post=20798"}],"version-history":[{"count":1,"href":"https:\/\/tremunpiercing.com\/sl\/wp-json\/wp\/v2\/product\/20798\/revisions"}],"predecessor-version":[{"id":29273,"href":"https:\/\/tremunpiercing.com\/sl\/wp-json\/wp\/v2\/product\/20798\/revisions\/29273"}],"wp:featuredmedia":[{"embeddable":true,"href":"https:\/\/tremunpiercing.com\/sl\/wp-json\/wp\/v2\/media\/20799"}],"wp:attachment":[{"href":"https:\/\/tremunpiercing.com\/sl\/wp-json\/wp\/v2\/media?parent=20798"}],"wp:term":[{"taxonomy":"product_brand","embeddable":true,"href":"https:\/\/tremunpiercing.com\/sl\/wp-json\/wp\/v2\/product_brand?post=20798"},{"taxonomy":"product_cat","embeddable":true,"href":"https:\/\/tremunpiercing.com\/sl\/wp-json\/wp\/v2\/product_cat?post=20798"},{"taxonomy":"product_tag","embeddable":true,"href":"https:\/\/tremunpiercing.com\/sl\/wp-json\/wp\/v2\/product_tag?post=20798"}],"curies":[{"name":"wp","href":"https:\/\/api.w.org\/{rel}","templated":true}]}}