{"id":21985,"date":"2025-09-17T19:12:55","date_gmt":"2025-09-17T18:12:55","guid":{"rendered":"https:\/\/tremunpiercing.com\/?post_type=product&#038;p=21985"},"modified":"2026-04-18T11:37:35","modified_gmt":"2026-04-18T10:37:35","slug":"lena-sw-white","status":"publish","type":"product","link":"https:\/\/tremunpiercing.com\/sl\/product\/lena-sw-white\/","title":{"rendered":"Lena - SW bela"},"content":{"rendered":"<p>Lena - SW White v minimalisti\u010dno oblikovanje vna\u0161a \u010disti sijaj. Ta 16G, 3 mm notranji navojni \u010dep je izdelan iz titana F-136 za implantate in ima \u010dudovit bel kristal Swarovski, ki se ble\u0161\u010di v vseh smereh. Hipoalergeni titan zagotavlja trajno udobje med no\u0161enjem in je idealen za piercinge labret, helix in tragus.<\/p>\n<p>Izdelan je za profesionalno namestitev, zato ga je mogo\u010de enostavno namestiti tudi v najbolj tesne prostore, hkrati pa prepre\u010duje izgubo iz \u010depov. Brez\u010dasen sijaj belega kristala se ujema z vsakim odtenkom ko\u017ee in slogom - to je potreben \u010dep za piercing studie in visokokakovostne rafinerije.<\/p>","protected":false},"excerpt":{"rendered":"<ul>\n<li>Z notranjim navojem<\/li>\n<li>Material: Titanium F-136<\/li>\n<li>Velikost: 3 mm<\/li>\n<li>dragulj: Kristal Swarovski<\/li>\n<li>Merilnik: 16G<\/li>\n<\/ul>","protected":false},"featured_media":22379,"comment_status":"closed","ping_status":"closed","template":"","meta":{"_acf_changed":false},"product_brand":[],"product_cat":[442,340,343],"product_tag":[187,188,189,210,211,199,190,183,184],"class_list":{"0":"post-21985","1":"product","2":"type-product","3":"status-publish","4":"has-post-thumbnail","6":"product_cat-sw","7":"product_cat-titanium-jewelry","8":"product_cat-tops-titanium-jewelry","9":"product_tag-conch","10":"product_tag-ear","11":"product_tag-helix","12":"product_tag-labret","13":"product_tag-lip","14":"product_tag-nostril","15":"product_tag-oreja","16":"product_tag-perforacion","17":"product_tag-piercing","19":"first","20":"instock","21":"taxable","22":"shipping-taxable","23":"purchasable","24":"product-type-simple"},"acf":[],"gallery_images":[27511,27512],"_links":{"self":[{"href":"https:\/\/tremunpiercing.com\/sl\/wp-json\/wp\/v2\/product\/21985","targetHints":{"allow":["GET"]}}],"collection":[{"href":"https:\/\/tremunpiercing.com\/sl\/wp-json\/wp\/v2\/product"}],"about":[{"href":"https:\/\/tremunpiercing.com\/sl\/wp-json\/wp\/v2\/types\/product"}],"replies":[{"embeddable":true,"href":"https:\/\/tremunpiercing.com\/sl\/wp-json\/wp\/v2\/comments?post=21985"}],"version-history":[{"count":1,"href":"https:\/\/tremunpiercing.com\/sl\/wp-json\/wp\/v2\/product\/21985\/revisions"}],"predecessor-version":[{"id":27516,"href":"https:\/\/tremunpiercing.com\/sl\/wp-json\/wp\/v2\/product\/21985\/revisions\/27516"}],"wp:featuredmedia":[{"embeddable":true,"href":"https:\/\/tremunpiercing.com\/sl\/wp-json\/wp\/v2\/media\/22379"}],"wp:attachment":[{"href":"https:\/\/tremunpiercing.com\/sl\/wp-json\/wp\/v2\/media?parent=21985"}],"wp:term":[{"taxonomy":"product_brand","embeddable":true,"href":"https:\/\/tremunpiercing.com\/sl\/wp-json\/wp\/v2\/product_brand?post=21985"},{"taxonomy":"product_cat","embeddable":true,"href":"https:\/\/tremunpiercing.com\/sl\/wp-json\/wp\/v2\/product_cat?post=21985"},{"taxonomy":"product_tag","embeddable":true,"href":"https:\/\/tremunpiercing.com\/sl\/wp-json\/wp\/v2\/product_tag?post=21985"}],"curies":[{"name":"wp","href":"https:\/\/api.w.org\/{rel}","templated":true}]}}