{"id":21991,"date":"2025-09-17T19:36:05","date_gmt":"2025-09-17T18:36:05","guid":{"rendered":"https:\/\/tremunpiercing.com\/?post_type=product&#038;p=21991"},"modified":"2026-03-22T15:52:25","modified_gmt":"2026-03-22T14:52:25","slug":"lena-sw-purplish-pink","status":"publish","type":"product","link":"https:\/\/tremunpiercing.com\/sl\/product\/lena-sw-purplish-pink\/","title":{"rendered":"Lena - SW vijoli\u010dasto ro\u017enata"},"content":{"rendered":"<p>Lena SW Purplish Pink predstavlja idealno kombinacijo elegance in sodobne prefinjenosti. Primerno izdelan iz titana za vsadke F-136, je kos z notranjim navojem 16G, 3 mm in \u010dudovitim kristalom Swarovski vijoli\u010dasto ro\u017enate barve, ki je znan po tem, da se ble\u0161\u010di z ble\u0161\u010de\u010dim ognjem.<\/p>\n<p>Hipoalergena osnova iz titana zagotavlja maksimalno udobje in dolgo \u017eivljenjsko dobo, zato se odli\u010dno prilega za tragus, helix, labret in ploske piercinge. Notranji navoj je varen in pomaga zmanj\u0161ati dra\u017eenje, hkrati pa zagotavlja popolno prileganje, ki bo v\u0161e\u010d tudi strokovnjakom. Mehka ro\u017enata barva je ne\u017een, a samozavesten dodatek k vsakemu videzu in je najljub\u0161i izdelek strank za kolekcije \u201chigh-end studia\u201d.<\/p>","protected":false},"excerpt":{"rendered":"<ul>\n<li>Z notranjim navojem<\/li>\n<li>Material: Titanium F-136<\/li>\n<li>Velikost: 3 mm<\/li>\n<li>dragulj: Kristal Swarovski<\/li>\n<li>Merilnik: 16G<\/li>\n<\/ul>","protected":false},"featured_media":22380,"comment_status":"closed","ping_status":"closed","template":"","meta":{"_acf_changed":false},"product_brand":[],"product_cat":[442,340,343],"product_tag":[187,188,189,210,211,199,190,183,184],"class_list":{"0":"post-21991","1":"product","2":"type-product","3":"status-publish","4":"has-post-thumbnail","6":"product_cat-sw","7":"product_cat-titanium-jewelry","8":"product_cat-tops-titanium-jewelry","9":"product_tag-conch","10":"product_tag-ear","11":"product_tag-helix","12":"product_tag-labret","13":"product_tag-lip","14":"product_tag-nostril","15":"product_tag-oreja","16":"product_tag-perforacion","17":"product_tag-piercing","19":"first","20":"instock","21":"taxable","22":"shipping-taxable","23":"purchasable","24":"product-type-simple"},"acf":[],"gallery_images":[27505,27506],"_links":{"self":[{"href":"https:\/\/tremunpiercing.com\/sl\/wp-json\/wp\/v2\/product\/21991","targetHints":{"allow":["GET"]}}],"collection":[{"href":"https:\/\/tremunpiercing.com\/sl\/wp-json\/wp\/v2\/product"}],"about":[{"href":"https:\/\/tremunpiercing.com\/sl\/wp-json\/wp\/v2\/types\/product"}],"replies":[{"embeddable":true,"href":"https:\/\/tremunpiercing.com\/sl\/wp-json\/wp\/v2\/comments?post=21991"}],"version-history":[{"count":1,"href":"https:\/\/tremunpiercing.com\/sl\/wp-json\/wp\/v2\/product\/21991\/revisions"}],"predecessor-version":[{"id":27507,"href":"https:\/\/tremunpiercing.com\/sl\/wp-json\/wp\/v2\/product\/21991\/revisions\/27507"}],"wp:featuredmedia":[{"embeddable":true,"href":"https:\/\/tremunpiercing.com\/sl\/wp-json\/wp\/v2\/media\/22380"}],"wp:attachment":[{"href":"https:\/\/tremunpiercing.com\/sl\/wp-json\/wp\/v2\/media?parent=21991"}],"wp:term":[{"taxonomy":"product_brand","embeddable":true,"href":"https:\/\/tremunpiercing.com\/sl\/wp-json\/wp\/v2\/product_brand?post=21991"},{"taxonomy":"product_cat","embeddable":true,"href":"https:\/\/tremunpiercing.com\/sl\/wp-json\/wp\/v2\/product_cat?post=21991"},{"taxonomy":"product_tag","embeddable":true,"href":"https:\/\/tremunpiercing.com\/sl\/wp-json\/wp\/v2\/product_tag?post=21991"}],"curies":[{"name":"wp","href":"https:\/\/api.w.org\/{rel}","templated":true}]}}