{"id":21994,"date":"2025-09-17T19:38:46","date_gmt":"2025-09-17T18:38:46","guid":{"rendered":"https:\/\/tremunpiercing.com\/?post_type=product&#038;p=21994"},"modified":"2026-03-18T16:21:28","modified_gmt":"2026-03-18T15:21:28","slug":"lena-sw-mint-green","status":"publish","type":"product","link":"https:\/\/tremunpiercing.com\/sl\/product\/lena-sw-mint-green\/","title":{"rendered":"Lena - SW Mint Green"},"content":{"rendered":"<p>Lena - SW Mint Green dodaja zabaven barvni pridih vsaki profesionalni liniji za prebadanje. Ta kos z notranjim navojem 16G, 3 mm, je izdelan iz titana za vsadke F-136 in ima \u010dudovit kristal Swarovski Mint Green, ki \u017eari s sve\u017eo energijo. Ta kos je primeren za prebadanje labretov, spiral in tragusov ter zdru\u017euje udobje in lepoto.<\/p>\n<p>Notranji navoji zagotavljajo varno in enostavno no\u0161enje ter zmanj\u0161ujejo mo\u017enost dra\u017eenja. Lena Mint Green je ustvarjena za studie, ki dajejo prednost varnosti in kakovosti, ter zdru\u017euje kakovost, barvo in razko\u0161je - ta kos je popoln dodatek za vrhunsko razstavo!<\/p>","protected":false},"excerpt":{"rendered":"<ul>\n<li>Z notranjim navojem<\/li>\n<li>Material: Titanium F-136<\/li>\n<li>Velikost: 3 mm<\/li>\n<li>dragulj: Kristal Swarovski<\/li>\n<li>Merilnik: 16G<\/li>\n<\/ul>","protected":false},"featured_media":22378,"comment_status":"closed","ping_status":"closed","template":"","meta":{"_acf_changed":false},"product_brand":[],"product_cat":[442,340,343],"product_tag":[187,188,189,210,211,199,190,183,184],"class_list":{"0":"post-21994","1":"product","2":"type-product","3":"status-publish","4":"has-post-thumbnail","6":"product_cat-sw","7":"product_cat-titanium-jewelry","8":"product_cat-tops-titanium-jewelry","9":"product_tag-conch","10":"product_tag-ear","11":"product_tag-helix","12":"product_tag-labret","13":"product_tag-lip","14":"product_tag-nostril","15":"product_tag-oreja","16":"product_tag-perforacion","17":"product_tag-piercing","19":"first","20":"instock","21":"taxable","22":"shipping-taxable","23":"purchasable","24":"product-type-simple"},"acf":[],"gallery_images":[27502,27503],"_links":{"self":[{"href":"https:\/\/tremunpiercing.com\/sl\/wp-json\/wp\/v2\/product\/21994","targetHints":{"allow":["GET"]}}],"collection":[{"href":"https:\/\/tremunpiercing.com\/sl\/wp-json\/wp\/v2\/product"}],"about":[{"href":"https:\/\/tremunpiercing.com\/sl\/wp-json\/wp\/v2\/types\/product"}],"replies":[{"embeddable":true,"href":"https:\/\/tremunpiercing.com\/sl\/wp-json\/wp\/v2\/comments?post=21994"}],"version-history":[{"count":1,"href":"https:\/\/tremunpiercing.com\/sl\/wp-json\/wp\/v2\/product\/21994\/revisions"}],"predecessor-version":[{"id":27504,"href":"https:\/\/tremunpiercing.com\/sl\/wp-json\/wp\/v2\/product\/21994\/revisions\/27504"}],"wp:featuredmedia":[{"embeddable":true,"href":"https:\/\/tremunpiercing.com\/sl\/wp-json\/wp\/v2\/media\/22378"}],"wp:attachment":[{"href":"https:\/\/tremunpiercing.com\/sl\/wp-json\/wp\/v2\/media?parent=21994"}],"wp:term":[{"taxonomy":"product_brand","embeddable":true,"href":"https:\/\/tremunpiercing.com\/sl\/wp-json\/wp\/v2\/product_brand?post=21994"},{"taxonomy":"product_cat","embeddable":true,"href":"https:\/\/tremunpiercing.com\/sl\/wp-json\/wp\/v2\/product_cat?post=21994"},{"taxonomy":"product_tag","embeddable":true,"href":"https:\/\/tremunpiercing.com\/sl\/wp-json\/wp\/v2\/product_tag?post=21994"}],"curies":[{"name":"wp","href":"https:\/\/api.w.org\/{rel}","templated":true}]}}