{"id":22010,"date":"2025-09-17T19:57:20","date_gmt":"2025-09-17T18:57:20","guid":{"rendered":"https:\/\/tremunpiercing.com\/?post_type=product&#038;p=22010"},"modified":"2026-04-19T22:08:35","modified_gmt":"2026-04-19T21:08:35","slug":"pam-crown-light-peony","status":"publish","type":"product","link":"https:\/\/tremunpiercing.com\/sl\/product\/pam-crown-light-peony\/","title":{"rendered":"Pam krona - Svetla p\u0161enica"},"content":{"rendered":"<p>Pam Crown-Light Peony iz\u017eareva ne\u017eno prefinjenost s kamnom Light Peony Opal, ki je postavljen v \u010dudovit slog krone. Ta kos z notranjim navojem (16G, 10 mm x 6 mm) je izdelan iz titana za vsadke F-136 in zagotavlja najve\u010djo varnost in vzdr\u017eljivost za dolgotrajno uporabo. Zaradi varnega navojnega navoja in gladke povr\u0161ine je primeren za prebadanje konh, tragusov, lobusov ali vija\u010dnic.<\/p>\n<p>Ro\u017enata mavrica je subtilna, vendar o\u010darljiva na vseh odtenkih ko\u017ee. Ta kos je zasnovan za udobje in eleganco, je iz titana in hipoalergeni, zato je kot nala\u0161\u010d za studie, ki i\u0161\u010dejo vrhunski biokompatibilen nakit, ki ga bodo njihove stranke rade nosile vsak dan.<\/p>","protected":false},"excerpt":{"rendered":"<ul>\n<li>Z notranjim navojem<\/li>\n<li>Material: Titanium F-136<\/li>\n<li>Merilnik: 16G<\/li>\n<li>dragulj: Opal iz svetle pegeje<\/li>\n<li>Dol\u017eina: 10 mm x 6 mm<\/li>\n<\/ul>","protected":false},"featured_media":22011,"comment_status":"closed","ping_status":"closed","template":"","meta":{"_acf_changed":false},"product_brand":[],"product_cat":[340,343],"product_tag":[187,188,209,189,205,206,190,183,184,207],"class_list":{"0":"post-22010","1":"product","2":"type-product","3":"status-publish","4":"has-post-thumbnail","6":"product_cat-titanium-jewelry","7":"product_cat-tops-titanium-jewelry","8":"product_tag-conch","9":"product_tag-ear","10":"product_tag-faux-rook","11":"product_tag-helix","12":"product_tag-lobe","13":"product_tag-lobulo","14":"product_tag-oreja","15":"product_tag-perforacion","16":"product_tag-piercing","17":"product_tag-tragus","19":"first","20":"instock","21":"taxable","22":"shipping-taxable","23":"purchasable","24":"product-type-simple"},"acf":[],"gallery_images":[27488,27487],"_links":{"self":[{"href":"https:\/\/tremunpiercing.com\/sl\/wp-json\/wp\/v2\/product\/22010","targetHints":{"allow":["GET"]}}],"collection":[{"href":"https:\/\/tremunpiercing.com\/sl\/wp-json\/wp\/v2\/product"}],"about":[{"href":"https:\/\/tremunpiercing.com\/sl\/wp-json\/wp\/v2\/types\/product"}],"replies":[{"embeddable":true,"href":"https:\/\/tremunpiercing.com\/sl\/wp-json\/wp\/v2\/comments?post=22010"}],"version-history":[{"count":1,"href":"https:\/\/tremunpiercing.com\/sl\/wp-json\/wp\/v2\/product\/22010\/revisions"}],"predecessor-version":[{"id":27489,"href":"https:\/\/tremunpiercing.com\/sl\/wp-json\/wp\/v2\/product\/22010\/revisions\/27489"}],"wp:featuredmedia":[{"embeddable":true,"href":"https:\/\/tremunpiercing.com\/sl\/wp-json\/wp\/v2\/media\/22011"}],"wp:attachment":[{"href":"https:\/\/tremunpiercing.com\/sl\/wp-json\/wp\/v2\/media?parent=22010"}],"wp:term":[{"taxonomy":"product_brand","embeddable":true,"href":"https:\/\/tremunpiercing.com\/sl\/wp-json\/wp\/v2\/product_brand?post=22010"},{"taxonomy":"product_cat","embeddable":true,"href":"https:\/\/tremunpiercing.com\/sl\/wp-json\/wp\/v2\/product_cat?post=22010"},{"taxonomy":"product_tag","embeddable":true,"href":"https:\/\/tremunpiercing.com\/sl\/wp-json\/wp\/v2\/product_tag?post=22010"}],"curies":[{"name":"wp","href":"https:\/\/api.w.org\/{rel}","templated":true}]}}