{"id":22165,"date":"2025-09-22T23:13:19","date_gmt":"2025-09-22T22:13:19","guid":{"rendered":"https:\/\/tremunpiercing.com\/?post_type=product&#038;p=22165"},"modified":"2026-04-19T23:03:56","modified_gmt":"2026-04-19T22:03:56","slug":"emily-tourmalated-quartz-black-cz","status":"publish","type":"product","link":"https:\/\/tremunpiercing.com\/sl\/product\/emily-tourmalated-quartz-black-cz\/","title":{"rendered":"Emily &#8211; Tourmalated Quartz &amp; Black CZ"},"content":{"rendered":"<p>Emily Tourmalated Quartz &amp; Black CZ izkazuje drzno prefinjenost. Ta kos z notranjim navojem 16G, izdelan iz titana F-136 za vsadke, zdru\u017euje skrivnostno naravo turmaliranega kremena in elegantne lastnosti \u010drnega CZ.<\/p>\n<p>Ta osupljiv in drzen slog je idealen za piercinge konch, helix ali lobusov s kontrastnimi teksturami in barvami. Strokovna namestitev je nujna; zaradi sistema z navojem se stranke po\u010dutijo udobno in so videti lepo.<\/p>\n<p>Ti kosi so mo\u010dni, odporni na dehtenje in korozijo ter zdru\u017eujejo vzdr\u017eljivost s temnim sodobnim slogom in so kot nala\u0161\u010d za strokovnjake za piercing in prodajalce na drobno, ki i\u0161\u010dejo elegantne alternativne slogovne izjave.<\/p>","protected":false},"excerpt":{"rendered":"<ul>\n<li>Z notranjim navojem<\/li>\n<li>Material: Titanium F-136<\/li>\n<li>Merilnik: 16G<\/li>\n<li>dragulj: \u010crni CZ: turmaliran kremen + \u010drni CZ<\/li>\n<\/ul>","protected":false},"featured_media":22166,"comment_status":"closed","ping_status":"closed","template":"","meta":{"_acf_changed":false},"product_brand":[],"product_cat":[340,343],"product_tag":[187,188,189,205,206,190,183,184,207],"class_list":{"0":"post-22165","1":"product","2":"type-product","3":"status-publish","4":"has-post-thumbnail","6":"product_cat-titanium-jewelry","7":"product_cat-tops-titanium-jewelry","8":"product_tag-conch","9":"product_tag-ear","10":"product_tag-helix","11":"product_tag-lobe","12":"product_tag-lobulo","13":"product_tag-oreja","14":"product_tag-perforacion","15":"product_tag-piercing","16":"product_tag-tragus","18":"first","19":"instock","20":"taxable","21":"shipping-taxable","22":"purchasable","23":"product-type-simple"},"acf":[],"gallery_images":[26873,26874],"_links":{"self":[{"href":"https:\/\/tremunpiercing.com\/sl\/wp-json\/wp\/v2\/product\/22165","targetHints":{"allow":["GET"]}}],"collection":[{"href":"https:\/\/tremunpiercing.com\/sl\/wp-json\/wp\/v2\/product"}],"about":[{"href":"https:\/\/tremunpiercing.com\/sl\/wp-json\/wp\/v2\/types\/product"}],"replies":[{"embeddable":true,"href":"https:\/\/tremunpiercing.com\/sl\/wp-json\/wp\/v2\/comments?post=22165"}],"version-history":[{"count":1,"href":"https:\/\/tremunpiercing.com\/sl\/wp-json\/wp\/v2\/product\/22165\/revisions"}],"predecessor-version":[{"id":26875,"href":"https:\/\/tremunpiercing.com\/sl\/wp-json\/wp\/v2\/product\/22165\/revisions\/26875"}],"wp:featuredmedia":[{"embeddable":true,"href":"https:\/\/tremunpiercing.com\/sl\/wp-json\/wp\/v2\/media\/22166"}],"wp:attachment":[{"href":"https:\/\/tremunpiercing.com\/sl\/wp-json\/wp\/v2\/media?parent=22165"}],"wp:term":[{"taxonomy":"product_brand","embeddable":true,"href":"https:\/\/tremunpiercing.com\/sl\/wp-json\/wp\/v2\/product_brand?post=22165"},{"taxonomy":"product_cat","embeddable":true,"href":"https:\/\/tremunpiercing.com\/sl\/wp-json\/wp\/v2\/product_cat?post=22165"},{"taxonomy":"product_tag","embeddable":true,"href":"https:\/\/tremunpiercing.com\/sl\/wp-json\/wp\/v2\/product_tag?post=22165"}],"curies":[{"name":"wp","href":"https:\/\/api.w.org\/{rel}","templated":true}]}}