{"id":22171,"date":"2025-09-22T23:19:25","date_gmt":"2025-09-22T22:19:25","guid":{"rendered":"https:\/\/tremunpiercing.com\/?post_type=product&#038;p=22171"},"modified":"2026-04-20T16:10:05","modified_gmt":"2026-04-20T15:10:05","slug":"oval-cab-amethyst","status":"publish","type":"product","link":"https:\/\/tremunpiercing.com\/sl\/product\/oval-cab-amethyst\/","title":{"rendered":"Ovalna kabina - ametist"},"content":{"rendered":"<p>Ovalna kabina - ametist poudarja lepoto naravnega kamna ametista, ki je vdelan v titan F-136 za vsadke, kar pomeni, da ga lahko varno nosite dlje \u010dasa. Kabo\u0161on ovalne oblike (5,6 mm x 3,3 mm) je gladko poliran kos z bogato vijoli\u010dno barvo. Ni\u010d \u010dudnega, da je takoj naredil vtis na tiste, ki cenijo kakovost in estetiko. Stebri\u010dek z notranjim navojem 16G je izdelan tako, da se varno prilega in prepre\u010duje dra\u017eenje, hkrati pa je idealen za uporabo pri prebodih helix, lobe in tragus.<\/p>\n<p>Vsak od njih predstavlja edinstvenost naravnih kamnov, zato se mora vsak kos nekoliko razlikovati. Ta kos je narejen z mislijo na profesionalce, kar pomeni, da je kot nala\u0161\u010d za umetnike piercinga in dobavitelje nakita, ki \u017eelijo nekaj organskega in elegantnega v vsaki podrobnosti!<\/p>","protected":false},"excerpt":{"rendered":"<ul>\n<li>Z notranjim navojem<\/li>\n<li>Material: Titanium F-136<\/li>\n<li>Merilnik: 16G<\/li>\n<li>dragulj: Ametist - naravni kamen<\/li>\n<li>Velikost dragulja: 5,6 mm x 3,3 mm<\/li>\n<\/ul>","protected":false},"featured_media":22172,"comment_status":"closed","ping_status":"closed","template":"","meta":{"_acf_changed":false},"product_brand":[],"product_cat":[340,343],"product_tag":[187,179,180,188,209,189,210,211,212,190,183,184,207],"class_list":{"0":"post-22171","1":"product","2":"type-product","3":"status-publish","4":"has-post-thumbnail","6":"product_cat-titanium-jewelry","7":"product_cat-tops-titanium-jewelry","8":"product_tag-conch","9":"product_tag-cristal","10":"product_tag-cz","11":"product_tag-ear","12":"product_tag-faux-rook","13":"product_tag-helix","14":"product_tag-labret","15":"product_tag-lip","16":"product_tag-medusa","17":"product_tag-oreja","18":"product_tag-perforacion","19":"product_tag-piercing","20":"product_tag-tragus","22":"first","23":"instock","24":"taxable","25":"shipping-taxable","26":"purchasable","27":"product-type-simple"},"acf":[],"gallery_images":[22173,27444,27443],"_links":{"self":[{"href":"https:\/\/tremunpiercing.com\/sl\/wp-json\/wp\/v2\/product\/22171","targetHints":{"allow":["GET"]}}],"collection":[{"href":"https:\/\/tremunpiercing.com\/sl\/wp-json\/wp\/v2\/product"}],"about":[{"href":"https:\/\/tremunpiercing.com\/sl\/wp-json\/wp\/v2\/types\/product"}],"replies":[{"embeddable":true,"href":"https:\/\/tremunpiercing.com\/sl\/wp-json\/wp\/v2\/comments?post=22171"}],"version-history":[{"count":1,"href":"https:\/\/tremunpiercing.com\/sl\/wp-json\/wp\/v2\/product\/22171\/revisions"}],"predecessor-version":[{"id":27445,"href":"https:\/\/tremunpiercing.com\/sl\/wp-json\/wp\/v2\/product\/22171\/revisions\/27445"}],"wp:featuredmedia":[{"embeddable":true,"href":"https:\/\/tremunpiercing.com\/sl\/wp-json\/wp\/v2\/media\/22172"}],"wp:attachment":[{"href":"https:\/\/tremunpiercing.com\/sl\/wp-json\/wp\/v2\/media?parent=22171"}],"wp:term":[{"taxonomy":"product_brand","embeddable":true,"href":"https:\/\/tremunpiercing.com\/sl\/wp-json\/wp\/v2\/product_brand?post=22171"},{"taxonomy":"product_cat","embeddable":true,"href":"https:\/\/tremunpiercing.com\/sl\/wp-json\/wp\/v2\/product_cat?post=22171"},{"taxonomy":"product_tag","embeddable":true,"href":"https:\/\/tremunpiercing.com\/sl\/wp-json\/wp\/v2\/product_tag?post=22171"}],"curies":[{"name":"wp","href":"https:\/\/api.w.org\/{rel}","templated":true}]}}