{"id":22201,"date":"2025-09-23T19:51:14","date_gmt":"2025-09-23T18:51:14","guid":{"rendered":"https:\/\/tremunpiercing.com\/?post_type=product&#038;p=22201"},"modified":"2026-04-19T10:21:22","modified_gmt":"2026-04-19T09:21:22","slug":"angel-sw-white","status":"publish","type":"product","link":"https:\/\/tremunpiercing.com\/sl\/product\/angel-sw-white\/","title":{"rendered":"Angel - SW White"},"content":{"rendered":"<p>Angel SW White iz\u017eareva razko\u0161je s prefinjenim sijajem in je okra\u0161en s kamni SW Zirconia. Ta kos je izdelan iz titana F-136 za vsadke, zato je vrhunske kakovosti, biokompatibilen in vzdr\u017eljiv. Oblika z notranjim navojem 16G je zaradi udobnega in enostavnega prileganja vedno bolj priljubljena med pirserji. Svetel lesk je kot nala\u0161\u010d za piercinge v spirali, lobusu in tragusih, zato je odli\u010dna izbira za stranke, ki \u017eelijo eleganten videz brez neprijetnega ob\u010dutka.<\/p>\n<p>Angel je zasnovan za studijsko kakovostno izvedbo in vedno doda prefinjenost vsaki izbrani zbirki nakita. Vsaka podrobnost je izdelana tako, da utele\u0161a natan\u010dnost, \u010distost in ve\u010dno privla\u010dnost sodobnih kosov nakita.<\/p>","protected":false},"excerpt":{"rendered":"<ul>\n<li>Z notranjim navojem<\/li>\n<li>Material: Titanium F-136<\/li>\n<li>Merilnik: 16G<\/li>\n<li>dragulj: Zirkonija - Premium Zirconia<\/li>\n<li>Velikost: 3 mm x 6 mm<\/li>\n<\/ul>","protected":false},"featured_media":22202,"comment_status":"closed","ping_status":"closed","template":"","meta":{"_acf_changed":false},"product_brand":[],"product_cat":[442,340,343],"product_tag":[187,179,180,188,209,189,210,211,212,190,183,184,207],"class_list":{"0":"post-22201","1":"product","2":"type-product","3":"status-publish","4":"has-post-thumbnail","6":"product_cat-sw","7":"product_cat-titanium-jewelry","8":"product_cat-tops-titanium-jewelry","9":"product_tag-conch","10":"product_tag-cristal","11":"product_tag-cz","12":"product_tag-ear","13":"product_tag-faux-rook","14":"product_tag-helix","15":"product_tag-labret","16":"product_tag-lip","17":"product_tag-medusa","18":"product_tag-oreja","19":"product_tag-perforacion","20":"product_tag-piercing","21":"product_tag-tragus","23":"first","24":"instock","25":"taxable","26":"shipping-taxable","27":"purchasable","28":"product-type-variable"},"acf":[],"gallery_images":[22203,27419,27420],"_links":{"self":[{"href":"https:\/\/tremunpiercing.com\/sl\/wp-json\/wp\/v2\/product\/22201","targetHints":{"allow":["GET"]}}],"collection":[{"href":"https:\/\/tremunpiercing.com\/sl\/wp-json\/wp\/v2\/product"}],"about":[{"href":"https:\/\/tremunpiercing.com\/sl\/wp-json\/wp\/v2\/types\/product"}],"replies":[{"embeddable":true,"href":"https:\/\/tremunpiercing.com\/sl\/wp-json\/wp\/v2\/comments?post=22201"}],"version-history":[{"count":1,"href":"https:\/\/tremunpiercing.com\/sl\/wp-json\/wp\/v2\/product\/22201\/revisions"}],"predecessor-version":[{"id":27421,"href":"https:\/\/tremunpiercing.com\/sl\/wp-json\/wp\/v2\/product\/22201\/revisions\/27421"}],"wp:featuredmedia":[{"embeddable":true,"href":"https:\/\/tremunpiercing.com\/sl\/wp-json\/wp\/v2\/media\/22202"}],"wp:attachment":[{"href":"https:\/\/tremunpiercing.com\/sl\/wp-json\/wp\/v2\/media?parent=22201"}],"wp:term":[{"taxonomy":"product_brand","embeddable":true,"href":"https:\/\/tremunpiercing.com\/sl\/wp-json\/wp\/v2\/product_brand?post=22201"},{"taxonomy":"product_cat","embeddable":true,"href":"https:\/\/tremunpiercing.com\/sl\/wp-json\/wp\/v2\/product_cat?post=22201"},{"taxonomy":"product_tag","embeddable":true,"href":"https:\/\/tremunpiercing.com\/sl\/wp-json\/wp\/v2\/product_tag?post=22201"}],"curies":[{"name":"wp","href":"https:\/\/api.w.org\/{rel}","templated":true}]}}