{"id":22210,"date":"2025-09-23T20:04:26","date_gmt":"2025-09-23T19:04:26","guid":{"rendered":"https:\/\/tremunpiercing.com\/?post_type=product&#038;p=22210"},"modified":"2026-04-16T15:33:53","modified_gmt":"2026-04-16T14:33:53","slug":"alessa","status":"publish","type":"product","link":"https:\/\/tremunpiercing.com\/sl\/product\/alessa\/","title":{"rendered":"Alessa"},"content":{"rendered":"<p>Elegantna in sodobna Alessa je zasnovana za tiste, ki cenijo prefinjeno razko\u0161je. Izdelana je iz titana F-136 za vsadke, zato je varna, hipoalergena in primerna za vsakodnevno no\u0161enje. Dragoceni kamen kubi\u010dne cirkonije dodaja prefinjen sijaj, ki se lepo ujame v u\u0161esih, tragusih ali ustnicah.<\/p>\n<p>Njegova struktura z notranjim navojem 16G omogo\u010da nemoteno namestitev za strokovnjake, ki i\u0161\u010dejo natan\u010dnost in udobje. Zaradi brez\u010dasne zasnove je Alessa vsestranski kos za piercing studie in trgovce, ki se ukvarjajo s strankami, ki imajo rade minimalisti\u010dno eleganco. Je lahek, a trpe\u017een, zato ga mora imeti vsaka urejena zbirka titana.<\/p>","protected":false},"excerpt":{"rendered":"<ul>\n<li>Z notranjim navojem<\/li>\n<li>Material: Titanium F-136<\/li>\n<li>Merilnik: 16G<\/li>\n<li>dragulj: Kubi\u010dni cirkonij<\/li>\n<li>Velikost: 10 mm x 6,5 mm<\/li>\n<\/ul>","protected":false},"featured_media":22211,"comment_status":"closed","ping_status":"closed","template":"","meta":{"_acf_changed":false},"product_brand":[],"product_cat":[340,343],"product_tag":[187,179,180,188,209,189,210,211,212,190,183,184,207],"class_list":{"0":"post-22210","1":"product","2":"type-product","3":"status-publish","4":"has-post-thumbnail","6":"product_cat-titanium-jewelry","7":"product_cat-tops-titanium-jewelry","8":"product_tag-conch","9":"product_tag-cristal","10":"product_tag-cz","11":"product_tag-ear","12":"product_tag-faux-rook","13":"product_tag-helix","14":"product_tag-labret","15":"product_tag-lip","16":"product_tag-medusa","17":"product_tag-oreja","18":"product_tag-perforacion","19":"product_tag-piercing","20":"product_tag-tragus","22":"first","23":"instock","24":"taxable","25":"shipping-taxable","26":"purchasable","27":"product-type-simple"},"acf":[],"gallery_images":[27410,27411],"_links":{"self":[{"href":"https:\/\/tremunpiercing.com\/sl\/wp-json\/wp\/v2\/product\/22210","targetHints":{"allow":["GET"]}}],"collection":[{"href":"https:\/\/tremunpiercing.com\/sl\/wp-json\/wp\/v2\/product"}],"about":[{"href":"https:\/\/tremunpiercing.com\/sl\/wp-json\/wp\/v2\/types\/product"}],"replies":[{"embeddable":true,"href":"https:\/\/tremunpiercing.com\/sl\/wp-json\/wp\/v2\/comments?post=22210"}],"version-history":[{"count":1,"href":"https:\/\/tremunpiercing.com\/sl\/wp-json\/wp\/v2\/product\/22210\/revisions"}],"predecessor-version":[{"id":27412,"href":"https:\/\/tremunpiercing.com\/sl\/wp-json\/wp\/v2\/product\/22210\/revisions\/27412"}],"wp:featuredmedia":[{"embeddable":true,"href":"https:\/\/tremunpiercing.com\/sl\/wp-json\/wp\/v2\/media\/22211"}],"wp:attachment":[{"href":"https:\/\/tremunpiercing.com\/sl\/wp-json\/wp\/v2\/media?parent=22210"}],"wp:term":[{"taxonomy":"product_brand","embeddable":true,"href":"https:\/\/tremunpiercing.com\/sl\/wp-json\/wp\/v2\/product_brand?post=22210"},{"taxonomy":"product_cat","embeddable":true,"href":"https:\/\/tremunpiercing.com\/sl\/wp-json\/wp\/v2\/product_cat?post=22210"},{"taxonomy":"product_tag","embeddable":true,"href":"https:\/\/tremunpiercing.com\/sl\/wp-json\/wp\/v2\/product_tag?post=22210"}],"curies":[{"name":"wp","href":"https:\/\/api.w.org\/{rel}","templated":true}]}}