{"id":22229,"date":"2025-09-23T20:23:16","date_gmt":"2025-09-23T19:23:16","guid":{"rendered":"https:\/\/tremunpiercing.com\/?post_type=product&#038;p=22229"},"modified":"2026-04-18T13:47:22","modified_gmt":"2026-04-18T12:47:22","slug":"cecilia-black","status":"publish","type":"product","link":"https:\/\/tremunpiercing.com\/sl\/product\/cecilia-black\/","title":{"rendered":"Cecilia - \u010crna"},"content":{"rendered":"<p>Z labretom Cecilia Black izpolnite potrebo po \u010distem in sodobnem slogu. Ta labret z odli\u010dno bru\u0161enim \u010drnim kubi\u010dnim cirkonijem je elegantna in sodobna alternativa tradicionalnim prozornim draguljem. Ob\u010dutljivi zobci v nastavku Cecilia ustvarjajo brezhiben, minimalisti\u010den slog, ki lepo poka\u017ee temen kamen. Ta labret je izdelan iz titana razreda ImplantGrade (F-136) z notranjim navojnim nastavkom 16G in zagotavlja udobje in varnost.<\/p>\n<p>Cecilia je osnovni kos za vsak studio, za stranko, ki si \u017eeli drzen enobarvni videz svojega ukrivljenega u\u0161esa, ali za posamezni piercing. Zaradi svoje klasi\u010dne narave in vsestranskosti je nujen in zelo iskan izdelek za pirserje, ki oskrbujejo modno usmerjene stranke.<\/p>","protected":false},"excerpt":{"rendered":"<ul>\n<li>Z notranjim navojem<\/li>\n<li>Material: Titanium F-136<\/li>\n<li>Merilnik: 16G<\/li>\n<li>dragulj: Kubi\u010dni cirkonij<\/li>\n<\/ul>","protected":false},"featured_media":22230,"comment_status":"closed","ping_status":"closed","template":"","meta":{"_acf_changed":false},"product_brand":[],"product_cat":[340,343],"product_tag":[187,179,180,188,209,189,210,211,212,190,183,184,207],"class_list":{"0":"post-22229","1":"product","2":"type-product","3":"status-publish","4":"has-post-thumbnail","6":"product_cat-titanium-jewelry","7":"product_cat-tops-titanium-jewelry","8":"product_tag-conch","9":"product_tag-cristal","10":"product_tag-cz","11":"product_tag-ear","12":"product_tag-faux-rook","13":"product_tag-helix","14":"product_tag-labret","15":"product_tag-lip","16":"product_tag-medusa","17":"product_tag-oreja","18":"product_tag-perforacion","19":"product_tag-piercing","20":"product_tag-tragus","22":"first","23":"instock","24":"taxable","25":"shipping-taxable","26":"purchasable","27":"product-type-simple"},"acf":[],"gallery_images":[27364,27363],"_links":{"self":[{"href":"https:\/\/tremunpiercing.com\/sl\/wp-json\/wp\/v2\/product\/22229","targetHints":{"allow":["GET"]}}],"collection":[{"href":"https:\/\/tremunpiercing.com\/sl\/wp-json\/wp\/v2\/product"}],"about":[{"href":"https:\/\/tremunpiercing.com\/sl\/wp-json\/wp\/v2\/types\/product"}],"replies":[{"embeddable":true,"href":"https:\/\/tremunpiercing.com\/sl\/wp-json\/wp\/v2\/comments?post=22229"}],"version-history":[{"count":1,"href":"https:\/\/tremunpiercing.com\/sl\/wp-json\/wp\/v2\/product\/22229\/revisions"}],"predecessor-version":[{"id":27365,"href":"https:\/\/tremunpiercing.com\/sl\/wp-json\/wp\/v2\/product\/22229\/revisions\/27365"}],"wp:featuredmedia":[{"embeddable":true,"href":"https:\/\/tremunpiercing.com\/sl\/wp-json\/wp\/v2\/media\/22230"}],"wp:attachment":[{"href":"https:\/\/tremunpiercing.com\/sl\/wp-json\/wp\/v2\/media?parent=22229"}],"wp:term":[{"taxonomy":"product_brand","embeddable":true,"href":"https:\/\/tremunpiercing.com\/sl\/wp-json\/wp\/v2\/product_brand?post=22229"},{"taxonomy":"product_cat","embeddable":true,"href":"https:\/\/tremunpiercing.com\/sl\/wp-json\/wp\/v2\/product_cat?post=22229"},{"taxonomy":"product_tag","embeddable":true,"href":"https:\/\/tremunpiercing.com\/sl\/wp-json\/wp\/v2\/product_tag?post=22229"}],"curies":[{"name":"wp","href":"https:\/\/api.w.org\/{rel}","templated":true}]}}