{"id":22235,"date":"2025-09-23T20:32:10","date_gmt":"2025-09-23T19:32:10","guid":{"rendered":"https:\/\/tremunpiercing.com\/?post_type=product&#038;p=22235"},"modified":"2026-04-01T14:53:00","modified_gmt":"2026-04-01T13:53:00","slug":"cecilia-emerald","status":"publish","type":"product","link":"https:\/\/tremunpiercing.com\/sl\/product\/cecilia-emerald\/","title":{"rendered":"Cecilia - Smaragd"},"content":{"rendered":"<p>Drzno in \u017eivahno se izrazite z labretom Cecilia Emerald. Ta labret ima bogato temno zeleno ble\u0161\u010de\u010do kubi\u010dno cirkonijo, ki je ravno prav izrezana, da zagotavlja najve\u010dji sijaj. Kamen je vstavljen z elegantnim in zna\u010dilnim nastavkom Cecilia, ki uporablja minimalisti\u010dne zobce, ki omogo\u010dajo, da skozi kamen potuje najve\u010d svetlobe in dose\u017ee najve\u010dji ogenj.<\/p>\n<p>Celoten kos je izdelan iz titana za vsadke (F-136) za varno in hipoalergeno no\u0161enje tudi za najob\u010dutljivej\u0161e stranke. Stebri\u010dek z notranjim navojem 16G je varen in enostaven za namestitev. Klasi\u010dni, a drzni zeleni dragulj navdu\u0161uje mno\u017eice in je kot nala\u0161\u010d za dodajanje klasi\u010dne barve vsakemu piercingu. Je nepogre\u0161ljiv izdelek z velikim prometom za studie s strankami, ki u\u017eivajo v brez\u010dasnem barvitem ble\u0161\u010danju.<\/p>","protected":false},"excerpt":{"rendered":"<ul>\n<li>Z notranjim navojem<\/li>\n<li>Material: Titanium F-136<\/li>\n<li>Merilnik: 16G<\/li>\n<li>dragulj: Kubi\u010dni cirkonij<\/li>\n<li>Velikost: 4 mm x 6,7 mm<\/li>\n<\/ul>","protected":false},"featured_media":22236,"comment_status":"closed","ping_status":"closed","template":"","meta":{"_acf_changed":false},"product_brand":[],"product_cat":[340,343],"product_tag":[187,179,180,188,209,189,210,211,212,190,183,184,207],"class_list":{"0":"post-22235","1":"product","2":"type-product","3":"status-publish","4":"has-post-thumbnail","6":"product_cat-titanium-jewelry","7":"product_cat-tops-titanium-jewelry","8":"product_tag-conch","9":"product_tag-cristal","10":"product_tag-cz","11":"product_tag-ear","12":"product_tag-faux-rook","13":"product_tag-helix","14":"product_tag-labret","15":"product_tag-lip","16":"product_tag-medusa","17":"product_tag-oreja","18":"product_tag-perforacion","19":"product_tag-piercing","20":"product_tag-tragus","22":"first","23":"instock","24":"taxable","25":"shipping-taxable","26":"purchasable","27":"product-type-simple"},"acf":[],"gallery_images":[27359,27360],"_links":{"self":[{"href":"https:\/\/tremunpiercing.com\/sl\/wp-json\/wp\/v2\/product\/22235","targetHints":{"allow":["GET"]}}],"collection":[{"href":"https:\/\/tremunpiercing.com\/sl\/wp-json\/wp\/v2\/product"}],"about":[{"href":"https:\/\/tremunpiercing.com\/sl\/wp-json\/wp\/v2\/types\/product"}],"replies":[{"embeddable":true,"href":"https:\/\/tremunpiercing.com\/sl\/wp-json\/wp\/v2\/comments?post=22235"}],"version-history":[{"count":1,"href":"https:\/\/tremunpiercing.com\/sl\/wp-json\/wp\/v2\/product\/22235\/revisions"}],"predecessor-version":[{"id":27362,"href":"https:\/\/tremunpiercing.com\/sl\/wp-json\/wp\/v2\/product\/22235\/revisions\/27362"}],"wp:featuredmedia":[{"embeddable":true,"href":"https:\/\/tremunpiercing.com\/sl\/wp-json\/wp\/v2\/media\/22236"}],"wp:attachment":[{"href":"https:\/\/tremunpiercing.com\/sl\/wp-json\/wp\/v2\/media?parent=22235"}],"wp:term":[{"taxonomy":"product_brand","embeddable":true,"href":"https:\/\/tremunpiercing.com\/sl\/wp-json\/wp\/v2\/product_brand?post=22235"},{"taxonomy":"product_cat","embeddable":true,"href":"https:\/\/tremunpiercing.com\/sl\/wp-json\/wp\/v2\/product_cat?post=22235"},{"taxonomy":"product_tag","embeddable":true,"href":"https:\/\/tremunpiercing.com\/sl\/wp-json\/wp\/v2\/product_tag?post=22235"}],"curies":[{"name":"wp","href":"https:\/\/api.w.org\/{rel}","templated":true}]}}