{"id":22241,"date":"2025-09-23T20:38:48","date_gmt":"2025-09-23T19:38:48","guid":{"rendered":"https:\/\/tremunpiercing.com\/?post_type=product&#038;p=22241"},"modified":"2026-04-20T16:10:04","modified_gmt":"2026-04-20T15:10:04","slug":"cecilia-strawberry-quartz","status":"publish","type":"product","link":"https:\/\/tremunpiercing.com\/sl\/product\/cecilia-strawberry-quartz\/","title":{"rendered":"Cecilia - jagodni kremen"},"content":{"rendered":"<p>Dodajte malo mehkega, ro\u017enatega pridiha svoji zbirki nakita z labretom Cecilia Strawberry Quartz. Ta labret ima lepo poliran kabo\u0161on jagodnega kremena, ki je znan po svoji ne\u017eno ro\u017enati barvi in majhnih naravnih vklju\u010dkih. Podpis Cecilia z minimalisti\u010dnimi zobci v obliki krempljev zagotavlja zavarovanje kamna, vendar omogo\u010da, da skozi kamen prehaja \u010dim ve\u010d svetlobe, da se poka\u017ee ne\u017ena barva.<\/p>\n<p>Labret je izdelan iz titana za vsadke (F-136) z notranjim navojnim nastavkom 16G, zato je hipoalergeni in varen. Ta labret je odli\u010dna izbira za va\u0161e stranke, ki \u017eelijo dodati \u017eensko barvo. Sladka in prefinjena oblika je odli\u010den na\u010din, da v svoj studio vnesete barvne drage kamne.<\/p>","protected":false},"excerpt":{"rendered":"<ul>\n<li>Z notranjim navojem<\/li>\n<li>Material: Titanium F-136<\/li>\n<li>Merilnik: 16G<\/li>\n<li>dragulj: Jagodni kremen<\/li>\n<li>Velikost: 4 mm x 6,7 mm<\/li>\n<\/ul>","protected":false},"featured_media":22242,"comment_status":"closed","ping_status":"closed","template":"","meta":{"_acf_changed":false},"product_brand":[],"product_cat":[340,343],"product_tag":[187,179,180,188,209,189,210,211,212,190,183,184,207],"class_list":{"0":"post-22241","1":"product","2":"type-product","3":"status-publish","4":"has-post-thumbnail","6":"product_cat-titanium-jewelry","7":"product_cat-tops-titanium-jewelry","8":"product_tag-conch","9":"product_tag-cristal","10":"product_tag-cz","11":"product_tag-ear","12":"product_tag-faux-rook","13":"product_tag-helix","14":"product_tag-labret","15":"product_tag-lip","16":"product_tag-medusa","17":"product_tag-oreja","18":"product_tag-perforacion","19":"product_tag-piercing","20":"product_tag-tragus","22":"first","23":"instock","24":"taxable","25":"shipping-taxable","26":"purchasable","27":"product-type-simple"},"acf":[],"gallery_images":[27353,27354],"_links":{"self":[{"href":"https:\/\/tremunpiercing.com\/sl\/wp-json\/wp\/v2\/product\/22241","targetHints":{"allow":["GET"]}}],"collection":[{"href":"https:\/\/tremunpiercing.com\/sl\/wp-json\/wp\/v2\/product"}],"about":[{"href":"https:\/\/tremunpiercing.com\/sl\/wp-json\/wp\/v2\/types\/product"}],"replies":[{"embeddable":true,"href":"https:\/\/tremunpiercing.com\/sl\/wp-json\/wp\/v2\/comments?post=22241"}],"version-history":[{"count":1,"href":"https:\/\/tremunpiercing.com\/sl\/wp-json\/wp\/v2\/product\/22241\/revisions"}],"predecessor-version":[{"id":27356,"href":"https:\/\/tremunpiercing.com\/sl\/wp-json\/wp\/v2\/product\/22241\/revisions\/27356"}],"wp:featuredmedia":[{"embeddable":true,"href":"https:\/\/tremunpiercing.com\/sl\/wp-json\/wp\/v2\/media\/22242"}],"wp:attachment":[{"href":"https:\/\/tremunpiercing.com\/sl\/wp-json\/wp\/v2\/media?parent=22241"}],"wp:term":[{"taxonomy":"product_brand","embeddable":true,"href":"https:\/\/tremunpiercing.com\/sl\/wp-json\/wp\/v2\/product_brand?post=22241"},{"taxonomy":"product_cat","embeddable":true,"href":"https:\/\/tremunpiercing.com\/sl\/wp-json\/wp\/v2\/product_cat?post=22241"},{"taxonomy":"product_tag","embeddable":true,"href":"https:\/\/tremunpiercing.com\/sl\/wp-json\/wp\/v2\/product_tag?post=22241"}],"curies":[{"name":"wp","href":"https:\/\/api.w.org\/{rel}","templated":true}]}}