{"id":22245,"date":"2025-09-23T20:40:17","date_gmt":"2025-09-23T19:40:17","guid":{"rendered":"https:\/\/tremunpiercing.com\/?post_type=product&#038;p=22245"},"modified":"2026-04-20T16:10:04","modified_gmt":"2026-04-20T15:10:04","slug":"cecilia-tourmalated-quartz","status":"publish","type":"product","link":"https:\/\/tremunpiercing.com\/sl\/product\/cecilia-tourmalated-quartz\/","title":{"rendered":"Cecilia - turmaliran kremen"},"content":{"rendered":"<p>Z labretom Cecilia iz turmaliranega kremena svojim strankam podarite resni\u010dno enkraten ko\u0161\u010dek zemlje. Ta neverjetni kamen ima prozoren kremen s \u010dudovitimi vklju\u010dki iglic \u010drnega turmalina, kar v vsakem labretu ustvari edinstven vzorec in ob\u010dutek. Kamen je vstavljen v na\u0161 eleganten nastavek Cecilia, ki uporablja skromno zasnovo z zobmi s pritiskom, da bi se lahko osredoto\u010dil na sam kamen. Ta labret je izdelan iz titana za vsadke (F-136) z notranjim navojnim steblom 16G, kar pomeni, da zagotavlja varnost in udobje.<\/p>\n<p>Ta zasnova je kot nala\u0161\u010d za stranke, ki \u017eelijo izstopiti iz okvirov obi\u010dajnih preprostih kristalov CZ, hkrati pa imajo \u0161e vedno drzen, organski ob\u010dutek za svoj nakit. Dodajte ta privla\u010den labret v svoj inventar in strankam ponudite prepoznaven in zanimiv kos, hkrati pa podprite raznolikost in celovitost izbora kakovosti va\u0161ih ateljejev.<\/p>","protected":false},"excerpt":{"rendered":"<ul>\n<li>Z notranjim navojem<\/li>\n<li>Material: Titanium F-136<\/li>\n<li>Merilnik: 16G<\/li>\n<li>dragulj: Turmaliran kremen<\/li>\n<li>Velikost: 4 mm x 6,7 mm<\/li>\n<\/ul>","protected":false},"featured_media":22246,"comment_status":"closed","ping_status":"closed","template":"","meta":{"_acf_changed":false},"product_brand":[],"product_cat":[340,343],"product_tag":[187,179,180,188,209,189,210,211,212,190,183,184,207],"class_list":{"0":"post-22245","1":"product","2":"type-product","3":"status-publish","4":"has-post-thumbnail","6":"product_cat-titanium-jewelry","7":"product_cat-tops-titanium-jewelry","8":"product_tag-conch","9":"product_tag-cristal","10":"product_tag-cz","11":"product_tag-ear","12":"product_tag-faux-rook","13":"product_tag-helix","14":"product_tag-labret","15":"product_tag-lip","16":"product_tag-medusa","17":"product_tag-oreja","18":"product_tag-perforacion","19":"product_tag-piercing","20":"product_tag-tragus","22":"first","23":"instock","24":"taxable","25":"shipping-taxable","26":"purchasable","27":"product-type-simple"},"acf":[],"gallery_images":[27352,27351],"_links":{"self":[{"href":"https:\/\/tremunpiercing.com\/sl\/wp-json\/wp\/v2\/product\/22245","targetHints":{"allow":["GET"]}}],"collection":[{"href":"https:\/\/tremunpiercing.com\/sl\/wp-json\/wp\/v2\/product"}],"about":[{"href":"https:\/\/tremunpiercing.com\/sl\/wp-json\/wp\/v2\/types\/product"}],"replies":[{"embeddable":true,"href":"https:\/\/tremunpiercing.com\/sl\/wp-json\/wp\/v2\/comments?post=22245"}],"version-history":[{"count":1,"href":"https:\/\/tremunpiercing.com\/sl\/wp-json\/wp\/v2\/product\/22245\/revisions"}],"predecessor-version":[{"id":27355,"href":"https:\/\/tremunpiercing.com\/sl\/wp-json\/wp\/v2\/product\/22245\/revisions\/27355"}],"wp:featuredmedia":[{"embeddable":true,"href":"https:\/\/tremunpiercing.com\/sl\/wp-json\/wp\/v2\/media\/22246"}],"wp:attachment":[{"href":"https:\/\/tremunpiercing.com\/sl\/wp-json\/wp\/v2\/media?parent=22245"}],"wp:term":[{"taxonomy":"product_brand","embeddable":true,"href":"https:\/\/tremunpiercing.com\/sl\/wp-json\/wp\/v2\/product_brand?post=22245"},{"taxonomy":"product_cat","embeddable":true,"href":"https:\/\/tremunpiercing.com\/sl\/wp-json\/wp\/v2\/product_cat?post=22245"},{"taxonomy":"product_tag","embeddable":true,"href":"https:\/\/tremunpiercing.com\/sl\/wp-json\/wp\/v2\/product_tag?post=22245"}],"curies":[{"name":"wp","href":"https:\/\/api.w.org\/{rel}","templated":true}]}}