{"id":22560,"date":"2025-10-03T21:36:45","date_gmt":"2025-10-03T20:36:45","guid":{"rendered":"https:\/\/tremunpiercing.com\/?post_type=product&#038;p=22560"},"modified":"2026-03-17T14:41:52","modified_gmt":"2026-03-17T13:41:52","slug":"witchflight","status":"publish","type":"product","link":"https:\/\/tremunpiercing.com\/sl\/product\/witchflight\/","title":{"rendered":"Witchflight"},"content":{"rendered":"<p>Vrh nakita Witchflight utele\u0161a elegantno tema\u010dnost za pirserje, ki i\u0161\u010dejo prepoznaven nakit. Izdelan je iz titana za vsadke (F-136, notranji navoj 16G) in je natan\u010den dodatek, ki je varen in udoben. Ta osupljiva oblika netopirskega krila bo vzbudila mo\u010d in gibanje, zato je idealna za kurativni piercing u\u0161esa ali spirale. Odli\u010den za studie, ki \u017eelijo edinstven nakit v gotskem slogu, ki je varen za ob\u010dutljivo ko\u017eo in izdelan za dolgoletno no\u0161enje.<\/p>","protected":false},"excerpt":{"rendered":"<ul>\n<li>Z notranjim navojem<\/li>\n<li>Material: Titanium F-136<\/li>\n<li>Merilnik: 16G<\/li>\n<li>Velikost: 3 mm x 10 mm<\/li>\n<\/ul>","protected":false},"featured_media":22665,"comment_status":"closed","ping_status":"closed","template":"","meta":{"_acf_changed":false},"product_brand":[],"product_cat":[340,343],"product_tag":[187,188,209,189,205,206,190,183,184,207],"class_list":{"0":"post-22560","1":"product","2":"type-product","3":"status-publish","4":"has-post-thumbnail","6":"product_cat-titanium-jewelry","7":"product_cat-tops-titanium-jewelry","8":"product_tag-conch","9":"product_tag-ear","10":"product_tag-faux-rook","11":"product_tag-helix","12":"product_tag-lobe","13":"product_tag-lobulo","14":"product_tag-oreja","15":"product_tag-perforacion","16":"product_tag-piercing","17":"product_tag-tragus","19":"first","20":"instock","21":"taxable","22":"shipping-taxable","23":"purchasable","24":"product-type-simple"},"acf":[],"gallery_images":[27306,27305],"_links":{"self":[{"href":"https:\/\/tremunpiercing.com\/sl\/wp-json\/wp\/v2\/product\/22560","targetHints":{"allow":["GET"]}}],"collection":[{"href":"https:\/\/tremunpiercing.com\/sl\/wp-json\/wp\/v2\/product"}],"about":[{"href":"https:\/\/tremunpiercing.com\/sl\/wp-json\/wp\/v2\/types\/product"}],"replies":[{"embeddable":true,"href":"https:\/\/tremunpiercing.com\/sl\/wp-json\/wp\/v2\/comments?post=22560"}],"version-history":[{"count":1,"href":"https:\/\/tremunpiercing.com\/sl\/wp-json\/wp\/v2\/product\/22560\/revisions"}],"predecessor-version":[{"id":27309,"href":"https:\/\/tremunpiercing.com\/sl\/wp-json\/wp\/v2\/product\/22560\/revisions\/27309"}],"wp:featuredmedia":[{"embeddable":true,"href":"https:\/\/tremunpiercing.com\/sl\/wp-json\/wp\/v2\/media\/22665"}],"wp:attachment":[{"href":"https:\/\/tremunpiercing.com\/sl\/wp-json\/wp\/v2\/media?parent=22560"}],"wp:term":[{"taxonomy":"product_brand","embeddable":true,"href":"https:\/\/tremunpiercing.com\/sl\/wp-json\/wp\/v2\/product_brand?post=22560"},{"taxonomy":"product_cat","embeddable":true,"href":"https:\/\/tremunpiercing.com\/sl\/wp-json\/wp\/v2\/product_cat?post=22560"},{"taxonomy":"product_tag","embeddable":true,"href":"https:\/\/tremunpiercing.com\/sl\/wp-json\/wp\/v2\/product_tag?post=22560"}],"curies":[{"name":"wp","href":"https:\/\/api.w.org\/{rel}","templated":true}]}}