{"id":22566,"date":"2025-10-03T22:01:06","date_gmt":"2025-10-03T21:01:06","guid":{"rendered":"https:\/\/tremunpiercing.com\/?post_type=product&#038;p=22566"},"modified":"2026-04-14T13:44:25","modified_gmt":"2026-04-14T12:44:25","slug":"coffin-strawberry-quartz","status":"publish","type":"product","link":"https:\/\/tremunpiercing.com\/sl\/product\/coffin-strawberry-quartz\/","title":{"rendered":"Krsta - jagodni kremen"},"content":{"rendered":"<p>Zgornji del groba - Strawberry Quartz je namenjen tistim, ki cenijo podrobnosti in simboliko, saj prikazuje dragulj v obliki groba, ki se sveti v ne\u017enih ro\u017enatih odtenkih. Izdelan je iz titana za vsadke (F-136) in z notranjim navojem s 16G stebri\u010dkom, zato ponuja varno in udobno prileganje, primerno za zaceljene piercinge u\u0161es, piercinge vija\u010dnice in plo\u0161\u010date piercinge.<\/p>\n<p>Dotik jagodnega kremena dodaja toplino in ob\u010dutek miru, kos pa ustvarja edinstven in \u010dudovit zaklju\u010dek za vse poznavalce nakita iz dragih kamnov. Ta nakit zdru\u017euje ostri videz z vrhunsko biokompatibilnostjo, zato je odli\u010den za pirserje in studie, ki \u017eelijo zagotoviti visokokakovostne materiale brez niklja, ki bodo prestali preizkus \u010dasa.<\/p>","protected":false},"excerpt":{"rendered":"<ul>\n<li>Z notranjim navojem<\/li>\n<li>Material: Titanium F-136<\/li>\n<li>Merilnik: 16G<\/li>\n<li>dragulj: Jagodni kremen<\/li>\n<li>Velikost: 3 mm x 6 mm<\/li>\n<\/ul>","protected":false},"featured_media":22593,"comment_status":"closed","ping_status":"closed","template":"","meta":{"_acf_changed":false},"product_brand":[],"product_cat":[340,343],"product_tag":[187,179,180,188,209,189,210,211,212,190,183,184,207],"class_list":{"0":"post-22566","1":"product","2":"type-product","3":"status-publish","4":"has-post-thumbnail","6":"product_cat-titanium-jewelry","7":"product_cat-tops-titanium-jewelry","8":"product_tag-conch","9":"product_tag-cristal","10":"product_tag-cz","11":"product_tag-ear","12":"product_tag-faux-rook","13":"product_tag-helix","14":"product_tag-labret","15":"product_tag-lip","16":"product_tag-medusa","17":"product_tag-oreja","18":"product_tag-perforacion","19":"product_tag-piercing","20":"product_tag-tragus","22":"first","23":"instock","24":"taxable","25":"shipping-taxable","26":"purchasable","27":"product-type-simple"},"acf":[],"gallery_images":[27319,27318],"_links":{"self":[{"href":"https:\/\/tremunpiercing.com\/sl\/wp-json\/wp\/v2\/product\/22566","targetHints":{"allow":["GET"]}}],"collection":[{"href":"https:\/\/tremunpiercing.com\/sl\/wp-json\/wp\/v2\/product"}],"about":[{"href":"https:\/\/tremunpiercing.com\/sl\/wp-json\/wp\/v2\/types\/product"}],"replies":[{"embeddable":true,"href":"https:\/\/tremunpiercing.com\/sl\/wp-json\/wp\/v2\/comments?post=22566"}],"version-history":[{"count":1,"href":"https:\/\/tremunpiercing.com\/sl\/wp-json\/wp\/v2\/product\/22566\/revisions"}],"predecessor-version":[{"id":27320,"href":"https:\/\/tremunpiercing.com\/sl\/wp-json\/wp\/v2\/product\/22566\/revisions\/27320"}],"wp:featuredmedia":[{"embeddable":true,"href":"https:\/\/tremunpiercing.com\/sl\/wp-json\/wp\/v2\/media\/22593"}],"wp:attachment":[{"href":"https:\/\/tremunpiercing.com\/sl\/wp-json\/wp\/v2\/media?parent=22566"}],"wp:term":[{"taxonomy":"product_brand","embeddable":true,"href":"https:\/\/tremunpiercing.com\/sl\/wp-json\/wp\/v2\/product_brand?post=22566"},{"taxonomy":"product_cat","embeddable":true,"href":"https:\/\/tremunpiercing.com\/sl\/wp-json\/wp\/v2\/product_cat?post=22566"},{"taxonomy":"product_tag","embeddable":true,"href":"https:\/\/tremunpiercing.com\/sl\/wp-json\/wp\/v2\/product_tag?post=22566"}],"curies":[{"name":"wp","href":"https:\/\/api.w.org\/{rel}","templated":true}]}}