{"id":22720,"date":"2025-10-06T21:43:49","date_gmt":"2025-10-06T20:43:49","guid":{"rendered":"https:\/\/tremunpiercing.com\/?post_type=product&#038;p=22720"},"modified":"2026-04-10T22:41:32","modified_gmt":"2026-04-10T21:41:32","slug":"threadless-barbell-with-sky-blue-opal","status":"publish","type":"product","link":"https:\/\/tremunpiercing.com\/sl\/product\/threadless-barbell-with-sky-blue-opal\/","title":{"rendered":"Brez navoja Barbell z nebesno modrim opalom"},"content":{"rendered":"<p>Uporabite na\u0161o palico brez navoja z nebesno modrim opalom in vdihnite novo \u017eivljenje svojemu zaslonu! Na koncu je pravi 4 mm nebesno modri opal, ki je znan po mirnih, oblakom podobnih barvah, ki se v svetlobi rahlo spreminjajo. Izdelan je iz titana F136 za implantacije, zato je varen za sve\u017ee piercinge in ob\u010dutljivo ko\u017eo.<\/p>\n<p>\u0160\u010dip 14G je na voljo v treh standardnih dol\u017einah (12 mm, 14 mm in 16 mm), zato je primeren za skoraj vse namestitve. Idealna je za no\u0161enje v pirsingih ustnic (kot sta Labret in Monroe) in v nosnicah, kjer pomirjujo\u010da barva resni\u010dno izstopa. Ta zanesljiv sistem brez navoja omogo\u010da splo\u0161\u010deno in udobno prileganje, kar bo v\u0161e\u010d strankam, ki i\u0161\u010dejo spro\u0161\u010deno, eteri\u010dno lepoto.<\/p>","protected":false},"excerpt":{"rendered":"<ul>\n<li>Nakit Push Pin<\/li>\n<li>Material: Titanium F-136<\/li>\n<li>Merilnik: 14G<\/li>\n<li>Dol\u017eina: 12 mm, 14 mm, 16 mm<\/li>\n<li>Velikost pribora: 4 mm<\/li>\n<li>dragulj: Modri opal<\/li>\n<\/ul>","protected":false},"featured_media":22740,"comment_status":"closed","ping_status":"closed","template":"","meta":{"_acf_changed":false},"product_brand":[],"product_cat":[345,340],"product_tag":[298,188,189,190,183,184],"class_list":{"0":"post-22720","1":"product","2":"type-product","3":"status-publish","4":"has-post-thumbnail","6":"product_cat-barbell-titanium-jewelry","7":"product_cat-titanium-jewelry","8":"product_tag-barbell","9":"product_tag-ear","10":"product_tag-helix","11":"product_tag-oreja","12":"product_tag-perforacion","13":"product_tag-piercing","15":"first","16":"instock","17":"taxable","18":"shipping-taxable","19":"purchasable","20":"product-type-variable"},"acf":[],"gallery_images":[27233,27234],"_links":{"self":[{"href":"https:\/\/tremunpiercing.com\/sl\/wp-json\/wp\/v2\/product\/22720","targetHints":{"allow":["GET"]}}],"collection":[{"href":"https:\/\/tremunpiercing.com\/sl\/wp-json\/wp\/v2\/product"}],"about":[{"href":"https:\/\/tremunpiercing.com\/sl\/wp-json\/wp\/v2\/types\/product"}],"replies":[{"embeddable":true,"href":"https:\/\/tremunpiercing.com\/sl\/wp-json\/wp\/v2\/comments?post=22720"}],"version-history":[{"count":1,"href":"https:\/\/tremunpiercing.com\/sl\/wp-json\/wp\/v2\/product\/22720\/revisions"}],"predecessor-version":[{"id":27235,"href":"https:\/\/tremunpiercing.com\/sl\/wp-json\/wp\/v2\/product\/22720\/revisions\/27235"}],"wp:featuredmedia":[{"embeddable":true,"href":"https:\/\/tremunpiercing.com\/sl\/wp-json\/wp\/v2\/media\/22740"}],"wp:attachment":[{"href":"https:\/\/tremunpiercing.com\/sl\/wp-json\/wp\/v2\/media?parent=22720"}],"wp:term":[{"taxonomy":"product_brand","embeddable":true,"href":"https:\/\/tremunpiercing.com\/sl\/wp-json\/wp\/v2\/product_brand?post=22720"},{"taxonomy":"product_cat","embeddable":true,"href":"https:\/\/tremunpiercing.com\/sl\/wp-json\/wp\/v2\/product_cat?post=22720"},{"taxonomy":"product_tag","embeddable":true,"href":"https:\/\/tremunpiercing.com\/sl\/wp-json\/wp\/v2\/product_tag?post=22720"}],"curies":[{"name":"wp","href":"https:\/\/api.w.org\/{rel}","templated":true}]}}