{"id":22753,"date":"2025-10-06T22:30:25","date_gmt":"2025-10-06T21:30:25","guid":{"rendered":"https:\/\/tremunpiercing.com\/?post_type=product&#038;p=22753"},"modified":"2026-04-19T23:03:55","modified_gmt":"2026-04-19T22:03:55","slug":"keri","status":"publish","type":"product","link":"https:\/\/tremunpiercing.com\/sl\/product\/keri\/","title":{"rendered":"Keri"},"content":{"rendered":"<p>Vrh iz titana z notranjim navojem Keri v profesionalni nakit za prebadanje telesa vna\u0161a preprosto lepotno komponento. Oblikovan iz kirur\u0161kega titana (F-136) je hipoalergeni, zanesljiv in sijo\u010d. Kamen iz kubi\u010dnega cirkonija lahko zagotovi neverjeten sijaj za stranke, ki i\u0161\u010dejo klasi\u010den pristop z dodatnim preobratom. Nakit Keri je na voljo z notranjim navojem 16G za brezhibno namestitev in hitro namestitev z minimalnim trenjem med namestitvijo.<\/p>\n<p>Keri se lahko uporablja na vseh mestih, kot so uho, ustnica ali hrustanec vija\u010dnice, in pomaga strokovnjakom, ki i\u0161\u010dejo kakovost in prakti\u010dnost. Vrh Keri priporo\u010dajo studii po vsej Evropi in ZDA. Vrhovi Keri imajo izjemno vrednost, odli\u010dno cenovno dostopnost, visoko natan\u010dnost, trajno obrabo in izjemno vzdr\u017eljivost. Odli\u010den dodatek za zaokro\u017eitev va\u0161ega profesionalnega nakita in dodatkov za prebadanje telesa!<\/p>\n<p>&nbsp;<\/p>","protected":false},"excerpt":{"rendered":"<ul>\n<li>Z notranjim navojem<\/li>\n<li>Material: Titanium F-136<\/li>\n<li>dragulj: Kubi\u010dni cirkonij<\/li>\n<li>Merilnik: 16G<\/li>\n<li>Velikost: 5 mm<\/li>\n<\/ul>","protected":false},"featured_media":22754,"comment_status":"closed","ping_status":"closed","template":"","meta":{"_acf_changed":false},"product_brand":[],"product_cat":[340,343],"product_tag":[187,188,189,205,206,212,190,183,213,184,207],"class_list":{"0":"post-22753","1":"product","2":"type-product","3":"status-publish","4":"has-post-thumbnail","6":"product_cat-titanium-jewelry","7":"product_cat-tops-titanium-jewelry","8":"product_tag-conch","9":"product_tag-ear","10":"product_tag-helix","11":"product_tag-lobe","12":"product_tag-lobulo","13":"product_tag-medusa","14":"product_tag-oreja","15":"product_tag-perforacion","16":"product_tag-philtrum","17":"product_tag-piercing","18":"product_tag-tragus","20":"first","21":"instock","22":"taxable","23":"shipping-taxable","24":"purchasable","25":"product-type-simple"},"acf":[],"gallery_images":[27188,27187],"_links":{"self":[{"href":"https:\/\/tremunpiercing.com\/sl\/wp-json\/wp\/v2\/product\/22753","targetHints":{"allow":["GET"]}}],"collection":[{"href":"https:\/\/tremunpiercing.com\/sl\/wp-json\/wp\/v2\/product"}],"about":[{"href":"https:\/\/tremunpiercing.com\/sl\/wp-json\/wp\/v2\/types\/product"}],"replies":[{"embeddable":true,"href":"https:\/\/tremunpiercing.com\/sl\/wp-json\/wp\/v2\/comments?post=22753"}],"version-history":[{"count":1,"href":"https:\/\/tremunpiercing.com\/sl\/wp-json\/wp\/v2\/product\/22753\/revisions"}],"predecessor-version":[{"id":27189,"href":"https:\/\/tremunpiercing.com\/sl\/wp-json\/wp\/v2\/product\/22753\/revisions\/27189"}],"wp:featuredmedia":[{"embeddable":true,"href":"https:\/\/tremunpiercing.com\/sl\/wp-json\/wp\/v2\/media\/22754"}],"wp:attachment":[{"href":"https:\/\/tremunpiercing.com\/sl\/wp-json\/wp\/v2\/media?parent=22753"}],"wp:term":[{"taxonomy":"product_brand","embeddable":true,"href":"https:\/\/tremunpiercing.com\/sl\/wp-json\/wp\/v2\/product_brand?post=22753"},{"taxonomy":"product_cat","embeddable":true,"href":"https:\/\/tremunpiercing.com\/sl\/wp-json\/wp\/v2\/product_cat?post=22753"},{"taxonomy":"product_tag","embeddable":true,"href":"https:\/\/tremunpiercing.com\/sl\/wp-json\/wp\/v2\/product_tag?post=22753"}],"curies":[{"name":"wp","href":"https:\/\/api.w.org\/{rel}","templated":true}]}}