{"id":23544,"date":"2025-10-25T15:56:04","date_gmt":"2025-10-25T14:56:04","guid":{"rendered":"https:\/\/tremunpiercing.com\/?post_type=product&#038;p=23544"},"modified":"2026-04-19T10:21:10","modified_gmt":"2026-04-19T09:21:10","slug":"prong-2-0-spring-green-white","status":"publish","type":"product","link":"https:\/\/tremunpiercing.com\/sl\/product\/prong-2-0-spring-green-white\/","title":{"rendered":"Prong 2.0 &#8211; Spring Green &#8211; White"},"content":{"rendered":"<p>Na\u0161 dodatek Prong 2.0-Spring Green-White Push Pin Accessory je izdelan iz implantacijske stopnje titana F-136 in ima kakovostne kristale Swarovski. Pomladno zelen dragulj v kombinaciji s kristalno belim poudarkom je \u017eivahna kombinacija, ki ponazarja energijo in ravnovesje. S premerom 5 mm in premerom 25G se pomladnozeleni zati\u010d lepo prilega piercingu v nosnici, vija\u010dnici ali tragu\u0161u! Push pin brez navoja omogo\u010da enostavno namestitev na va\u0161em koncu in ne pu\u0161\u010da vidnih nastavkov v zaceljenem piercingu. Idealen za profesionalne piercerje, ki \u017eelijo zagotoviti eleganten, hipoalergeni nakit s pop barvo in energijo brez neprijetnega ob\u010dutka. \u010cudovit kos, ki ga lahko vstavite v katero koli kurirano zbirko!<\/p>","protected":false},"excerpt":{"rendered":"<ul>\n<li>Pripomo\u010dek s potisnim \u010depom brez navoja<\/li>\n<li>Material: Titanium F-136<\/li>\n<li>Premer: 5 mm<\/li>\n<li>Merilo: 25G<\/li>\n<li>dragulj: Zirkonija - Premium Zirconia<\/li>\n<\/ul>","protected":false},"featured_media":23545,"comment_status":"closed","ping_status":"closed","template":"","meta":{"_acf_changed":false},"product_brand":[],"product_cat":[442,340,343],"product_tag":[192,193,202,179,180,194,188,189,195,196,226,190,183,184,197,198],"class_list":{"0":"post-23544","1":"product","2":"type-product","3":"status-publish","4":"has-post-thumbnail","6":"product_cat-sw","7":"product_cat-titanium-jewelry","8":"product_cat-tops-titanium-jewelry","9":"product_tag-anillo","10":"product_tag-argolla","11":"product_tag-clicker","12":"product_tag-cristal","13":"product_tag-cz","14":"product_tag-daith","15":"product_tag-ear","16":"product_tag-helix","17":"product_tag-hinged-ring","18":"product_tag-nariz","19":"product_tag-opal","20":"product_tag-oreja","21":"product_tag-perforacion","22":"product_tag-piercing","23":"product_tag-ring","24":"product_tag-septum","26":"first","27":"instock","28":"taxable","29":"shipping-taxable","30":"purchasable","31":"product-type-simple"},"acf":[],"gallery_images":[27092,27093],"_links":{"self":[{"href":"https:\/\/tremunpiercing.com\/sl\/wp-json\/wp\/v2\/product\/23544","targetHints":{"allow":["GET"]}}],"collection":[{"href":"https:\/\/tremunpiercing.com\/sl\/wp-json\/wp\/v2\/product"}],"about":[{"href":"https:\/\/tremunpiercing.com\/sl\/wp-json\/wp\/v2\/types\/product"}],"replies":[{"embeddable":true,"href":"https:\/\/tremunpiercing.com\/sl\/wp-json\/wp\/v2\/comments?post=23544"}],"version-history":[{"count":1,"href":"https:\/\/tremunpiercing.com\/sl\/wp-json\/wp\/v2\/product\/23544\/revisions"}],"predecessor-version":[{"id":27094,"href":"https:\/\/tremunpiercing.com\/sl\/wp-json\/wp\/v2\/product\/23544\/revisions\/27094"}],"wp:featuredmedia":[{"embeddable":true,"href":"https:\/\/tremunpiercing.com\/sl\/wp-json\/wp\/v2\/media\/23545"}],"wp:attachment":[{"href":"https:\/\/tremunpiercing.com\/sl\/wp-json\/wp\/v2\/media?parent=23544"}],"wp:term":[{"taxonomy":"product_brand","embeddable":true,"href":"https:\/\/tremunpiercing.com\/sl\/wp-json\/wp\/v2\/product_brand?post=23544"},{"taxonomy":"product_cat","embeddable":true,"href":"https:\/\/tremunpiercing.com\/sl\/wp-json\/wp\/v2\/product_cat?post=23544"},{"taxonomy":"product_tag","embeddable":true,"href":"https:\/\/tremunpiercing.com\/sl\/wp-json\/wp\/v2\/product_tag?post=23544"}],"curies":[{"name":"wp","href":"https:\/\/api.w.org\/{rel}","templated":true}]}}