{"id":23625,"date":"2025-10-27T23:09:04","date_gmt":"2025-10-27T22:09:04","guid":{"rendered":"https:\/\/tremunpiercing.com\/?post_type=product&#038;p=23625"},"modified":"2026-04-19T23:04:00","modified_gmt":"2026-04-19T22:04:00","slug":"labret-2-0-hand-polish","status":"publish","type":"product","link":"https:\/\/tremunpiercing.com\/sl\/product\/labret-2-0-hand-polish\/","title":{"rendered":"Labret 2.0 - Poljska za roke"},"content":{"rendered":"<p>Ro\u010dno polirani titanov labret 2.0 je skrbno izdelan izdelek, osredoto\u010den na udobje, varnost in vsestranskost. Ta labret z notranjim navojem je izdelan iz titana za vsadke F-136 in je primeren za prebadanje ustnic, tragusov, konh in vija\u010dnic. Vsak kol\u010dek ro\u010dno poliramo do brezhibnega sijaja, ki zmanj\u0161uje dra\u017eenje in zagotavlja gladko vstavljanje. Labret je na voljo v razli\u010dnih dol\u017einah (5-8 mm) in debelini osnove 4 mm, da ustreza razli\u010dnim tipom anatomije.<\/p>\n<p>Profesionalni pirserji izberejo ta model zaradi zanesljivega navijanja, enostavne nastavitve in pomembnih lastnosti, ki jih ta model ponuja. Ta labretni drog in material iz titana zagotavljata izjemno kakovost za nov piercing ali odkrito za nadgradnjo. Stranke cenijo kakovost izvedbe in briljanten zaklju\u010dek.<\/p>","protected":false},"excerpt":{"rendered":"<ul>\n<li>Z notranjim navojem<\/li>\n<li>Material: Titanium F-136<\/li>\n<li>Merilnik: 16G<\/li>\n<li>Dol\u017eina: 5 mm, 6 mm, 7 mm, 8 mm<\/li>\n<li>Premer osnove: 4 mm<\/li>\n<\/ul>","protected":false},"featured_media":23601,"comment_status":"closed","ping_status":"closed","template":"","meta":{"_acf_changed":false},"product_brand":[],"product_cat":[340,344],"product_tag":[187,188,189,210,211,205,206,212,190,183,213,184,293,207],"class_list":{"0":"post-23625","1":"product","2":"type-product","3":"status-publish","4":"has-post-thumbnail","6":"product_cat-titanium-jewelry","7":"product_cat-labret-titanium-jeawelry","8":"product_tag-conch","9":"product_tag-ear","10":"product_tag-helix","11":"product_tag-labret","12":"product_tag-lip","13":"product_tag-lobe","14":"product_tag-lobulo","15":"product_tag-medusa","16":"product_tag-oreja","17":"product_tag-perforacion","18":"product_tag-philtrum","19":"product_tag-piercing","20":"product_tag-push-pin","21":"product_tag-tragus","23":"first","24":"instock","25":"taxable","26":"shipping-taxable","27":"purchasable","28":"product-type-variable"},"acf":[],"gallery_images":[23598,23599],"_links":{"self":[{"href":"https:\/\/tremunpiercing.com\/sl\/wp-json\/wp\/v2\/product\/23625","targetHints":{"allow":["GET"]}}],"collection":[{"href":"https:\/\/tremunpiercing.com\/sl\/wp-json\/wp\/v2\/product"}],"about":[{"href":"https:\/\/tremunpiercing.com\/sl\/wp-json\/wp\/v2\/types\/product"}],"replies":[{"embeddable":true,"href":"https:\/\/tremunpiercing.com\/sl\/wp-json\/wp\/v2\/comments?post=23625"}],"version-history":[{"count":0,"href":"https:\/\/tremunpiercing.com\/sl\/wp-json\/wp\/v2\/product\/23625\/revisions"}],"wp:featuredmedia":[{"embeddable":true,"href":"https:\/\/tremunpiercing.com\/sl\/wp-json\/wp\/v2\/media\/23601"}],"wp:attachment":[{"href":"https:\/\/tremunpiercing.com\/sl\/wp-json\/wp\/v2\/media?parent=23625"}],"wp:term":[{"taxonomy":"product_brand","embeddable":true,"href":"https:\/\/tremunpiercing.com\/sl\/wp-json\/wp\/v2\/product_brand?post=23625"},{"taxonomy":"product_cat","embeddable":true,"href":"https:\/\/tremunpiercing.com\/sl\/wp-json\/wp\/v2\/product_cat?post=23625"},{"taxonomy":"product_tag","embeddable":true,"href":"https:\/\/tremunpiercing.com\/sl\/wp-json\/wp\/v2\/product_tag?post=23625"}],"curies":[{"name":"wp","href":"https:\/\/api.w.org\/{rel}","templated":true}]}}