{"id":7592,"date":"2022-11-21T19:43:46","date_gmt":"2022-11-21T18:43:46","guid":{"rendered":"https:\/\/tremunpiercing.com\/?post_type=product&#038;p=7592"},"modified":"2025-09-30T13:02:39","modified_gmt":"2025-09-30T12:02:39","slug":"cavicide-surface-disinfectant-700ml","status":"publish","type":"product","link":"https:\/\/tremunpiercing.com\/sl\/product\/cavicide-surface-disinfectant-700ml\/","title":{"rendered":"Kavicid za razku\u017eevanje povr\u0161in (700ml)"},"content":{"rendered":"<p>Ve\u010dnamensko razku\u017eilo za povr\u0161ine, pripravljeno za uporabo, zasnovano za uporabo na trdih, neporoznih povr\u0161inah neinvazivnih medicinskih pripomo\u010dkov v zobozdravstvenih klinikah, vklju\u010dno s prostori za nego pacientov in laboratoriji.<\/p>\n<p><strong>Zna\u010dilnost:<\/strong><\/p>\n<ul>\n<li>Klini\u010dna u\u010dinkovitost: Baktericid, virucid, fungicid, tuberkulocid in kvasovkocid.<\/li>\n<li>Ve\u010dino patogenov uni\u010di v 3 minutah ali manj.<\/li>\n<li>Hitrost: zmanj\u0161uje tveganje navzkri\u017ene kontaminacije.<\/li>\n<li>Pripravljeni za uporabo, saj jih ni treba red\u010diti ali me\u0161ati.<\/li>\n<li>Nizka vsebnost alkohola (manj kot 20%) zagotavlja odli\u010dno zdru\u017eljivost z materiali.<\/li>\n<li>U\u010dinkovito proti koronavirusom in se lahko uporablja na neinvazivnih povr\u0161inah medicinskih pripomo\u010dkov.<\/li>\n<li>Nevtralen vonj.<\/li>\n<\/ul>\n<p><strong>Vsebina: Vsebuje 700ml posodo.<\/strong><\/p>","protected":false},"excerpt":{"rendered":"<p>Ve\u010dnamensko razku\u017eilo za povr\u0161ine, pripravljeno za uporabo, zasnovano za uporabo na trdih, neporoznih povr\u0161inah neinvazivnih medicinskih pripomo\u010dkov v zobozdravstvenih klinikah, vklju\u010dno s prostori za nego pacientov in laboratoriji.<\/p>\n<p><strong>Zna\u010dilnost:<\/strong><\/p>\n<ul>\n<li>Klini\u010dna u\u010dinkovitost: Baktericid, virucid, fungicid, tuberkulocid in kvasovkocid.<\/li>\n<li>Ve\u010dino patogenov uni\u010di v 3 minutah ali manj.<\/li>\n<li>Hitrost: zmanj\u0161uje tveganje navzkri\u017ene kontaminacije.<\/li>\n<li>Pripravljeni za uporabo, saj jih ni treba red\u010diti ali me\u0161ati.<\/li>\n<li>Nizka vsebnost alkohola (manj kot 20%) zagotavlja odli\u010dno zdru\u017eljivost z materiali.<\/li>\n<li>U\u010dinkovito proti koronavirusom in se lahko uporablja na neinvazivnih povr\u0161inah medicinskih pripomo\u010dkov.<\/li>\n<li>Nevtralen vonj.<\/li>\n<\/ul>","protected":false},"featured_media":7593,"comment_status":"closed","ping_status":"closed","template":"","meta":{"_acf_changed":false},"product_brand":[],"product_cat":[376,328],"product_tag":[279],"class_list":{"0":"post-7592","1":"product","2":"type-product","3":"status-publish","4":"has-post-thumbnail","6":"product_cat-medical-supplies","7":"product_cat-supplies","8":"product_tag-supplies","10":"first","11":"outofstock","12":"taxable","13":"shipping-taxable","14":"purchasable","15":"product-type-simple"},"acf":[],"gallery_images":[],"_links":{"self":[{"href":"https:\/\/tremunpiercing.com\/sl\/wp-json\/wp\/v2\/product\/7592","targetHints":{"allow":["GET"]}}],"collection":[{"href":"https:\/\/tremunpiercing.com\/sl\/wp-json\/wp\/v2\/product"}],"about":[{"href":"https:\/\/tremunpiercing.com\/sl\/wp-json\/wp\/v2\/types\/product"}],"replies":[{"embeddable":true,"href":"https:\/\/tremunpiercing.com\/sl\/wp-json\/wp\/v2\/comments?post=7592"}],"version-history":[{"count":0,"href":"https:\/\/tremunpiercing.com\/sl\/wp-json\/wp\/v2\/product\/7592\/revisions"}],"wp:featuredmedia":[{"embeddable":true,"href":"https:\/\/tremunpiercing.com\/sl\/wp-json\/wp\/v2\/media\/7593"}],"wp:attachment":[{"href":"https:\/\/tremunpiercing.com\/sl\/wp-json\/wp\/v2\/media?parent=7592"}],"wp:term":[{"taxonomy":"product_brand","embeddable":true,"href":"https:\/\/tremunpiercing.com\/sl\/wp-json\/wp\/v2\/product_brand?post=7592"},{"taxonomy":"product_cat","embeddable":true,"href":"https:\/\/tremunpiercing.com\/sl\/wp-json\/wp\/v2\/product_cat?post=7592"},{"taxonomy":"product_tag","embeddable":true,"href":"https:\/\/tremunpiercing.com\/sl\/wp-json\/wp\/v2\/product_tag?post=7592"}],"curies":[{"name":"wp","href":"https:\/\/api.w.org\/{rel}","templated":true}]}}