{"id":7636,"date":"2023-05-30T15:34:25","date_gmt":"2023-05-30T14:34:25","guid":{"rendered":"https:\/\/tremunpiercing.com\/?post_type=product&#038;p=7636"},"modified":"2026-03-31T15:34:50","modified_gmt":"2026-03-31T14:34:50","slug":"obelisk-pendant","status":"publish","type":"product","link":"https:\/\/tremunpiercing.com\/sl\/product\/obelisk-pendant\/","title":{"rendered":"Obesek Obelisk"},"content":{"rendered":"<p>Obesek Obelisk je elegantna in geometrijsko navdihnjena kapljica, zasnovana iz titana za vsadke (F-136) in z notranjim navojem za uporabniku prijazno mo\u017enost. Obesek je velik 11 mm (skupna velikost 14 mm) in ima premer 16G, zato prina\u0161a moderno, strukturirano obliko.<\/p>\n<p>Obelisk dopolnjuje prozoren dragulj iz kubi\u010dnega cirkonija, ki doda prefinjen pridih iskrivosti. Ta obesek je kot nala\u0161\u010d za zaceljene piercinge, vklju\u010dno z lobusom, hrustancem, tragusom ali katerim koli industrijskim kosom palice, \u010de je v paru s pravilno strojno opremo. Material iz titana zagotavlja biokompatibilnost in ustvarja mir glede dra\u017eenja pri no\u0161enju, zaradi polirane povr\u0161ine pa je to nakit, pripravljen za studio, ki bo va\u0161im strankam v\u0161e\u010d tako zaradi sloga kot udobja. Tako trgovci na drobno kot trgovci na debelo bodo u\u017eivali v vsestranskosti vti\u010dnika za vsak slog z visokokakovostno izdelavo.<\/p>","protected":false},"excerpt":{"rendered":"<ul>\n<li>Z notranjim navojem<\/li>\n<li>Material: Titanium F-136<\/li>\n<li>Merilnik: 16G<\/li>\n<li>Velikost: 11 mm (obesek) \/ 14 mm (celoten kos)<\/li>\n<li>dragulj: CZ<\/li>\n<\/ul>","protected":false},"featured_media":18739,"comment_status":"closed","ping_status":"closed","template":"","meta":{"_acf_changed":false},"product_brand":[],"product_cat":[340,343],"product_tag":[187,188,189,205,206,190,183,184,207],"class_list":{"0":"post-7636","1":"product","2":"type-product","3":"status-publish","4":"has-post-thumbnail","6":"product_cat-titanium-jewelry","7":"product_cat-tops-titanium-jewelry","8":"product_tag-conch","9":"product_tag-ear","10":"product_tag-helix","11":"product_tag-lobe","12":"product_tag-lobulo","13":"product_tag-oreja","14":"product_tag-perforacion","15":"product_tag-piercing","16":"product_tag-tragus","18":"first","19":"instock","20":"taxable","21":"shipping-taxable","22":"purchasable","23":"product-type-simple"},"acf":[],"gallery_images":[28581,28580],"_links":{"self":[{"href":"https:\/\/tremunpiercing.com\/sl\/wp-json\/wp\/v2\/product\/7636","targetHints":{"allow":["GET"]}}],"collection":[{"href":"https:\/\/tremunpiercing.com\/sl\/wp-json\/wp\/v2\/product"}],"about":[{"href":"https:\/\/tremunpiercing.com\/sl\/wp-json\/wp\/v2\/types\/product"}],"replies":[{"embeddable":true,"href":"https:\/\/tremunpiercing.com\/sl\/wp-json\/wp\/v2\/comments?post=7636"}],"version-history":[{"count":1,"href":"https:\/\/tremunpiercing.com\/sl\/wp-json\/wp\/v2\/product\/7636\/revisions"}],"predecessor-version":[{"id":28582,"href":"https:\/\/tremunpiercing.com\/sl\/wp-json\/wp\/v2\/product\/7636\/revisions\/28582"}],"wp:featuredmedia":[{"embeddable":true,"href":"https:\/\/tremunpiercing.com\/sl\/wp-json\/wp\/v2\/media\/18739"}],"wp:attachment":[{"href":"https:\/\/tremunpiercing.com\/sl\/wp-json\/wp\/v2\/media?parent=7636"}],"wp:term":[{"taxonomy":"product_brand","embeddable":true,"href":"https:\/\/tremunpiercing.com\/sl\/wp-json\/wp\/v2\/product_brand?post=7636"},{"taxonomy":"product_cat","embeddable":true,"href":"https:\/\/tremunpiercing.com\/sl\/wp-json\/wp\/v2\/product_cat?post=7636"},{"taxonomy":"product_tag","embeddable":true,"href":"https:\/\/tremunpiercing.com\/sl\/wp-json\/wp\/v2\/product_tag?post=7636"}],"curies":[{"name":"wp","href":"https:\/\/api.w.org\/{rel}","templated":true}]}}