{"id":7794,"date":"2023-10-12T17:00:59","date_gmt":"2023-10-12T16:00:59","guid":{"rendered":"https:\/\/tremunpiercing.com\/?post_type=product&#038;p=7794"},"modified":"2026-04-01T13:30:26","modified_gmt":"2026-04-01T12:30:26","slug":"tiffany","status":"publish","type":"product","link":"https:\/\/tremunpiercing.com\/sl\/product\/tiffany\/","title":{"rendered":"Tiffany"},"content":{"rendered":"<p>Prstan \u201cTiffany\u201d s klikerjem zdru\u017euje vrhunske materiale s prefinjenim sijajem - skovan iz titana F-136, ki je primeren za vsadke, z merilom 16G in ozkim notranjim premerom 8 mm, ga je mogo\u010de nositi na ve\u010d razli\u010dnih mestih za prebadanje: spirala, konha, lok, celo septum ali tesno prilegajo\u010de se obro\u010dke iz hrustanca. V okvir vstavljen kubi\u010dni cirkonij zagotavlja ravno prav\u0161njo koli\u010dino iskrivosti, hkrati pa je \u0161e vedno videti \u010dist in poliran. Obro\u010dek s klikerjem na te\u010dajih omogo\u010da enostavno namestitev in odstranitev, kar je pomemben dejavnik za piercing studie, ki si prizadevajo za \u010dim hitrej\u0161o menjavo nakita, tako za stiliste v studiu kot za stranke.<\/p>\n<p>Titan ASTM F-136, ki ne vsebuje niklja in je hipoalergeni, zagotavlja zaupanje pri prebadanju ob\u010dutljivih u\u0161es ali hrustanca. Kot veletrgovec ali proizvajalec boste s tem razredom obro\u010dka za kliker la\u017eje konkuren\u010dni na trgih Evrope, Zdru\u017eenega kraljestva ali ZDA, kjer potro\u0161niki i\u0161\u010dejo kakovostne materiale in elegantne modele. Nosi kliker \u201cTiffany\u201d zagotavlja mo\u017enosti za studie, ki i\u0161\u010dejo vrhunski titanov obro\u010dek s poliranim zaklju\u010dkom in kan\u010dkom bli\u0161\u010da.<\/p>","protected":false},"excerpt":{"rendered":"<ul>\n<li>Obro\u010d za kliker<\/li>\n<li>Material: Titanium F-136<\/li>\n<li>Premer: 8 mm<\/li>\n<li>Merilnik: 16G<\/li>\n<li>dragulj: Kubi\u010dni cirkonij<\/li>\n<\/ul>","protected":false},"featured_media":12777,"comment_status":"closed","ping_status":"closed","template":"","meta":{"_acf_changed":false},"product_brand":[],"product_cat":[341,340],"product_tag":[192,193,202,179,180,194,188,189,195,196,226,190,183,184,197,198],"class_list":{"0":"post-7794","1":"product","2":"type-product","3":"status-publish","4":"has-post-thumbnail","6":"product_cat-rings-titanium-jewelry","7":"product_cat-titanium-jewelry","8":"product_tag-anillo","9":"product_tag-argolla","10":"product_tag-clicker","11":"product_tag-cristal","12":"product_tag-cz","13":"product_tag-daith","14":"product_tag-ear","15":"product_tag-helix","16":"product_tag-hinged-ring","17":"product_tag-nariz","18":"product_tag-opal","19":"product_tag-oreja","20":"product_tag-perforacion","21":"product_tag-piercing","22":"product_tag-ring","23":"product_tag-septum","25":"first","26":"instock","27":"taxable","28":"shipping-taxable","29":"purchasable","30":"product-type-simple"},"acf":[],"gallery_images":[28526,28527],"_links":{"self":[{"href":"https:\/\/tremunpiercing.com\/sl\/wp-json\/wp\/v2\/product\/7794","targetHints":{"allow":["GET"]}}],"collection":[{"href":"https:\/\/tremunpiercing.com\/sl\/wp-json\/wp\/v2\/product"}],"about":[{"href":"https:\/\/tremunpiercing.com\/sl\/wp-json\/wp\/v2\/types\/product"}],"replies":[{"embeddable":true,"href":"https:\/\/tremunpiercing.com\/sl\/wp-json\/wp\/v2\/comments?post=7794"}],"version-history":[{"count":1,"href":"https:\/\/tremunpiercing.com\/sl\/wp-json\/wp\/v2\/product\/7794\/revisions"}],"predecessor-version":[{"id":28528,"href":"https:\/\/tremunpiercing.com\/sl\/wp-json\/wp\/v2\/product\/7794\/revisions\/28528"}],"wp:featuredmedia":[{"embeddable":true,"href":"https:\/\/tremunpiercing.com\/sl\/wp-json\/wp\/v2\/media\/12777"}],"wp:attachment":[{"href":"https:\/\/tremunpiercing.com\/sl\/wp-json\/wp\/v2\/media?parent=7794"}],"wp:term":[{"taxonomy":"product_brand","embeddable":true,"href":"https:\/\/tremunpiercing.com\/sl\/wp-json\/wp\/v2\/product_brand?post=7794"},{"taxonomy":"product_cat","embeddable":true,"href":"https:\/\/tremunpiercing.com\/sl\/wp-json\/wp\/v2\/product_cat?post=7794"},{"taxonomy":"product_tag","embeddable":true,"href":"https:\/\/tremunpiercing.com\/sl\/wp-json\/wp\/v2\/product_tag?post=7794"}],"curies":[{"name":"wp","href":"https:\/\/api.w.org\/{rel}","templated":true}]}}